{"id":1003305,"date":"2025-01-01T00:00:01","date_gmt":"2025-01-01T00:00:01","guid":{"rendered":"http:\/\/&#038;p=1003305"},"modified":"2026-03-24T14:15:44","modified_gmt":"2026-03-24T14:15:44","slug":"7bt2","status":"publish","type":"product","link":"https:\/\/scn.eu\/sv\/produkt\/7bt2\/","title":{"rendered":"7BT2"},"content":{"rendered":"<p>Enpolig \/ enkelriktad (SPST) termostat och kan f\u00e5s som normalt \u00f6ppen (NO) eller normalt st\u00e4ngd (NC).<\/p>\n<p>Finns f\u00f6r 30VDC och upp till 240VAC f\u00f6r resistiva laster upp till 15A.<\/p>\n<p>L\u00e4mpliga applikationer \u00e4r till exempel \u00f6vervakning av vattentemperatur, motorskydd, medicinsk utrustning och batteripaket.<\/p>\n","protected":false},"excerpt":{"rendered":"<p>Enpolig \/ enkelriktad (SPST) termostat och kan f\u00e5s som normalt \u00f6ppen (NO) eller normalt st\u00e4ngd (NC). Finns f\u00f6r 30VDC och upp till 240VAC f\u00f6r resistiva laster upp till 15A. L\u00e4mpliga applikationer \u00e4r till exempel \u00f6vervakning av vattentemperatur, motorskydd, medicinsk utrustning och batteripaket.<\/p>\n","protected":false},"featured_media":2003159,"comment_status":"closed","ping_status":"closed","template":"","meta":{"_kad_post_transparent":"default","_kad_post_title":"","_kad_post_layout":"default","_kad_post_sidebar_id":"","_kad_post_content_style":"default","_kad_post_vertical_padding":"default","_kad_post_feature":"","_kad_post_feature_position":"","_kad_post_header":false,"_kad_post_footer":false,"_kad_post_classname":""},"product_brand":[922],"product_cat":[10630,10759,10565],"product_tag":[],"product_facet":[10773],"class_list":{"0":"post-1003305","1":"product","2":"type-product","3":"status-publish","4":"has-post-thumbnail","6":"product_brand-sensata","7":"product_cat-components","8":"product_cat-products","9":"product_cat-thermostats","10":"product_facet-facet-components","12":"first","13":"instock","14":"downloadable","15":"shipping-taxable","16":"product-type-simple","17":"entry","18":"content-bg","19":"loop-entry"},"_links":{"self":[{"href":"https:\/\/scn.eu\/sv\/wp-json\/wp\/v2\/product\/1003305","targetHints":{"allow":["GET"]}}],"collection":[{"href":"https:\/\/scn.eu\/sv\/wp-json\/wp\/v2\/product"}],"about":[{"href":"https:\/\/scn.eu\/sv\/wp-json\/wp\/v2\/types\/product"}],"replies":[{"embeddable":true,"href":"https:\/\/scn.eu\/sv\/wp-json\/wp\/v2\/comments?post=1003305"}],"version-history":[{"count":1,"href":"https:\/\/scn.eu\/sv\/wp-json\/wp\/v2\/product\/1003305\/revisions"}],"predecessor-version":[{"id":8061713,"href":"https:\/\/scn.eu\/sv\/wp-json\/wp\/v2\/product\/1003305\/revisions\/8061713"}],"wp:featuredmedia":[{"embeddable":true,"href":"https:\/\/scn.eu\/sv\/wp-json\/wp\/v2\/media\/2003159"}],"wp:attachment":[{"href":"https:\/\/scn.eu\/sv\/wp-json\/wp\/v2\/media?parent=1003305"}],"wp:term":[{"taxonomy":"product_brand","embeddable":true,"href":"https:\/\/scn.eu\/sv\/wp-json\/wp\/v2\/product_brand?post=1003305"},{"taxonomy":"product_cat","embeddable":true,"href":"https:\/\/scn.eu\/sv\/wp-json\/wp\/v2\/product_cat?post=1003305"},{"taxonomy":"product_tag","embeddable":true,"href":"https:\/\/scn.eu\/sv\/wp-json\/wp\/v2\/product_tag?post=1003305"},{"taxonomy":"product_facet","embeddable":true,"href":"https:\/\/scn.eu\/sv\/wp-json\/wp\/v2\/product_facet?post=1003305"}],"curies":[{"name":"wp","href":"https:\/\/api.w.org\/{rel}","templated":true}]}}