{"id":1003301,"date":"2025-01-01T00:00:01","date_gmt":"2025-01-01T00:00:01","guid":{"rendered":"http:\/\/&#038;p=1003301"},"modified":"2026-03-20T04:01:40","modified_gmt":"2026-03-20T04:01:40","slug":"6766-19","status":"publish","type":"product","link":"https:\/\/scn.eu\/sv\/produkt\/6766-19\/","title":{"rendered":"6766-19"},"content":{"rendered":"<p>Termiska automats\u00e4kringar fr\u00e5n 35A till 150A vid 30VDC.<\/p>\n<p>V\u00e4derskyddade med manuell \u00e5terst\u00e4llning och utvecklade f\u00f6r sv\u00e5ra milj\u00f6er.<\/p>\n<p>Vanliga till\u00e4mpningar \u00e4r elektriskt skydd av tung utrustning och batterier f\u00f6r bussar, tunga lastbilar, entreprenadutrustning, marina fordon, terr\u00e4ngfordon och elhybridfordon.<\/p>\n","protected":false},"excerpt":{"rendered":"<p>Termiska automats\u00e4kringar fr\u00e5n 35A till 150A vid 30VDC. V\u00e4derskyddade med manuell \u00e5terst\u00e4llning och utvecklade f\u00f6r sv\u00e5ra milj\u00f6er. Vanliga till\u00e4mpningar \u00e4r elektriskt skydd av tung utrustning och batterier f\u00f6r bussar, tunga lastbilar, entreprenadutrustning, marina fordon, terr\u00e4ngfordon och elhybridfordon.<\/p>\n","protected":false},"featured_media":2003155,"comment_status":"closed","ping_status":"closed","template":"","meta":{"_kad_post_transparent":"default","_kad_post_title":"","_kad_post_layout":"default","_kad_post_sidebar_id":"","_kad_post_content_style":"default","_kad_post_vertical_padding":"default","_kad_post_feature":"","_kad_post_feature_position":"","_kad_post_header":false,"_kad_post_footer":false,"_kad_post_classname":""},"product_brand":[922],"product_cat":[10630,10682,10759,9205],"product_tag":[],"product_facet":[10773],"class_list":{"0":"post-1003301","1":"product","2":"type-product","3":"status-publish","4":"has-post-thumbnail","6":"product_brand-sensata","7":"product_cat-components","8":"product_cat-power-supplies","9":"product_cat-products","10":"product_cat-single-phase","11":"product_facet-facet-components","13":"first","14":"instock","15":"downloadable","16":"shipping-taxable","17":"product-type-simple","18":"entry","19":"content-bg","20":"loop-entry"},"_links":{"self":[{"href":"https:\/\/scn.eu\/sv\/wp-json\/wp\/v2\/product\/1003301","targetHints":{"allow":["GET"]}}],"collection":[{"href":"https:\/\/scn.eu\/sv\/wp-json\/wp\/v2\/product"}],"about":[{"href":"https:\/\/scn.eu\/sv\/wp-json\/wp\/v2\/types\/product"}],"replies":[{"embeddable":true,"href":"https:\/\/scn.eu\/sv\/wp-json\/wp\/v2\/comments?post=1003301"}],"version-history":[{"count":1,"href":"https:\/\/scn.eu\/sv\/wp-json\/wp\/v2\/product\/1003301\/revisions"}],"predecessor-version":[{"id":8061637,"href":"https:\/\/scn.eu\/sv\/wp-json\/wp\/v2\/product\/1003301\/revisions\/8061637"}],"wp:featuredmedia":[{"embeddable":true,"href":"https:\/\/scn.eu\/sv\/wp-json\/wp\/v2\/media\/2003155"}],"wp:attachment":[{"href":"https:\/\/scn.eu\/sv\/wp-json\/wp\/v2\/media?parent=1003301"}],"wp:term":[{"taxonomy":"product_brand","embeddable":true,"href":"https:\/\/scn.eu\/sv\/wp-json\/wp\/v2\/product_brand?post=1003301"},{"taxonomy":"product_cat","embeddable":true,"href":"https:\/\/scn.eu\/sv\/wp-json\/wp\/v2\/product_cat?post=1003301"},{"taxonomy":"product_tag","embeddable":true,"href":"https:\/\/scn.eu\/sv\/wp-json\/wp\/v2\/product_tag?post=1003301"},{"taxonomy":"product_facet","embeddable":true,"href":"https:\/\/scn.eu\/sv\/wp-json\/wp\/v2\/product_facet?post=1003301"}],"curies":[{"name":"wp","href":"https:\/\/api.w.org\/{rel}","templated":true}]}}