{"id":1003297,"date":"2025-01-01T00:00:01","date_gmt":"2025-01-01T00:00:01","guid":{"rendered":"http:\/\/&#038;p=1003297"},"modified":"2026-03-24T14:17:17","modified_gmt":"2026-03-24T14:17:17","slug":"5bt","status":"publish","type":"product","link":"https:\/\/scn.eu\/sv\/produkt\/5bt\/","title":{"rendered":"5BT"},"content":{"rendered":"<p>Enpolig\/dubbelriktad kontakt med omkopplingskontakt (SPDT).<\/p>\n<p>Finns i en rad fasta temperaturomr\u00e5den fr\u00e5n -54\u00b0C till 204\u00b0C.<\/p>\n<p>Extremt motst\u00e5ndskraftig mot st\u00f6tar och vibrationer.<\/p>\n<p>Finns f\u00f6r 30VDC, 30VAC och 125VAC och resistiva laster upp till 3A.<\/p>\n<p>Hermetiskt vakuumf\u00f6rseglade och fyllda med kv\u00e4ve.<\/p>\n<p>Finns i en m\u00e4ngd olika utf\u00f6randen f\u00f6r \u00f6nskad montering.<\/p>\n<p>Kompakt storlek fr\u00e5n \u00d816,3mm och vikt fr\u00e5n 6 gram.<\/p>\n<p>Kvalificerade enligt MIL-PRF-24236\/24 och MIL-STD-202.<\/p>\n<p>Vanliga applikationer kan vara temperaturreglering av vatten, motorskydd, medicinsk utrustning och batteripaket.<\/p>\n","protected":false},"excerpt":{"rendered":"<p>Enpolig\/dubbelriktad kontakt med omkopplingskontakt (SPDT). Finns i en rad fasta temperaturomr\u00e5den fr\u00e5n -54\u00b0C till 204\u00b0C. Extremt motst\u00e5ndskraftig mot st\u00f6tar och vibrationer. Finns f\u00f6r 30VDC, 30VAC och 125VAC och resistiva laster upp till 3A. Hermetiskt vakuumf\u00f6rseglade och fyllda med kv\u00e4ve. Finns i en m\u00e4ngd olika utf\u00f6randen f\u00f6r \u00f6nskad montering. Kompakt storlek fr\u00e5n \u00d816,3mm och vikt fr\u00e5n&#8230;<\/p>\n","protected":false},"featured_media":2003151,"comment_status":"closed","ping_status":"closed","template":"","meta":{"_kad_post_transparent":"default","_kad_post_title":"","_kad_post_layout":"default","_kad_post_sidebar_id":"","_kad_post_content_style":"default","_kad_post_vertical_padding":"default","_kad_post_feature":"","_kad_post_feature_position":"","_kad_post_header":false,"_kad_post_footer":false,"_kad_post_classname":""},"product_brand":[922],"product_cat":[10630,10759,10565],"product_tag":[],"product_facet":[10773],"class_list":{"0":"post-1003297","1":"product","2":"type-product","3":"status-publish","4":"has-post-thumbnail","6":"product_brand-sensata","7":"product_cat-components","8":"product_cat-products","9":"product_cat-thermostats","10":"product_facet-facet-components","12":"first","13":"instock","14":"downloadable","15":"shipping-taxable","16":"product-type-simple","17":"entry","18":"content-bg","19":"loop-entry"},"_links":{"self":[{"href":"https:\/\/scn.eu\/sv\/wp-json\/wp\/v2\/product\/1003297","targetHints":{"allow":["GET"]}}],"collection":[{"href":"https:\/\/scn.eu\/sv\/wp-json\/wp\/v2\/product"}],"about":[{"href":"https:\/\/scn.eu\/sv\/wp-json\/wp\/v2\/types\/product"}],"replies":[{"embeddable":true,"href":"https:\/\/scn.eu\/sv\/wp-json\/wp\/v2\/comments?post=1003297"}],"version-history":[{"count":1,"href":"https:\/\/scn.eu\/sv\/wp-json\/wp\/v2\/product\/1003297\/revisions"}],"predecessor-version":[{"id":8061561,"href":"https:\/\/scn.eu\/sv\/wp-json\/wp\/v2\/product\/1003297\/revisions\/8061561"}],"wp:featuredmedia":[{"embeddable":true,"href":"https:\/\/scn.eu\/sv\/wp-json\/wp\/v2\/media\/2003151"}],"wp:attachment":[{"href":"https:\/\/scn.eu\/sv\/wp-json\/wp\/v2\/media?parent=1003297"}],"wp:term":[{"taxonomy":"product_brand","embeddable":true,"href":"https:\/\/scn.eu\/sv\/wp-json\/wp\/v2\/product_brand?post=1003297"},{"taxonomy":"product_cat","embeddable":true,"href":"https:\/\/scn.eu\/sv\/wp-json\/wp\/v2\/product_cat?post=1003297"},{"taxonomy":"product_tag","embeddable":true,"href":"https:\/\/scn.eu\/sv\/wp-json\/wp\/v2\/product_tag?post=1003297"},{"taxonomy":"product_facet","embeddable":true,"href":"https:\/\/scn.eu\/sv\/wp-json\/wp\/v2\/product_facet?post=1003297"}],"curies":[{"name":"wp","href":"https:\/\/api.w.org\/{rel}","templated":true}]}}