{"id":1003285,"date":"2025-01-01T00:00:01","date_gmt":"2025-01-01T00:00:01","guid":{"rendered":"http:\/\/&#038;p=1003285"},"modified":"2026-03-24T02:44:03","modified_gmt":"2026-03-24T02:44:03","slug":"15tc30","status":"publish","type":"product","link":"https:\/\/scn.eu\/sv\/produkt\/15tc30\/","title":{"rendered":"15TC30 automats\u00e4kring"},"content":{"rendered":"<p>&#8211; L\u00e5g vikt.<br \/>\n&#8211; Utan kompensering av omgivningstemperaturen.<br \/>\n&#8211; Trefas.<br \/>\n&#8211; &#8221;Trip free&#8221; design.<br \/>\n&#8211; Str\u00f6mstyrka: 20A till 50A.<br \/>\n&#8211; H\u00f6g prestanda.<br \/>\n&#8211; Typisk anv\u00e4ndning i flygplan, flygelektronik och elektroniska system.<\/p>\n<p>KLIXON\u00ae trefasbrytare i 15TC-serien har utformats f\u00f6r att uppfylla kraven p\u00e5 storlek och prestanda i den inaktiva milit\u00e4ra standarden MS90351 i intervallet 20A till 50A.<\/p>\n","protected":false},"excerpt":{"rendered":"<p>&#8211; L\u00e5g vikt. &#8211; Utan kompensering av omgivningstemperaturen. &#8211; Trefas. &#8211; &#8221;Trip free&#8221; design. &#8211; Str\u00f6mstyrka: 20A till 50A. &#8211; H\u00f6g prestanda. &#8211; Typisk anv\u00e4ndning i flygplan, flygelektronik och elektroniska system. KLIXON\u00ae trefasbrytare i 15TC-serien har utformats f\u00f6r att uppfylla kraven p\u00e5 storlek och prestanda i den inaktiva milit\u00e4ra standarden MS90351 i intervallet 20A till&#8230;<\/p>\n","protected":false},"featured_media":2003139,"comment_status":"closed","ping_status":"closed","template":"","meta":{"_kad_post_transparent":"default","_kad_post_title":"","_kad_post_layout":"default","_kad_post_sidebar_id":"","_kad_post_content_style":"default","_kad_post_vertical_padding":"default","_kad_post_feature":"","_kad_post_feature_position":"","_kad_post_header":false,"_kad_post_footer":false,"_kad_post_classname":""},"product_brand":[922],"product_cat":[417],"product_tag":[],"product_facet":[],"class_list":{"0":"post-1003285","1":"product","2":"type-product","3":"status-publish","4":"has-post-thumbnail","6":"product_brand-sensata","7":"product_cat-okategoriserad","9":"first","10":"instock","11":"downloadable","12":"shipping-taxable","13":"product-type-simple","14":"entry","15":"content-bg","16":"loop-entry"},"_links":{"self":[{"href":"https:\/\/scn.eu\/sv\/wp-json\/wp\/v2\/product\/1003285","targetHints":{"allow":["GET"]}}],"collection":[{"href":"https:\/\/scn.eu\/sv\/wp-json\/wp\/v2\/product"}],"about":[{"href":"https:\/\/scn.eu\/sv\/wp-json\/wp\/v2\/types\/product"}],"replies":[{"embeddable":true,"href":"https:\/\/scn.eu\/sv\/wp-json\/wp\/v2\/comments?post=1003285"}],"version-history":[{"count":1,"href":"https:\/\/scn.eu\/sv\/wp-json\/wp\/v2\/product\/1003285\/revisions"}],"predecessor-version":[{"id":8061333,"href":"https:\/\/scn.eu\/sv\/wp-json\/wp\/v2\/product\/1003285\/revisions\/8061333"}],"wp:featuredmedia":[{"embeddable":true,"href":"https:\/\/scn.eu\/sv\/wp-json\/wp\/v2\/media\/2003139"}],"wp:attachment":[{"href":"https:\/\/scn.eu\/sv\/wp-json\/wp\/v2\/media?parent=1003285"}],"wp:term":[{"taxonomy":"product_brand","embeddable":true,"href":"https:\/\/scn.eu\/sv\/wp-json\/wp\/v2\/product_brand?post=1003285"},{"taxonomy":"product_cat","embeddable":true,"href":"https:\/\/scn.eu\/sv\/wp-json\/wp\/v2\/product_cat?post=1003285"},{"taxonomy":"product_tag","embeddable":true,"href":"https:\/\/scn.eu\/sv\/wp-json\/wp\/v2\/product_tag?post=1003285"},{"taxonomy":"product_facet","embeddable":true,"href":"https:\/\/scn.eu\/sv\/wp-json\/wp\/v2\/product_facet?post=1003285"}],"curies":[{"name":"wp","href":"https:\/\/api.w.org\/{rel}","templated":true}]}}