{"id":1003281,"date":"2025-01-01T00:00:01","date_gmt":"2025-01-01T00:00:01","guid":{"rendered":"http:\/\/&#038;p=1003281"},"modified":"2026-03-20T04:00:08","modified_gmt":"2026-03-20T04:00:08","slug":"xp","status":"publish","type":"product","link":"https:\/\/scn.eu\/sv\/produkt\/xp\/","title":{"rendered":"XP Tryckgivare. Med m\u00f6jligt tillval, tryckvakt"},"content":{"rendered":"<p>Precision Sensors XP Series Transducers \u00e4r utformade f\u00f6r kr\u00e4vande flyg- och rymdtill\u00e4mpningar som omfattar \u00f6vervakning eller styrning av vingklaffar, bromssystem, &#8221;thrust reversers&#8221; och landningsst\u00e4ll. <\/p>\n<p>XP-seriens svetsade konstruktion i helt rostfritt st\u00e5l eliminerar t\u00e4tningar och potentiella l\u00e4ckagev\u00e4gar. <\/p>\n<p>Dessutom \u00e4r konstruktionen l\u00e4mplig f\u00f6r flams\u00e4kra krav. <\/p>\n<p>Polysilikon-sensorteknik ger den h\u00f6gsta niv\u00e5n av dielektrisk styrka f\u00f6r f\u00f6rb\u00e4ttrad elektronisk isolering. <\/p>\n<p>XP-seriens givare finns tillg\u00e4ngliga med en valfri fabriksinst\u00e4lld elektroniskt isolerad switchutg\u00e5ng.<\/p>\n<p>Typiska till\u00e4mpningar \u00e4r bland annat hydrauliska system, bromssystem, &#8221;thrust reversers&#8221; och landningsst\u00e4ll..<\/p>\n<p>Funktioner:<br \/>\nRTCA DO-160-kvalificerade<br \/>\nLivsl\u00e4ngd p\u00e5 5 miljoner cykler<br \/>\nKonstruktion i rostfritt st\u00e5l Kompatibel med alla hydrauliska v\u00e4tskor.<br \/>\nInga interna t\u00e4tningar<\/p>\n<p>Specifikationer:<\/p>\n<p>Tryckintervall:<br \/>\nTryck: 0-50, 0-100, 0-300, 0-2500 och 0-5000 PSIG.<\/p>\n<p>Utsignal:<br \/>\n0,5&#8230;5,5,5 VDC full skala, andra finns tillg\u00e4ngliga.<\/p>\n<p>Noggrannhet:<br \/>\n\u00b11% Totalt f\u00f6r m\u00e4tomr\u00e5det<br \/>\n-20\u00b0C&#8230;+85\u00b0C<\/p>\n<p>\u00b11.5%<br \/>\n-40&#8230;+120\u00b0C<\/p>\n<p>Drifttemperaturomr\u00e5de:<br \/>\n-55&#8230;+85\u00b0C<\/p>\n","protected":false},"excerpt":{"rendered":"<p>Precision Sensors XP Series Transducers \u00e4r utformade f\u00f6r kr\u00e4vande flyg- och rymdtill\u00e4mpningar som omfattar \u00f6vervakning eller styrning av vingklaffar, bromssystem, &#8221;thrust reversers&#8221; och landningsst\u00e4ll. XP-seriens svetsade konstruktion i helt rostfritt st\u00e5l eliminerar t\u00e4tningar och potentiella l\u00e4ckagev\u00e4gar. Dessutom \u00e4r konstruktionen l\u00e4mplig f\u00f6r flams\u00e4kra krav. Polysilikon-sensorteknik ger den h\u00f6gsta niv\u00e5n av dielektrisk styrka f\u00f6r f\u00f6rb\u00e4ttrad elektronisk isolering&#8230;.<\/p>\n","protected":false},"featured_media":2003135,"comment_status":"closed","ping_status":"closed","template":"","meta":{"_kad_post_transparent":"default","_kad_post_title":"","_kad_post_layout":"default","_kad_post_sidebar_id":"","_kad_post_content_style":"default","_kad_post_vertical_padding":"default","_kad_post_feature":"","_kad_post_feature_position":"","_kad_post_header":false,"_kad_post_footer":false,"_kad_post_classname":""},"product_brand":[979],"product_cat":[8948,10759,10719],"product_tag":[],"product_facet":[10781],"class_list":{"0":"post-1003281","1":"product","2":"type-product","3":"status-publish","4":"has-post-thumbnail","6":"product_brand-uec-precision-sensors","7":"product_cat-pressure-sensors","8":"product_cat-products","9":"product_cat-sensors","10":"product_facet-facet-sensors","12":"first","13":"instock","14":"downloadable","15":"shipping-taxable","16":"product-type-simple","17":"entry","18":"content-bg","19":"loop-entry"},"_links":{"self":[{"href":"https:\/\/scn.eu\/sv\/wp-json\/wp\/v2\/product\/1003281","targetHints":{"allow":["GET"]}}],"collection":[{"href":"https:\/\/scn.eu\/sv\/wp-json\/wp\/v2\/product"}],"about":[{"href":"https:\/\/scn.eu\/sv\/wp-json\/wp\/v2\/types\/product"}],"replies":[{"embeddable":true,"href":"https:\/\/scn.eu\/sv\/wp-json\/wp\/v2\/comments?post=1003281"}],"version-history":[{"count":1,"href":"https:\/\/scn.eu\/sv\/wp-json\/wp\/v2\/product\/1003281\/revisions"}],"predecessor-version":[{"id":8061257,"href":"https:\/\/scn.eu\/sv\/wp-json\/wp\/v2\/product\/1003281\/revisions\/8061257"}],"wp:featuredmedia":[{"embeddable":true,"href":"https:\/\/scn.eu\/sv\/wp-json\/wp\/v2\/media\/2003135"}],"wp:attachment":[{"href":"https:\/\/scn.eu\/sv\/wp-json\/wp\/v2\/media?parent=1003281"}],"wp:term":[{"taxonomy":"product_brand","embeddable":true,"href":"https:\/\/scn.eu\/sv\/wp-json\/wp\/v2\/product_brand?post=1003281"},{"taxonomy":"product_cat","embeddable":true,"href":"https:\/\/scn.eu\/sv\/wp-json\/wp\/v2\/product_cat?post=1003281"},{"taxonomy":"product_tag","embeddable":true,"href":"https:\/\/scn.eu\/sv\/wp-json\/wp\/v2\/product_tag?post=1003281"},{"taxonomy":"product_facet","embeddable":true,"href":"https:\/\/scn.eu\/sv\/wp-json\/wp\/v2\/product_facet?post=1003281"}],"curies":[{"name":"wp","href":"https:\/\/api.w.org\/{rel}","templated":true}]}}