{"id":1003279,"date":"2025-01-01T00:00:01","date_gmt":"2025-01-01T00:00:01","guid":{"rendered":"http:\/\/&#038;p=1003279"},"modified":"2026-03-20T04:00:00","modified_gmt":"2026-03-20T04:00:00","slug":"wseries","status":"publish","type":"product","link":"https:\/\/scn.eu\/sv\/produkt\/wseries\/","title":{"rendered":"W Serien &#8211; Tryckvakter"},"content":{"rendered":"<p>Specifikationer<\/p>\n<p>KALIBRERING<br \/>\nAlla modeller \u00e4r fabriksinst\u00e4llda och kan inte st\u00e4llas in efter\u00e5t.<\/p>\n<p>KONSTRUKTION<br \/>\nElektronstr\u00e5lesvetsad membransensor.<br \/>\nNegativt belastad &#8221;Snap Action&#8221; med Belleville fj\u00e4der.<\/p>\n<p>MATERIAL<br \/>\nV\u00e5ta delar \u00e4r VIM &#8211; VAR 316L rostfritt st\u00e5l; Andra material finns som tillval.<\/p>\n<p>L\u00c4CKAGE<br \/>\n100 % heliuml\u00e4ckagetestad.<\/p>\n<p>YTFINISH<br \/>\n10 Ra standard, 5 Ra tillval.<\/p>\n<p>TEMPERATUR<br \/>\nDrift: -17\u00b0 till 54\u00b0C<br \/>\nEj i drift: -40 till 82\u00b0C<br \/>\nVarianter f\u00f6r h\u00f6gre temperatur finns tillg\u00e4ngliga.<\/p>\n<p>ELEKTRISK<br \/>\nAlla enheter anv\u00e4nder en UL-godk\u00e4nd och CSA-listad elektrisk str\u00f6mbrytare.<br \/>\nGuldkontakter: 1 A resistiv, 0,5 A induktiv @ 28 VDC<br \/>\nSilverkontakter: 5 A resistiv, 3 A induktiv @ 28 VDC, 5 A resistiv @ 250 VAC; f\u00f6rutom E-enheter som \u00e4r 3 A @28 VDC<\/p>\n<p>Kapsling<br \/>\nEnheter av P- och PV-typ ventileras till omgivningsf\u00f6rh\u00e5llanden f\u00f6r att k\u00e4nna av referenstryck (omgivningstryck).<br \/>\nEnheter av E-typ har hermetiskt slutna kontakter, ett fast referenstryck och en sekund\u00e4r t\u00e4tning.<\/p>\n<p>INSTALLATION<br \/>\nOk\u00e4nslig f\u00f6r montering i olika riktningar.<\/p>\n<p>MINIMUM DRIFT<br \/>\nUpp till 1 000 000 cykler beroende p\u00e5 variant och till\u00e4mpning.<\/p>\n","protected":false},"excerpt":{"rendered":"<p>Specifikationer KALIBRERING Alla modeller \u00e4r fabriksinst\u00e4llda och kan inte st\u00e4llas in efter\u00e5t. KONSTRUKTION Elektronstr\u00e5lesvetsad membransensor. Negativt belastad &#8221;Snap Action&#8221; med Belleville fj\u00e4der. MATERIAL V\u00e5ta delar \u00e4r VIM &#8211; VAR 316L rostfritt st\u00e5l; Andra material finns som tillval. L\u00c4CKAGE 100 % heliuml\u00e4ckagetestad. YTFINISH 10 Ra standard, 5 Ra tillval. TEMPERATUR Drift: -17\u00b0 till 54\u00b0C Ej i&#8230;<\/p>\n","protected":false},"featured_media":2003133,"comment_status":"closed","ping_status":"closed","template":"","meta":{"_kad_post_transparent":"default","_kad_post_title":"","_kad_post_layout":"default","_kad_post_sidebar_id":"","_kad_post_content_style":"default","_kad_post_vertical_padding":"default","_kad_post_feature":"","_kad_post_feature_position":"","_kad_post_header":false,"_kad_post_footer":false,"_kad_post_classname":""},"product_brand":[979],"product_cat":[8948,10759,10719],"product_tag":[],"product_facet":[10781],"class_list":{"0":"post-1003279","1":"product","2":"type-product","3":"status-publish","4":"has-post-thumbnail","6":"product_brand-uec-precision-sensors","7":"product_cat-pressure-sensors","8":"product_cat-products","9":"product_cat-sensors","10":"product_facet-facet-sensors","12":"first","13":"instock","14":"downloadable","15":"shipping-taxable","16":"product-type-simple","17":"entry","18":"content-bg","19":"loop-entry"},"_links":{"self":[{"href":"https:\/\/scn.eu\/sv\/wp-json\/wp\/v2\/product\/1003279","targetHints":{"allow":["GET"]}}],"collection":[{"href":"https:\/\/scn.eu\/sv\/wp-json\/wp\/v2\/product"}],"about":[{"href":"https:\/\/scn.eu\/sv\/wp-json\/wp\/v2\/types\/product"}],"replies":[{"embeddable":true,"href":"https:\/\/scn.eu\/sv\/wp-json\/wp\/v2\/comments?post=1003279"}],"version-history":[{"count":1,"href":"https:\/\/scn.eu\/sv\/wp-json\/wp\/v2\/product\/1003279\/revisions"}],"predecessor-version":[{"id":8061222,"href":"https:\/\/scn.eu\/sv\/wp-json\/wp\/v2\/product\/1003279\/revisions\/8061222"}],"wp:featuredmedia":[{"embeddable":true,"href":"https:\/\/scn.eu\/sv\/wp-json\/wp\/v2\/media\/2003133"}],"wp:attachment":[{"href":"https:\/\/scn.eu\/sv\/wp-json\/wp\/v2\/media?parent=1003279"}],"wp:term":[{"taxonomy":"product_brand","embeddable":true,"href":"https:\/\/scn.eu\/sv\/wp-json\/wp\/v2\/product_brand?post=1003279"},{"taxonomy":"product_cat","embeddable":true,"href":"https:\/\/scn.eu\/sv\/wp-json\/wp\/v2\/product_cat?post=1003279"},{"taxonomy":"product_tag","embeddable":true,"href":"https:\/\/scn.eu\/sv\/wp-json\/wp\/v2\/product_tag?post=1003279"},{"taxonomy":"product_facet","embeddable":true,"href":"https:\/\/scn.eu\/sv\/wp-json\/wp\/v2\/product_facet?post=1003279"}],"curies":[{"name":"wp","href":"https:\/\/api.w.org\/{rel}","templated":true}]}}