{"id":1003254,"date":"2025-01-01T00:00:01","date_gmt":"2025-01-01T00:00:01","guid":{"rendered":"http:\/\/&#038;p=1003254"},"modified":"2026-03-20T03:58:32","modified_gmt":"2026-03-20T03:58:32","slug":"px500","status":"publish","type":"product","link":"https:\/\/scn.eu\/sv\/produkt\/px500\/","title":{"rendered":"PX500 Tryckgivare"},"content":{"rendered":"<p>Sensata s\u00e4ljer fler trycksensorer \u00e4n n\u00e5got annat f\u00f6retag i v\u00e4rlden.<br \/>\nDecennier av erfarenhet g\u00f6r det m\u00f6jligt f\u00f6r Sensata att utveckla och tillverka produkter internt, vilket minskar kostnaderna f\u00f6r kunden och s\u00e4kerst\u00e4ller att strikta kvalitets- och tillf\u00f6rlitlighetsnormer uppfylls. <\/p>\n<p>AMP-serien (Agile Modular Pressure) f\u00f6rb\u00e4ttrar detta genom att erbjuda en f\u00e4rdig l\u00f6sning f\u00f6r alla unika trycktill\u00e4mpningar. <\/p>\n<p>Sensatas tryckgivare \u00e4r idealiska f\u00f6r kommersiella, civila och milit\u00e4ra till\u00e4mpningar.<\/p>\n<p>Funktioner:<br \/>\n&#8211; Absoluta och f\u00f6rseglade m\u00e4tkonfigurationer.<br \/>\n&#8211; Helt hermetisk, svetsad konstruktion<br \/>\n&#8211; Kvalifikationer: RTCA DO-160 och MIL-STD-810.<br \/>\n&#8211; Temperaturkompenserad prestanda med diagnostisk f\u00f6rm\u00e5ga<br \/>\n&#8211; EMC-, blixt- och ESD-skyddad<br \/>\n&#8211; Alternativ f\u00f6r en och flera kanaler.<\/p>\n<p>Till\u00e4mpningar:<br \/>\n&#8211; Motor\u00f6vervakning och -styrning<br \/>\n&#8211; Avluftning<br \/>\n&#8211; Flygkontroll<br \/>\n&#8211; Hydraulisk aktivering<br \/>\n&#8211; System f\u00f6r \u00f6vervakning av h\u00e4lsa och anv\u00e4ndning (HUMS)<br \/>\n&#8211; Luft- och klimatkontroller i hytten<br \/>\n&#8211; Landningsst\u00e4llen<br \/>\n&#8211; Bromsar<br \/>\n&#8211; Rymd och satellit<br \/>\n&#8211; APU-system och mer&#8230;<\/p>\n","protected":false},"excerpt":{"rendered":"<p>Sensata s\u00e4ljer fler trycksensorer \u00e4n n\u00e5got annat f\u00f6retag i v\u00e4rlden. Decennier av erfarenhet g\u00f6r det m\u00f6jligt f\u00f6r Sensata att utveckla och tillverka produkter internt, vilket minskar kostnaderna f\u00f6r kunden och s\u00e4kerst\u00e4ller att strikta kvalitets- och tillf\u00f6rlitlighetsnormer uppfylls. AMP-serien (Agile Modular Pressure) f\u00f6rb\u00e4ttrar detta genom att erbjuda en f\u00e4rdig l\u00f6sning f\u00f6r alla unika trycktill\u00e4mpningar. Sensatas tryckgivare&#8230;<\/p>\n","protected":false},"featured_media":2003111,"comment_status":"closed","ping_status":"closed","template":"","meta":{"_kad_post_transparent":"default","_kad_post_title":"","_kad_post_layout":"default","_kad_post_sidebar_id":"","_kad_post_content_style":"default","_kad_post_vertical_padding":"default","_kad_post_feature":"","_kad_post_feature_position":"","_kad_post_header":false,"_kad_post_footer":false,"_kad_post_classname":""},"product_brand":[922],"product_cat":[8948,10759,10719],"product_tag":[],"product_facet":[10781],"class_list":{"0":"post-1003254","1":"product","2":"type-product","3":"status-publish","4":"has-post-thumbnail","6":"product_brand-sensata","7":"product_cat-pressure-sensors","8":"product_cat-products","9":"product_cat-sensors","10":"product_facet-facet-sensors","12":"first","13":"instock","14":"downloadable","15":"shipping-taxable","16":"product-type-simple","17":"entry","18":"content-bg","19":"loop-entry"},"_links":{"self":[{"href":"https:\/\/scn.eu\/sv\/wp-json\/wp\/v2\/product\/1003254","targetHints":{"allow":["GET"]}}],"collection":[{"href":"https:\/\/scn.eu\/sv\/wp-json\/wp\/v2\/product"}],"about":[{"href":"https:\/\/scn.eu\/sv\/wp-json\/wp\/v2\/types\/product"}],"replies":[{"embeddable":true,"href":"https:\/\/scn.eu\/sv\/wp-json\/wp\/v2\/comments?post=1003254"}],"version-history":[{"count":1,"href":"https:\/\/scn.eu\/sv\/wp-json\/wp\/v2\/product\/1003254\/revisions"}],"predecessor-version":[{"id":8060894,"href":"https:\/\/scn.eu\/sv\/wp-json\/wp\/v2\/product\/1003254\/revisions\/8060894"}],"wp:featuredmedia":[{"embeddable":true,"href":"https:\/\/scn.eu\/sv\/wp-json\/wp\/v2\/media\/2003111"}],"wp:attachment":[{"href":"https:\/\/scn.eu\/sv\/wp-json\/wp\/v2\/media?parent=1003254"}],"wp:term":[{"taxonomy":"product_brand","embeddable":true,"href":"https:\/\/scn.eu\/sv\/wp-json\/wp\/v2\/product_brand?post=1003254"},{"taxonomy":"product_cat","embeddable":true,"href":"https:\/\/scn.eu\/sv\/wp-json\/wp\/v2\/product_cat?post=1003254"},{"taxonomy":"product_tag","embeddable":true,"href":"https:\/\/scn.eu\/sv\/wp-json\/wp\/v2\/product_tag?post=1003254"},{"taxonomy":"product_facet","embeddable":true,"href":"https:\/\/scn.eu\/sv\/wp-json\/wp\/v2\/product_facet?post=1003254"}],"curies":[{"name":"wp","href":"https:\/\/api.w.org\/{rel}","templated":true}]}}