{"id":1003240,"date":"2025-01-01T00:00:01","date_gmt":"2025-01-01T00:00:01","guid":{"rendered":"http:\/\/&#038;p=1003240"},"modified":"2026-03-20T03:58:12","modified_gmt":"2026-03-20T03:58:12","slug":"p6x","status":"publish","type":"product","link":"https:\/\/scn.eu\/sv\/produkt\/p6x\/","title":{"rendered":"P6X Tryckvakt, inst\u00e4llningar fr\u00e5n 1000 till 5000 psig"},"content":{"rendered":"<p>P6X-seriens halvledaromkopplare ger \u00f6verl\u00e4gsen noggrannhet och prestanda \u00f6ver temperatur och h\u00f6g cyklisk livsl\u00e4ngd. <\/p>\n<p>Denna serie erbjuder h\u00f6g dielektrisk t\u00e5lighet, flams\u00e4ker svetsad konstruktion i rostfritt st\u00e5l och kundspecificerade fabriksinst\u00e4llda brytpunkter. <\/p>\n<p>P6X med SSR-teknik har inga r\u00f6rliga delar eller interna t\u00e4tningar som kan f\u00f6rs\u00e4mras eller orsaka l\u00e4ckage. <\/p>\n<p>Utformad f\u00f6r att anv\u00e4ndas i flyg- och rymdsystem som \u00f6vervakar eller styr vingklaffar, bromssystem, bromsklaffar och landningsst\u00e4llsman\u00f6verdon.<\/p>\n<p>Funktioner:<br \/>\nLivsl\u00e4ngd p\u00e5 5 miljoner cykler<br \/>\nKonstruktion i rostfritt st\u00e5l<br \/>\nKompatibel med alla hydrauliska v\u00e4tskor.<br \/>\nInga interna t\u00e4tningar som kan orsaka l\u00e4ckage<\/p>\n<p>M\u00e4tomr\u00e5de:<br \/>\n1000 till 5000 PSIG<\/p>\n<p>Noggrannhet:<br \/>\n\u00b1 50 PSIG<br \/>\n-20&#8230;+85\u00b0C<\/p>\n<p>\u00b1 75 PSIG<br \/>\n-40&#8230;+120\u00b0C<\/p>\n<p>Drifttemperaturomr\u00e5de:<br \/>\n-55&#8230;+85\u00b0C<\/p>\n","protected":false},"excerpt":{"rendered":"<p>P6X-seriens halvledaromkopplare ger \u00f6verl\u00e4gsen noggrannhet och prestanda \u00f6ver temperatur och h\u00f6g cyklisk livsl\u00e4ngd. Denna serie erbjuder h\u00f6g dielektrisk t\u00e5lighet, flams\u00e4ker svetsad konstruktion i rostfritt st\u00e5l och kundspecificerade fabriksinst\u00e4llda brytpunkter. P6X med SSR-teknik har inga r\u00f6rliga delar eller interna t\u00e4tningar som kan f\u00f6rs\u00e4mras eller orsaka l\u00e4ckage. Utformad f\u00f6r att anv\u00e4ndas i flyg- och rymdsystem som \u00f6vervakar&#8230;<\/p>\n","protected":false},"featured_media":2003099,"comment_status":"closed","ping_status":"closed","template":"","meta":{"_kad_post_transparent":"default","_kad_post_title":"","_kad_post_layout":"default","_kad_post_sidebar_id":"","_kad_post_content_style":"default","_kad_post_vertical_padding":"default","_kad_post_feature":"","_kad_post_feature_position":"","_kad_post_header":false,"_kad_post_footer":false,"_kad_post_classname":""},"product_brand":[979],"product_cat":[8948,10759,10719],"product_tag":[],"product_facet":[10781],"class_list":{"0":"post-1003240","1":"product","2":"type-product","3":"status-publish","4":"has-post-thumbnail","6":"product_brand-uec-precision-sensors","7":"product_cat-pressure-sensors","8":"product_cat-products","9":"product_cat-sensors","10":"product_facet-facet-sensors","12":"first","13":"instock","14":"downloadable","15":"shipping-taxable","16":"product-type-simple","17":"entry","18":"content-bg","19":"loop-entry"},"_links":{"self":[{"href":"https:\/\/scn.eu\/sv\/wp-json\/wp\/v2\/product\/1003240","targetHints":{"allow":["GET"]}}],"collection":[{"href":"https:\/\/scn.eu\/sv\/wp-json\/wp\/v2\/product"}],"about":[{"href":"https:\/\/scn.eu\/sv\/wp-json\/wp\/v2\/types\/product"}],"replies":[{"embeddable":true,"href":"https:\/\/scn.eu\/sv\/wp-json\/wp\/v2\/comments?post=1003240"}],"version-history":[{"count":1,"href":"https:\/\/scn.eu\/sv\/wp-json\/wp\/v2\/product\/1003240\/revisions"}],"predecessor-version":[{"id":8060835,"href":"https:\/\/scn.eu\/sv\/wp-json\/wp\/v2\/product\/1003240\/revisions\/8060835"}],"wp:featuredmedia":[{"embeddable":true,"href":"https:\/\/scn.eu\/sv\/wp-json\/wp\/v2\/media\/2003099"}],"wp:attachment":[{"href":"https:\/\/scn.eu\/sv\/wp-json\/wp\/v2\/media?parent=1003240"}],"wp:term":[{"taxonomy":"product_brand","embeddable":true,"href":"https:\/\/scn.eu\/sv\/wp-json\/wp\/v2\/product_brand?post=1003240"},{"taxonomy":"product_cat","embeddable":true,"href":"https:\/\/scn.eu\/sv\/wp-json\/wp\/v2\/product_cat?post=1003240"},{"taxonomy":"product_tag","embeddable":true,"href":"https:\/\/scn.eu\/sv\/wp-json\/wp\/v2\/product_tag?post=1003240"},{"taxonomy":"product_facet","embeddable":true,"href":"https:\/\/scn.eu\/sv\/wp-json\/wp\/v2\/product_facet?post=1003240"}],"curies":[{"name":"wp","href":"https:\/\/api.w.org\/{rel}","templated":true}]}}