{"id":1003229,"date":"2025-01-01T00:00:01","date_gmt":"2025-01-01T00:00:01","guid":{"rendered":"http:\/\/&#038;p=1003229"},"modified":"2026-03-24T08:19:54","modified_gmt":"2026-03-24T08:19:54","slug":"l16h","status":"publish","type":"product","link":"https:\/\/scn.eu\/sv\/produkt\/l16h\/","title":{"rendered":"L16H Niv\u00e5givare f\u00f6r v\u00e4tska"},"content":{"rendered":"<p>Specifications<\/p>\n<p>Media<br \/>\nLiquid<\/p>\n<p>Type<br \/>\nFactory Set<\/p>\n<p>Sensor Type<br \/>\nMagnetic<\/p>\n<p>Actuation Value<br \/>\nVaries With Fluid<\/p>\n<p>Proof Pressure<br \/>\n5000 PSIG<\/p>\n<p>Operating Temp. Range<br \/>\n-65\u00b0 F to 160\u00b0 F<\/p>\n<p>Wetted Materials<br \/>\nAl, Stainless, Nylon<\/p>\n<p>Mounting Style<br \/>\nSide Mount<br \/>\nMS Bulkhead Thread Types: Straight, Bolted, Flange<\/p>\n<p>Electrical Connections<br \/>\nConnectors<br \/>\nFree Leads<\/p>\n<p>Electrical Rating<br \/>\n0.5 Amps or 10 Watts @ 28 VDC<\/p>\n<p>Typical Weight<br \/>\n0.2 lbs<\/p>\n<p>Qualification<br \/>\nConsult Factory<\/p>\n<p>Warranty<br \/>\n18 Months<\/p>\n<p>Options<br \/>\nHigh Pressure<\/p>\n","protected":false},"excerpt":{"rendered":"<p>Specifications Media Liquid Type Factory Set Sensor Type Magnetic Actuation Value Varies With Fluid Proof Pressure 5000 PSIG Operating Temp. Range -65\u00b0 F to 160\u00b0 F Wetted Materials Al, Stainless, Nylon Mounting Style Side Mount MS Bulkhead Thread Types: Straight, Bolted, Flange Electrical Connections Connectors Free Leads Electrical Rating 0.5 Amps or 10 Watts @&#8230;<\/p>\n","protected":false},"featured_media":2003088,"comment_status":"closed","ping_status":"closed","template":"","meta":{"_kad_post_transparent":"default","_kad_post_title":"","_kad_post_layout":"default","_kad_post_sidebar_id":"","_kad_post_content_style":"default","_kad_post_vertical_padding":"default","_kad_post_feature":"","_kad_post_feature_position":"","_kad_post_header":false,"_kad_post_footer":false,"_kad_post_classname":""},"product_brand":[979],"product_cat":[8943,10759,10719],"product_tag":[],"product_facet":[10781],"class_list":{"0":"post-1003229","1":"product","2":"type-product","3":"status-publish","4":"has-post-thumbnail","6":"product_brand-uec-precision-sensors","7":"product_cat-level-sensors","8":"product_cat-products","9":"product_cat-sensors","10":"product_facet-facet-sensors","12":"first","13":"instock","14":"downloadable","15":"shipping-taxable","16":"product-type-simple","17":"entry","18":"content-bg","19":"loop-entry"},"_links":{"self":[{"href":"https:\/\/scn.eu\/sv\/wp-json\/wp\/v2\/product\/1003229","targetHints":{"allow":["GET"]}}],"collection":[{"href":"https:\/\/scn.eu\/sv\/wp-json\/wp\/v2\/product"}],"about":[{"href":"https:\/\/scn.eu\/sv\/wp-json\/wp\/v2\/types\/product"}],"replies":[{"embeddable":true,"href":"https:\/\/scn.eu\/sv\/wp-json\/wp\/v2\/comments?post=1003229"}],"version-history":[{"count":2,"href":"https:\/\/scn.eu\/sv\/wp-json\/wp\/v2\/product\/1003229\/revisions"}],"predecessor-version":[{"id":8072083,"href":"https:\/\/scn.eu\/sv\/wp-json\/wp\/v2\/product\/1003229\/revisions\/8072083"}],"wp:featuredmedia":[{"embeddable":true,"href":"https:\/\/scn.eu\/sv\/wp-json\/wp\/v2\/media\/2003088"}],"wp:attachment":[{"href":"https:\/\/scn.eu\/sv\/wp-json\/wp\/v2\/media?parent=1003229"}],"wp:term":[{"taxonomy":"product_brand","embeddable":true,"href":"https:\/\/scn.eu\/sv\/wp-json\/wp\/v2\/product_brand?post=1003229"},{"taxonomy":"product_cat","embeddable":true,"href":"https:\/\/scn.eu\/sv\/wp-json\/wp\/v2\/product_cat?post=1003229"},{"taxonomy":"product_tag","embeddable":true,"href":"https:\/\/scn.eu\/sv\/wp-json\/wp\/v2\/product_tag?post=1003229"},{"taxonomy":"product_facet","embeddable":true,"href":"https:\/\/scn.eu\/sv\/wp-json\/wp\/v2\/product_facet?post=1003229"}],"curies":[{"name":"wp","href":"https:\/\/api.w.org\/{rel}","templated":true}]}}