{"id":1003149,"date":"2025-01-01T00:00:01","date_gmt":"2025-01-01T00:00:01","guid":{"rendered":"http:\/\/&#038;p=1003149"},"modified":"2026-03-20T03:53:16","modified_gmt":"2026-03-20T03:53:16","slug":"fxff003","status":"publish","type":"product","link":"https:\/\/scn.eu\/sv\/produkt\/fxff003\/","title":{"rendered":"Fl\u00f6desgivare med IO-LINK, FXFF003 WeFlux2"},"content":{"rendered":"<p>weFlux\u00b2 fl\u00f6desgivare m\u00e4ter samtidigt fl\u00f6deshastighet och temperaturen p\u00e5 vattenbaserade v\u00e4tskor oavsett position och fl\u00f6desriktning. F\u00f6rdelen med detta \u00e4r att antalet m\u00e4tpunkter och m\u00e5ngfalden av givare halveras, vilket ger st\u00f6rsta m\u00f6jliga flexibilitet vid installation i slutna r\u00f6rsystem. Beroende p\u00e5 applikationskrav finns antingen 2 kopplingsutg\u00e5ngar eller 1 kopplingsutg\u00e5ng och 1 analog utg\u00e5ng tillg\u00e4ngliga. Utg\u00e5ngarna kan konfigureras efter behov via IO-Link, s\u00e5 att givarna flexibelt kan anpassas till den specifika applikationen.<\/p>\n","protected":false},"excerpt":{"rendered":"<p>weFlux\u00b2 fl\u00f6desgivare m\u00e4ter samtidigt fl\u00f6deshastighet och temperaturen p\u00e5 vattenbaserade v\u00e4tskor oavsett position och fl\u00f6desriktning. F\u00f6rdelen med detta \u00e4r att antalet m\u00e4tpunkter och m\u00e5ngfalden av givare halveras, vilket ger st\u00f6rsta m\u00f6jliga flexibilitet vid installation i slutna r\u00f6rsystem. Beroende p\u00e5 applikationskrav finns antingen 2 kopplingsutg\u00e5ngar eller 1 kopplingsutg\u00e5ng och 1 analog utg\u00e5ng tillg\u00e4ngliga. Utg\u00e5ngarna kan konfigureras efter&#8230;<\/p>\n","protected":false},"featured_media":2003010,"comment_status":"closed","ping_status":"closed","template":"","meta":{"_kad_post_transparent":"default","_kad_post_title":"","_kad_post_layout":"default","_kad_post_sidebar_id":"","_kad_post_content_style":"default","_kad_post_vertical_padding":"default","_kad_post_feature":"","_kad_post_feature_position":"","_kad_post_header":false,"_kad_post_footer":false,"_kad_post_classname":""},"product_brand":[928],"product_cat":[8964,10759,10719],"product_tag":[],"product_facet":[10781],"class_list":{"0":"post-1003149","1":"product","2":"type-product","3":"status-publish","4":"has-post-thumbnail","6":"product_brand-wenglor","7":"product_cat-flow-sensors","8":"product_cat-products","9":"product_cat-sensors","10":"product_facet-facet-sensors","12":"first","13":"instock","14":"downloadable","15":"shipping-taxable","16":"product-type-simple","17":"entry","18":"content-bg","19":"loop-entry"},"_links":{"self":[{"href":"https:\/\/scn.eu\/sv\/wp-json\/wp\/v2\/product\/1003149","targetHints":{"allow":["GET"]}}],"collection":[{"href":"https:\/\/scn.eu\/sv\/wp-json\/wp\/v2\/product"}],"about":[{"href":"https:\/\/scn.eu\/sv\/wp-json\/wp\/v2\/types\/product"}],"replies":[{"embeddable":true,"href":"https:\/\/scn.eu\/sv\/wp-json\/wp\/v2\/comments?post=1003149"}],"version-history":[{"count":1,"href":"https:\/\/scn.eu\/sv\/wp-json\/wp\/v2\/product\/1003149\/revisions"}],"predecessor-version":[{"id":8059621,"href":"https:\/\/scn.eu\/sv\/wp-json\/wp\/v2\/product\/1003149\/revisions\/8059621"}],"wp:featuredmedia":[{"embeddable":true,"href":"https:\/\/scn.eu\/sv\/wp-json\/wp\/v2\/media\/2003010"}],"wp:attachment":[{"href":"https:\/\/scn.eu\/sv\/wp-json\/wp\/v2\/media?parent=1003149"}],"wp:term":[{"taxonomy":"product_brand","embeddable":true,"href":"https:\/\/scn.eu\/sv\/wp-json\/wp\/v2\/product_brand?post=1003149"},{"taxonomy":"product_cat","embeddable":true,"href":"https:\/\/scn.eu\/sv\/wp-json\/wp\/v2\/product_cat?post=1003149"},{"taxonomy":"product_tag","embeddable":true,"href":"https:\/\/scn.eu\/sv\/wp-json\/wp\/v2\/product_tag?post=1003149"},{"taxonomy":"product_facet","embeddable":true,"href":"https:\/\/scn.eu\/sv\/wp-json\/wp\/v2\/product_facet?post=1003149"}],"curies":[{"name":"wp","href":"https:\/\/api.w.org\/{rel}","templated":true}]}}