{"id":1003148,"date":"2025-01-01T00:00:01","date_gmt":"2025-01-01T00:00:01","guid":{"rendered":"http:\/\/&#038;p=1003148"},"modified":"2026-03-20T03:53:13","modified_gmt":"2026-03-20T03:53:13","slug":"fxff001","status":"publish","type":"product","link":"https:\/\/scn.eu\/sv\/produkt\/fxff001\/","title":{"rendered":"Fl\u00f6desgivare IO-Link, FXFF001"},"content":{"rendered":"<p>weFlux\u00b2 fl\u00f6desgivare m\u00e4ter samtidigt fl\u00f6deshastighet och temperatur p\u00e5 vattenbaserade v\u00e4tskor oavsett position och fl\u00f6desriktning. Den stora f\u00f6rdelen med detta \u00e4r att antalet m\u00e4tpunkter och givarmodeller halveras, vilket ger maximal flexibilitet vid installation i slutna r\u00f6rsystem. Beroende p\u00e5 applikationskraven finns det antingen 2 kopplingsutg\u00e5ngar eller 1 kopplingsutg\u00e5ng och 1 analog utg\u00e5ng tillg\u00e4ngliga. Utg\u00e5ngarna kan konfigureras efter behov via IO-Link, vilket g\u00f6r det m\u00f6jligt att flexibelt anpassa givarna till den specifika applikationen.<\/p>\n<p>Egenskaper<br \/>\n&#8211; En enda sensor f\u00f6r fl\u00f6de och temperatur<br \/>\n&#8211; FDA-godk\u00e4nd<br \/>\n&#8211; Redo f\u00f6r Industri 4.0 med IO-Link 1.1<br \/>\n&#8211; M\u00e4tning oberoende av fl\u00f6desriktning och installationsposition<\/p>\n","protected":false},"excerpt":{"rendered":"<p>weFlux\u00b2 fl\u00f6desgivare m\u00e4ter samtidigt fl\u00f6deshastighet och temperatur p\u00e5 vattenbaserade v\u00e4tskor oavsett position och fl\u00f6desriktning. Den stora f\u00f6rdelen med detta \u00e4r att antalet m\u00e4tpunkter och givarmodeller halveras, vilket ger maximal flexibilitet vid installation i slutna r\u00f6rsystem. Beroende p\u00e5 applikationskraven finns det antingen 2 kopplingsutg\u00e5ngar eller 1 kopplingsutg\u00e5ng och 1 analog utg\u00e5ng tillg\u00e4ngliga. Utg\u00e5ngarna kan konfigureras efter&#8230;<\/p>\n","protected":false},"featured_media":2003009,"comment_status":"closed","ping_status":"closed","template":"","meta":{"_kad_post_transparent":"default","_kad_post_title":"","_kad_post_layout":"default","_kad_post_sidebar_id":"","_kad_post_content_style":"default","_kad_post_vertical_padding":"default","_kad_post_feature":"","_kad_post_feature_position":"","_kad_post_header":false,"_kad_post_footer":false,"_kad_post_classname":""},"product_brand":[928],"product_cat":[8964,10759,10719],"product_tag":[],"product_facet":[10781],"class_list":{"0":"post-1003148","1":"product","2":"type-product","3":"status-publish","4":"has-post-thumbnail","6":"product_brand-wenglor","7":"product_cat-flow-sensors","8":"product_cat-products","9":"product_cat-sensors","10":"product_facet-facet-sensors","12":"first","13":"instock","14":"downloadable","15":"shipping-taxable","16":"product-type-simple","17":"entry","18":"content-bg","19":"loop-entry"},"_links":{"self":[{"href":"https:\/\/scn.eu\/sv\/wp-json\/wp\/v2\/product\/1003148","targetHints":{"allow":["GET"]}}],"collection":[{"href":"https:\/\/scn.eu\/sv\/wp-json\/wp\/v2\/product"}],"about":[{"href":"https:\/\/scn.eu\/sv\/wp-json\/wp\/v2\/types\/product"}],"replies":[{"embeddable":true,"href":"https:\/\/scn.eu\/sv\/wp-json\/wp\/v2\/comments?post=1003148"}],"version-history":[{"count":1,"href":"https:\/\/scn.eu\/sv\/wp-json\/wp\/v2\/product\/1003148\/revisions"}],"predecessor-version":[{"id":8059605,"href":"https:\/\/scn.eu\/sv\/wp-json\/wp\/v2\/product\/1003148\/revisions\/8059605"}],"wp:featuredmedia":[{"embeddable":true,"href":"https:\/\/scn.eu\/sv\/wp-json\/wp\/v2\/media\/2003009"}],"wp:attachment":[{"href":"https:\/\/scn.eu\/sv\/wp-json\/wp\/v2\/media?parent=1003148"}],"wp:term":[{"taxonomy":"product_brand","embeddable":true,"href":"https:\/\/scn.eu\/sv\/wp-json\/wp\/v2\/product_brand?post=1003148"},{"taxonomy":"product_cat","embeddable":true,"href":"https:\/\/scn.eu\/sv\/wp-json\/wp\/v2\/product_cat?post=1003148"},{"taxonomy":"product_tag","embeddable":true,"href":"https:\/\/scn.eu\/sv\/wp-json\/wp\/v2\/product_tag?post=1003148"},{"taxonomy":"product_facet","embeddable":true,"href":"https:\/\/scn.eu\/sv\/wp-json\/wp\/v2\/product_facet?post=1003148"}],"curies":[{"name":"wp","href":"https:\/\/api.w.org\/{rel}","templated":true}]}}