{"id":1003139,"date":"2025-01-01T00:00:01","date_gmt":"2025-01-01T00:00:01","guid":{"rendered":"http:\/\/&#038;p=1003139"},"modified":"2026-03-20T03:52:38","modified_gmt":"2026-03-20T03:52:38","slug":"da79s","status":"publish","type":"product","link":"https:\/\/scn.eu\/sv\/produkt\/da79s\/","title":{"rendered":"DA79S Inst\u00e4llning fr\u00e5n 2 till 30 H2O. Tryckvakt absoluttryck"},"content":{"rendered":"<p>Absoluttrycksvakt: en brytare som \u00e4r konstruerad f\u00f6r att aktiveras vid m\u00e4tpunkter som \u00e4r refererade till absolut noll.<\/p>\n<p>H\u00f6jdomkopplare: en absolut tryckvakt med aktiveringspunkter som refereras till ett avst\u00e5nd i h\u00f6jd.<\/p>\n<p>Manometertryckvakt: en brytare som \u00e4r konstruerad f\u00f6r att aktiveras vid punkter som refererar till atmosf\u00e4riskt tryck.<\/p>\n<p>Differenstryckvakt \u00e4r en brytare som k\u00e4nner av variationer i en fast skillnad mellan tv\u00e5 tryck.<\/p>\n<p>Vakuumomkopplare \u00e4r en omkopplare som \u00e4r konstruerad f\u00f6r att aktiveras vid ett tryck under omgivningstrycket (trycket i den omgivande atmosf\u00e4ren).<\/p>\n<p>Aktiveringsv\u00e4rde \u00e4r skillnaden i v\u00e4rde mellan brytpunkten vid \u00f6kande tryck och minskande tryck.<\/p>\n<p>&#8221;Proof Pressure&#8221; \u00e4r det maximala tryck som kan till\u00e4mpas utan att skada eller kalibreringsf\u00f6rskjutning uppst\u00e5r.<\/p>\n","protected":false},"excerpt":{"rendered":"<p>Absoluttrycksvakt: en brytare som \u00e4r konstruerad f\u00f6r att aktiveras vid m\u00e4tpunkter som \u00e4r refererade till absolut noll. H\u00f6jdomkopplare: en absolut tryckvakt med aktiveringspunkter som refereras till ett avst\u00e5nd i h\u00f6jd. Manometertryckvakt: en brytare som \u00e4r konstruerad f\u00f6r att aktiveras vid punkter som refererar till atmosf\u00e4riskt tryck. Differenstryckvakt \u00e4r en brytare som k\u00e4nner av variationer i&#8230;<\/p>\n","protected":false},"featured_media":2003000,"comment_status":"closed","ping_status":"closed","template":"","meta":{"_kad_post_transparent":"default","_kad_post_title":"","_kad_post_layout":"default","_kad_post_sidebar_id":"","_kad_post_content_style":"default","_kad_post_vertical_padding":"default","_kad_post_feature":"","_kad_post_feature_position":"","_kad_post_header":false,"_kad_post_footer":false,"_kad_post_classname":""},"product_brand":[979],"product_cat":[8948,10759,10719],"product_tag":[],"product_facet":[10781],"class_list":{"0":"post-1003139","1":"product","2":"type-product","3":"status-publish","4":"has-post-thumbnail","6":"product_brand-uec-precision-sensors","7":"product_cat-pressure-sensors","8":"product_cat-products","9":"product_cat-sensors","10":"product_facet-facet-sensors","12":"first","13":"instock","14":"downloadable","15":"shipping-taxable","16":"product-type-simple","17":"entry","18":"content-bg","19":"loop-entry"},"_links":{"self":[{"href":"https:\/\/scn.eu\/sv\/wp-json\/wp\/v2\/product\/1003139","targetHints":{"allow":["GET"]}}],"collection":[{"href":"https:\/\/scn.eu\/sv\/wp-json\/wp\/v2\/product"}],"about":[{"href":"https:\/\/scn.eu\/sv\/wp-json\/wp\/v2\/types\/product"}],"replies":[{"embeddable":true,"href":"https:\/\/scn.eu\/sv\/wp-json\/wp\/v2\/comments?post=1003139"}],"version-history":[{"count":1,"href":"https:\/\/scn.eu\/sv\/wp-json\/wp\/v2\/product\/1003139\/revisions"}],"predecessor-version":[{"id":8059471,"href":"https:\/\/scn.eu\/sv\/wp-json\/wp\/v2\/product\/1003139\/revisions\/8059471"}],"wp:featuredmedia":[{"embeddable":true,"href":"https:\/\/scn.eu\/sv\/wp-json\/wp\/v2\/media\/2003000"}],"wp:attachment":[{"href":"https:\/\/scn.eu\/sv\/wp-json\/wp\/v2\/media?parent=1003139"}],"wp:term":[{"taxonomy":"product_brand","embeddable":true,"href":"https:\/\/scn.eu\/sv\/wp-json\/wp\/v2\/product_brand?post=1003139"},{"taxonomy":"product_cat","embeddable":true,"href":"https:\/\/scn.eu\/sv\/wp-json\/wp\/v2\/product_cat?post=1003139"},{"taxonomy":"product_tag","embeddable":true,"href":"https:\/\/scn.eu\/sv\/wp-json\/wp\/v2\/product_tag?post=1003139"},{"taxonomy":"product_facet","embeddable":true,"href":"https:\/\/scn.eu\/sv\/wp-json\/wp\/v2\/product_facet?post=1003139"}],"curies":[{"name":"wp","href":"https:\/\/api.w.org\/{rel}","templated":true}]}}