{"id":1000082,"date":"2025-01-01T00:00:01","date_gmt":"2025-01-01T00:00:01","guid":{"rendered":"http:\/\/&#038;p=1000082"},"modified":"2026-03-19T23:57:25","modified_gmt":"2026-03-19T23:57:25","slug":"9115","status":"publish","type":"product","link":"https:\/\/scn.eu\/sv\/produkt\/9115\/","title":{"rendered":"9115"},"content":{"rendered":"<p>Termisk automats\u00e4kring med h\u00f6g precision fr\u00e5n 15A till 30A vid 30VDC.<\/p>\n<p>Denna v\u00e4derbest\u00e4ndiga automats\u00e4kring finns med manuell eller automatisk \u00e5terst\u00e4llning.<br \/>\nF\u00f6rutom ett komplett f\u00f6rseglat termiskt element har denna serie termiska brytare ingjutna anslutningsterminaler och levereras med skyddande gummikopplingar (skal).<\/p>\n<p>L\u00e4mpliga fordonstyper \u00e4r mobil milit\u00e4r- och markutrustning, inklusive lastbilar, traktorer, v\u00e4gskrapor, dumpers, tankbilar, amfibiefordon och kommersiella fordon.<\/p>\n","protected":false},"excerpt":{"rendered":"<p>Termisk automats\u00e4kring med h\u00f6g precision fr\u00e5n 15A till 30A vid 30VDC. Denna v\u00e4derbest\u00e4ndiga automats\u00e4kring finns med manuell eller automatisk \u00e5terst\u00e4llning. F\u00f6rutom ett komplett f\u00f6rseglat termiskt element har denna serie termiska brytare ingjutna anslutningsterminaler och levereras med skyddande gummikopplingar (skal). L\u00e4mpliga fordonstyper \u00e4r mobil milit\u00e4r- och markutrustning, inklusive lastbilar, traktorer, v\u00e4gskrapor, dumpers, tankbilar, amfibiefordon och kommersiella&#8230;<\/p>\n","protected":false},"featured_media":2000082,"comment_status":"closed","ping_status":"closed","template":"","meta":{"_kad_post_transparent":"default","_kad_post_title":"","_kad_post_layout":"default","_kad_post_sidebar_id":"","_kad_post_content_style":"default","_kad_post_vertical_padding":"default","_kad_post_feature":"","_kad_post_feature_position":"","_kad_post_header":false,"_kad_post_footer":false,"_kad_post_classname":""},"product_brand":[922],"product_cat":[10630,10682,10759,9205],"product_tag":[],"product_facet":[10773],"class_list":{"0":"post-1000082","1":"product","2":"type-product","3":"status-publish","4":"has-post-thumbnail","6":"product_brand-sensata","7":"product_cat-components","8":"product_cat-power-supplies","9":"product_cat-products","10":"product_cat-single-phase","11":"product_facet-facet-components","13":"first","14":"instock","15":"downloadable","16":"shipping-taxable","17":"product-type-simple","18":"entry","19":"content-bg","20":"loop-entry"},"_links":{"self":[{"href":"https:\/\/scn.eu\/sv\/wp-json\/wp\/v2\/product\/1000082","targetHints":{"allow":["GET"]}}],"collection":[{"href":"https:\/\/scn.eu\/sv\/wp-json\/wp\/v2\/product"}],"about":[{"href":"https:\/\/scn.eu\/sv\/wp-json\/wp\/v2\/types\/product"}],"replies":[{"embeddable":true,"href":"https:\/\/scn.eu\/sv\/wp-json\/wp\/v2\/comments?post=1000082"}],"version-history":[{"count":1,"href":"https:\/\/scn.eu\/sv\/wp-json\/wp\/v2\/product\/1000082\/revisions"}],"predecessor-version":[{"id":8001656,"href":"https:\/\/scn.eu\/sv\/wp-json\/wp\/v2\/product\/1000082\/revisions\/8001656"}],"wp:featuredmedia":[{"embeddable":true,"href":"https:\/\/scn.eu\/sv\/wp-json\/wp\/v2\/media\/2000082"}],"wp:attachment":[{"href":"https:\/\/scn.eu\/sv\/wp-json\/wp\/v2\/media?parent=1000082"}],"wp:term":[{"taxonomy":"product_brand","embeddable":true,"href":"https:\/\/scn.eu\/sv\/wp-json\/wp\/v2\/product_brand?post=1000082"},{"taxonomy":"product_cat","embeddable":true,"href":"https:\/\/scn.eu\/sv\/wp-json\/wp\/v2\/product_cat?post=1000082"},{"taxonomy":"product_tag","embeddable":true,"href":"https:\/\/scn.eu\/sv\/wp-json\/wp\/v2\/product_tag?post=1000082"},{"taxonomy":"product_facet","embeddable":true,"href":"https:\/\/scn.eu\/sv\/wp-json\/wp\/v2\/product_facet?post=1000082"}],"curies":[{"name":"wp","href":"https:\/\/api.w.org\/{rel}","templated":true}]}}