{"id":1000077,"date":"2025-01-01T00:00:01","date_gmt":"2025-01-01T00:00:01","guid":{"rendered":"http:\/\/&#038;p=1000077"},"modified":"2026-03-24T02:43:41","modified_gmt":"2026-03-24T02:43:41","slug":"7277","status":"publish","type":"product","link":"https:\/\/scn.eu\/sv\/produkt\/7277\/","title":{"rendered":"7277 automats\u00e4kring"},"content":{"rendered":"<p>&#8211; Miniatyrstorlek.<br \/>\n&#8211; L\u00e5g vikt.<br \/>\n&#8211; &#8221;Tripfria&#8221; de kan d\u00e4rf\u00f6r inte tvingas att ansluta, n\u00e4r de har l\u00f6st ut, innan kretsen \u00e4r s\u00e4ker igen.<br \/>\n&#8211; Str\u00f6mstyrkor (0,5 till 20 ampere).<br \/>\n&#8211; H\u00f6g vibrationsbest\u00e4ndighet.<br \/>\n&#8211; Tillval: dammskydd (del #14500-1 passar 15\/32-bussning, del.<br \/>\n #14500-5 passar till 7\/16 bussning), hj\u00e4lpbrytare, terminalbeslag, l\u00e4ngre tryckknapp.<\/p>\n<p>Klixon\u00ae 7277-serien \u00e4r utformad f\u00f6r till\u00e4mpningar som inte kr\u00e4ver de str\u00e4ngare prestandaegenskaperna och godk\u00e4nnandena som f\u00f6r v\u00e5ra milit\u00e4ra brytare. <\/p>\n<p>Ursprungligen utvecklad som ett alternativ till tr\u00f6ga s\u00e4kringar, anv\u00e4nds den tripfria 7277 i stor utstr\u00e4ckning som prim\u00e4rt elektriskt kretsskydd p\u00e5 flygplan f\u00f6r allm\u00e4nflygning.<\/p>\n","protected":false},"excerpt":{"rendered":"<p>&#8211; Miniatyrstorlek. &#8211; L\u00e5g vikt. &#8211; &#8221;Tripfria&#8221; de kan d\u00e4rf\u00f6r inte tvingas att ansluta, n\u00e4r de har l\u00f6st ut, innan kretsen \u00e4r s\u00e4ker igen. &#8211; Str\u00f6mstyrkor (0,5 till 20 ampere). &#8211; H\u00f6g vibrationsbest\u00e4ndighet. &#8211; Tillval: dammskydd (del #14500-1 passar 15\/32-bussning, del. #14500-5 passar till 7\/16 bussning), hj\u00e4lpbrytare, terminalbeslag, l\u00e4ngre tryckknapp. Klixon\u00ae 7277-serien \u00e4r utformad f\u00f6r&#8230;<\/p>\n","protected":false},"featured_media":2000077,"comment_status":"closed","ping_status":"closed","template":"","meta":{"_kad_post_transparent":"default","_kad_post_title":"","_kad_post_layout":"default","_kad_post_sidebar_id":"","_kad_post_content_style":"default","_kad_post_vertical_padding":"default","_kad_post_feature":"","_kad_post_feature_position":"","_kad_post_header":false,"_kad_post_footer":false,"_kad_post_classname":""},"product_brand":[922],"product_cat":[417],"product_tag":[],"product_facet":[],"class_list":{"0":"post-1000077","1":"product","2":"type-product","3":"status-publish","4":"has-post-thumbnail","6":"product_brand-sensata","7":"product_cat-okategoriserad","9":"first","10":"instock","11":"downloadable","12":"shipping-taxable","13":"product-type-simple","14":"entry","15":"content-bg","16":"loop-entry"},"_links":{"self":[{"href":"https:\/\/scn.eu\/sv\/wp-json\/wp\/v2\/product\/1000077","targetHints":{"allow":["GET"]}}],"collection":[{"href":"https:\/\/scn.eu\/sv\/wp-json\/wp\/v2\/product"}],"about":[{"href":"https:\/\/scn.eu\/sv\/wp-json\/wp\/v2\/types\/product"}],"replies":[{"embeddable":true,"href":"https:\/\/scn.eu\/sv\/wp-json\/wp\/v2\/comments?post=1000077"}],"version-history":[{"count":1,"href":"https:\/\/scn.eu\/sv\/wp-json\/wp\/v2\/product\/1000077\/revisions"}],"predecessor-version":[{"id":8001558,"href":"https:\/\/scn.eu\/sv\/wp-json\/wp\/v2\/product\/1000077\/revisions\/8001558"}],"wp:featuredmedia":[{"embeddable":true,"href":"https:\/\/scn.eu\/sv\/wp-json\/wp\/v2\/media\/2000077"}],"wp:attachment":[{"href":"https:\/\/scn.eu\/sv\/wp-json\/wp\/v2\/media?parent=1000077"}],"wp:term":[{"taxonomy":"product_brand","embeddable":true,"href":"https:\/\/scn.eu\/sv\/wp-json\/wp\/v2\/product_brand?post=1000077"},{"taxonomy":"product_cat","embeddable":true,"href":"https:\/\/scn.eu\/sv\/wp-json\/wp\/v2\/product_cat?post=1000077"},{"taxonomy":"product_tag","embeddable":true,"href":"https:\/\/scn.eu\/sv\/wp-json\/wp\/v2\/product_tag?post=1000077"},{"taxonomy":"product_facet","embeddable":true,"href":"https:\/\/scn.eu\/sv\/wp-json\/wp\/v2\/product_facet?post=1000077"}],"curies":[{"name":"wp","href":"https:\/\/api.w.org\/{rel}","templated":true}]}}