{"id":1000076,"date":"2025-01-01T00:00:01","date_gmt":"2025-01-01T00:00:01","guid":{"rendered":"http:\/\/&#038;p=1000076"},"modified":"2026-03-24T02:43:33","modified_gmt":"2026-03-24T02:43:33","slug":"7274","status":"publish","type":"product","link":"https:\/\/scn.eu\/sv\/produkt\/7274\/","title":{"rendered":"7274 automats\u00e4kring"},"content":{"rendered":"<p>&#8211; Anv\u00e4nder minsta m\u00f6jliga utrymme.<br \/>\n&#8211; L\u00e5g vikt.<br \/>\n&#8211; &#8221;Trip free&#8221;.<br \/>\n&#8211; Kvalificerad enligt MIL-C-5809.<br \/>\n&#8211; Str\u00f6mstyrka: 0,5A till 20A.<br \/>\n&#8211; L\u00e5g Ampere.<br \/>\n&#8211; H\u00f6g vibrationst\u00e5lighet.<br \/>\n&#8211; Tillval: L\u00e5ng tryckknapp, dammskydd (del #14500-1 passar 15\/32-bussning, del #14500-5 passar 7\/16-bussning), extrabrytare, vattent\u00e4t panelf\u00f6rsegling.<br \/>\n&#8211; Typisk anv\u00e4ndning: Skydd av kablage i milit\u00e4ra luftburna fordon och utrustning.<\/p>\n<p>Klixon\u00ae 7274-serien \u00e4r sm\u00e5, l\u00e4tta enheter med l\u00e5g str\u00f6mstyrka som \u00e4r s\u00e4rskilt utformade f\u00f6r att skydda kablar och komponenter i flygplan\/luftfartsindustrin i luftburna fordon och utrustning.<\/p>\n","protected":false},"excerpt":{"rendered":"<p>&#8211; Anv\u00e4nder minsta m\u00f6jliga utrymme. &#8211; L\u00e5g vikt. &#8211; &#8221;Trip free&#8221;. &#8211; Kvalificerad enligt MIL-C-5809. &#8211; Str\u00f6mstyrka: 0,5A till 20A. &#8211; L\u00e5g Ampere. &#8211; H\u00f6g vibrationst\u00e5lighet. &#8211; Tillval: L\u00e5ng tryckknapp, dammskydd (del #14500-1 passar 15\/32-bussning, del #14500-5 passar 7\/16-bussning), extrabrytare, vattent\u00e4t panelf\u00f6rsegling. &#8211; Typisk anv\u00e4ndning: Skydd av kablage i milit\u00e4ra luftburna fordon och utrustning. Klixon\u00ae&#8230;<\/p>\n","protected":false},"featured_media":2000076,"comment_status":"closed","ping_status":"closed","template":"","meta":{"_kad_post_transparent":"default","_kad_post_title":"","_kad_post_layout":"default","_kad_post_sidebar_id":"","_kad_post_content_style":"default","_kad_post_vertical_padding":"default","_kad_post_feature":"","_kad_post_feature_position":"","_kad_post_header":false,"_kad_post_footer":false,"_kad_post_classname":""},"product_brand":[922],"product_cat":[417],"product_tag":[],"product_facet":[],"class_list":{"0":"post-1000076","1":"product","2":"type-product","3":"status-publish","4":"has-post-thumbnail","6":"product_brand-sensata","7":"product_cat-okategoriserad","9":"first","10":"instock","11":"downloadable","12":"shipping-taxable","13":"product-type-simple","14":"entry","15":"content-bg","16":"loop-entry"},"_links":{"self":[{"href":"https:\/\/scn.eu\/sv\/wp-json\/wp\/v2\/product\/1000076","targetHints":{"allow":["GET"]}}],"collection":[{"href":"https:\/\/scn.eu\/sv\/wp-json\/wp\/v2\/product"}],"about":[{"href":"https:\/\/scn.eu\/sv\/wp-json\/wp\/v2\/types\/product"}],"replies":[{"embeddable":true,"href":"https:\/\/scn.eu\/sv\/wp-json\/wp\/v2\/comments?post=1000076"}],"version-history":[{"count":1,"href":"https:\/\/scn.eu\/sv\/wp-json\/wp\/v2\/product\/1000076\/revisions"}],"predecessor-version":[{"id":8001539,"href":"https:\/\/scn.eu\/sv\/wp-json\/wp\/v2\/product\/1000076\/revisions\/8001539"}],"wp:featuredmedia":[{"embeddable":true,"href":"https:\/\/scn.eu\/sv\/wp-json\/wp\/v2\/media\/2000076"}],"wp:attachment":[{"href":"https:\/\/scn.eu\/sv\/wp-json\/wp\/v2\/media?parent=1000076"}],"wp:term":[{"taxonomy":"product_brand","embeddable":true,"href":"https:\/\/scn.eu\/sv\/wp-json\/wp\/v2\/product_brand?post=1000076"},{"taxonomy":"product_cat","embeddable":true,"href":"https:\/\/scn.eu\/sv\/wp-json\/wp\/v2\/product_cat?post=1000076"},{"taxonomy":"product_tag","embeddable":true,"href":"https:\/\/scn.eu\/sv\/wp-json\/wp\/v2\/product_tag?post=1000076"},{"taxonomy":"product_facet","embeddable":true,"href":"https:\/\/scn.eu\/sv\/wp-json\/wp\/v2\/product_facet?post=1000076"}],"curies":[{"name":"wp","href":"https:\/\/api.w.org\/{rel}","templated":true}]}}