{"id":1000075,"date":"2025-01-01T00:00:01","date_gmt":"2025-01-01T00:00:01","guid":{"rendered":"http:\/\/&#038;p=1000075"},"modified":"2026-03-24T14:36:36","modified_gmt":"2026-03-24T14:36:36","slug":"6786","status":"publish","type":"product","link":"https:\/\/scn.eu\/sv\/produkt\/6786\/","title":{"rendered":"6786"},"content":{"rendered":"<p>Enpolig \/ enkelriktad (SPST) termostat och kan f\u00e5s som normalt \u00f6ppen (NO) eller normalt st\u00e4ngd (NC).<\/p>\n<p>Finns i en rad fasta temperaturomr\u00e5den fr\u00e5n -29\u00b0C till 177\u00b0C.<br \/>\nFinns f\u00f6r 30VDC och upp till 250VAC f\u00f6r resistiva laster upp till 7A.<\/p>\n<p>Modeller i olika utf\u00f6randen f\u00f6r \u00f6nskad montering.<\/p>\n<p>Kompakt storlek fr\u00e5n \u00d816,2mm och l\u00e5g vikt fr\u00e5n 2,5 gram.<\/p>\n<p>Du hittar dessa ofta i hastighetsreglering, kompressorer och \u00f6verhettningsskydd f\u00f6r elektronik.<\/p>\n","protected":false},"excerpt":{"rendered":"<p>Enpolig \/ enkelriktad (SPST) termostat och kan f\u00e5s som normalt \u00f6ppen (NO) eller normalt st\u00e4ngd (NC). Finns i en rad fasta temperaturomr\u00e5den fr\u00e5n -29\u00b0C till 177\u00b0C. Finns f\u00f6r 30VDC och upp till 250VAC f\u00f6r resistiva laster upp till 7A. Modeller i olika utf\u00f6randen f\u00f6r \u00f6nskad montering. Kompakt storlek fr\u00e5n \u00d816,2mm och l\u00e5g vikt fr\u00e5n 2,5&#8230;<\/p>\n","protected":false},"featured_media":2000075,"comment_status":"closed","ping_status":"closed","template":"","meta":{"_kad_post_transparent":"default","_kad_post_title":"","_kad_post_layout":"default","_kad_post_sidebar_id":"","_kad_post_content_style":"default","_kad_post_vertical_padding":"default","_kad_post_feature":"","_kad_post_feature_position":"","_kad_post_header":false,"_kad_post_footer":false,"_kad_post_classname":""},"product_brand":[922],"product_cat":[10630,10759,10565],"product_tag":[],"product_facet":[10773],"class_list":{"0":"post-1000075","1":"product","2":"type-product","3":"status-publish","4":"has-post-thumbnail","6":"product_brand-sensata","7":"product_cat-components","8":"product_cat-products","9":"product_cat-thermostats","10":"product_facet-facet-components","12":"first","13":"instock","14":"downloadable","15":"shipping-taxable","16":"product-type-simple","17":"entry","18":"content-bg","19":"loop-entry"},"_links":{"self":[{"href":"https:\/\/scn.eu\/sv\/wp-json\/wp\/v2\/product\/1000075","targetHints":{"allow":["GET"]}}],"collection":[{"href":"https:\/\/scn.eu\/sv\/wp-json\/wp\/v2\/product"}],"about":[{"href":"https:\/\/scn.eu\/sv\/wp-json\/wp\/v2\/types\/product"}],"replies":[{"embeddable":true,"href":"https:\/\/scn.eu\/sv\/wp-json\/wp\/v2\/comments?post=1000075"}],"version-history":[{"count":1,"href":"https:\/\/scn.eu\/sv\/wp-json\/wp\/v2\/product\/1000075\/revisions"}],"predecessor-version":[{"id":8001520,"href":"https:\/\/scn.eu\/sv\/wp-json\/wp\/v2\/product\/1000075\/revisions\/8001520"}],"wp:featuredmedia":[{"embeddable":true,"href":"https:\/\/scn.eu\/sv\/wp-json\/wp\/v2\/media\/2000075"}],"wp:attachment":[{"href":"https:\/\/scn.eu\/sv\/wp-json\/wp\/v2\/media?parent=1000075"}],"wp:term":[{"taxonomy":"product_brand","embeddable":true,"href":"https:\/\/scn.eu\/sv\/wp-json\/wp\/v2\/product_brand?post=1000075"},{"taxonomy":"product_cat","embeddable":true,"href":"https:\/\/scn.eu\/sv\/wp-json\/wp\/v2\/product_cat?post=1000075"},{"taxonomy":"product_tag","embeddable":true,"href":"https:\/\/scn.eu\/sv\/wp-json\/wp\/v2\/product_tag?post=1000075"},{"taxonomy":"product_facet","embeddable":true,"href":"https:\/\/scn.eu\/sv\/wp-json\/wp\/v2\/product_facet?post=1000075"}],"curies":[{"name":"wp","href":"https:\/\/api.w.org\/{rel}","templated":true}]}}