{"id":1000065,"date":"2025-01-01T00:00:01","date_gmt":"2025-01-01T00:00:01","guid":{"rendered":"http:\/\/&#038;p=1000065"},"modified":"2026-03-24T14:40:41","modified_gmt":"2026-03-24T14:40:41","slug":"4391","status":"publish","type":"product","link":"https:\/\/scn.eu\/sv\/produkt\/4391\/","title":{"rendered":"4391"},"content":{"rendered":"<p>Enpolig \/ enkelriktad (SPST) och kan f\u00e5s som normalt \u00f6ppen (NO) eller normalt st\u00e4ngd (NC) och \u00e4ven som enpolig\/dubbelriktad kontakt med omkopplingskontakt (SPDT).<\/p>\n<p>Finns f\u00f6r 30VDC och upp till 250VAC f\u00f6r resistiva laster upp till 14A.<br \/>\nFinns i en rad fasta temperaturomr\u00e5den fr\u00e5n -18\u00b0C till +232\u00b0C och med Silikonh\u00f6lje -18\u00b0C till 204\u00b0C.<\/p>\n<p>Finns i en m\u00e4ngd olika utf\u00f6randen f\u00f6r \u00f6nskad montering.<\/p>\n<p>L\u00e4mpliga applikationer \u00e4r \u00f6vervakning av vattentemperaturen, motorskydd och liknande utrustning.<\/p>\n<p>Manuell eller Automatisk \u00e5terst\u00e4llning<\/p>\n","protected":false},"excerpt":{"rendered":"<p>Enpolig \/ enkelriktad (SPST) och kan f\u00e5s som normalt \u00f6ppen (NO) eller normalt st\u00e4ngd (NC) och \u00e4ven som enpolig\/dubbelriktad kontakt med omkopplingskontakt (SPDT). Finns f\u00f6r 30VDC och upp till 250VAC f\u00f6r resistiva laster upp till 14A. Finns i en rad fasta temperaturomr\u00e5den fr\u00e5n -18\u00b0C till +232\u00b0C och med Silikonh\u00f6lje -18\u00b0C till 204\u00b0C. Finns i en&#8230;<\/p>\n","protected":false},"featured_media":2000065,"comment_status":"closed","ping_status":"closed","template":"","meta":{"_kad_post_transparent":"default","_kad_post_title":"","_kad_post_layout":"default","_kad_post_sidebar_id":"","_kad_post_content_style":"default","_kad_post_vertical_padding":"default","_kad_post_feature":"","_kad_post_feature_position":"","_kad_post_header":false,"_kad_post_footer":false,"_kad_post_classname":""},"product_brand":[922],"product_cat":[10630,10759,10565],"product_tag":[],"product_facet":[10773],"class_list":{"0":"post-1000065","1":"product","2":"type-product","3":"status-publish","4":"has-post-thumbnail","6":"product_brand-sensata","7":"product_cat-components","8":"product_cat-products","9":"product_cat-thermostats","10":"product_facet-facet-components","12":"first","13":"instock","14":"downloadable","15":"shipping-taxable","16":"product-type-simple","17":"entry","18":"content-bg","19":"loop-entry"},"_links":{"self":[{"href":"https:\/\/scn.eu\/sv\/wp-json\/wp\/v2\/product\/1000065","targetHints":{"allow":["GET"]}}],"collection":[{"href":"https:\/\/scn.eu\/sv\/wp-json\/wp\/v2\/product"}],"about":[{"href":"https:\/\/scn.eu\/sv\/wp-json\/wp\/v2\/types\/product"}],"replies":[{"embeddable":true,"href":"https:\/\/scn.eu\/sv\/wp-json\/wp\/v2\/comments?post=1000065"}],"version-history":[{"count":1,"href":"https:\/\/scn.eu\/sv\/wp-json\/wp\/v2\/product\/1000065\/revisions"}],"predecessor-version":[{"id":8001324,"href":"https:\/\/scn.eu\/sv\/wp-json\/wp\/v2\/product\/1000065\/revisions\/8001324"}],"wp:featuredmedia":[{"embeddable":true,"href":"https:\/\/scn.eu\/sv\/wp-json\/wp\/v2\/media\/2000065"}],"wp:attachment":[{"href":"https:\/\/scn.eu\/sv\/wp-json\/wp\/v2\/media?parent=1000065"}],"wp:term":[{"taxonomy":"product_brand","embeddable":true,"href":"https:\/\/scn.eu\/sv\/wp-json\/wp\/v2\/product_brand?post=1000065"},{"taxonomy":"product_cat","embeddable":true,"href":"https:\/\/scn.eu\/sv\/wp-json\/wp\/v2\/product_cat?post=1000065"},{"taxonomy":"product_tag","embeddable":true,"href":"https:\/\/scn.eu\/sv\/wp-json\/wp\/v2\/product_tag?post=1000065"},{"taxonomy":"product_facet","embeddable":true,"href":"https:\/\/scn.eu\/sv\/wp-json\/wp\/v2\/product_facet?post=1000065"}],"curies":[{"name":"wp","href":"https:\/\/api.w.org\/{rel}","templated":true}]}}