{"id":1000064,"date":"2025-01-01T00:00:01","date_gmt":"2025-01-01T00:00:01","guid":{"rendered":"http:\/\/&#038;p=1000064"},"modified":"2026-03-24T14:21:59","modified_gmt":"2026-03-24T14:21:59","slug":"4344","status":"publish","type":"product","link":"https:\/\/scn.eu\/sv\/produkt\/4344\/","title":{"rendered":"4344"},"content":{"rendered":"<p>Enpolig \/ enkelriktad (SPST) termostat och kan f\u00e5s som normalt \u00f6ppen (NO) eller normalt st\u00e4ngd (NC).<\/p>\n<p>Finns f\u00f6r 30VDC och upp till 230VAC f\u00f6r resistiva laster upp till 7A.<\/p>\n<p>Modeller i olika utf\u00f6randen f\u00f6r \u00f6nskad montering, \u00e4ven en specialvariant med st\u00e5lband.<\/p>\n<p>Hermetiskt f\u00f6rseglad i st\u00e5l och f\u00f6r den nya versionen i rostfritt st\u00e5l.<br \/>\nKompakt storlek fr\u00e5n \u00d812,7mm och l\u00e5g vikt fr\u00e5n 7 gram.<br \/>\nExtremt motst\u00e5ndskraftig mot st\u00f6tar och vibrationer.<\/p>\n<p>L\u00e4mplig f\u00f6r applikationer som \u00f6vervakning av vattentemperatur, motorskydd, medicinsk utrustning och batteripaket.<\/p>\n","protected":false},"excerpt":{"rendered":"<p>Enpolig \/ enkelriktad (SPST) termostat och kan f\u00e5s som normalt \u00f6ppen (NO) eller normalt st\u00e4ngd (NC). Finns f\u00f6r 30VDC och upp till 230VAC f\u00f6r resistiva laster upp till 7A. Modeller i olika utf\u00f6randen f\u00f6r \u00f6nskad montering, \u00e4ven en specialvariant med st\u00e5lband. Hermetiskt f\u00f6rseglad i st\u00e5l och f\u00f6r den nya versionen i rostfritt st\u00e5l. Kompakt storlek&#8230;<\/p>\n","protected":false},"featured_media":2000064,"comment_status":"closed","ping_status":"closed","template":"","meta":{"_kad_post_transparent":"default","_kad_post_title":"","_kad_post_layout":"default","_kad_post_sidebar_id":"","_kad_post_content_style":"default","_kad_post_vertical_padding":"default","_kad_post_feature":"","_kad_post_feature_position":"","_kad_post_header":false,"_kad_post_footer":false,"_kad_post_classname":""},"product_brand":[922],"product_cat":[10630,10759,10565],"product_tag":[],"product_facet":[10773],"class_list":{"0":"post-1000064","1":"product","2":"type-product","3":"status-publish","4":"has-post-thumbnail","6":"product_brand-sensata","7":"product_cat-components","8":"product_cat-products","9":"product_cat-thermostats","10":"product_facet-facet-components","12":"first","13":"instock","14":"downloadable","15":"shipping-taxable","16":"product-type-simple","17":"entry","18":"content-bg","19":"loop-entry"},"_links":{"self":[{"href":"https:\/\/scn.eu\/sv\/wp-json\/wp\/v2\/product\/1000064","targetHints":{"allow":["GET"]}}],"collection":[{"href":"https:\/\/scn.eu\/sv\/wp-json\/wp\/v2\/product"}],"about":[{"href":"https:\/\/scn.eu\/sv\/wp-json\/wp\/v2\/types\/product"}],"replies":[{"embeddable":true,"href":"https:\/\/scn.eu\/sv\/wp-json\/wp\/v2\/comments?post=1000064"}],"version-history":[{"count":1,"href":"https:\/\/scn.eu\/sv\/wp-json\/wp\/v2\/product\/1000064\/revisions"}],"predecessor-version":[{"id":8001305,"href":"https:\/\/scn.eu\/sv\/wp-json\/wp\/v2\/product\/1000064\/revisions\/8001305"}],"wp:featuredmedia":[{"embeddable":true,"href":"https:\/\/scn.eu\/sv\/wp-json\/wp\/v2\/media\/2000064"}],"wp:attachment":[{"href":"https:\/\/scn.eu\/sv\/wp-json\/wp\/v2\/media?parent=1000064"}],"wp:term":[{"taxonomy":"product_brand","embeddable":true,"href":"https:\/\/scn.eu\/sv\/wp-json\/wp\/v2\/product_brand?post=1000064"},{"taxonomy":"product_cat","embeddable":true,"href":"https:\/\/scn.eu\/sv\/wp-json\/wp\/v2\/product_cat?post=1000064"},{"taxonomy":"product_tag","embeddable":true,"href":"https:\/\/scn.eu\/sv\/wp-json\/wp\/v2\/product_tag?post=1000064"},{"taxonomy":"product_facet","embeddable":true,"href":"https:\/\/scn.eu\/sv\/wp-json\/wp\/v2\/product_facet?post=1000064"}],"curies":[{"name":"wp","href":"https:\/\/api.w.org\/{rel}","templated":true}]}}