{"id":8073244,"date":"2026-02-13T10:23:55","date_gmt":"2026-02-13T10:23:55","guid":{"rendered":"https:\/\/firm-pigeon.10web.cloud\/o-scn\/kariera\/"},"modified":"2026-03-26T15:59:51","modified_gmt":"2026-03-26T15:59:51","slug":"kariera","status":"publish","type":"page","link":"https:\/\/scn.eu\/pl\/o-scn\/kariera\/","title":{"rendered":"Kariera"},"content":{"rendered":"\t\t<div data-elementor-type=\"wp-page\" data-elementor-id=\"8073244\" class=\"elementor elementor-8073244 elementor-652290\" data-elementor-post-type=\"page\">\n\t\t\t\t<div class=\"elementor-element elementor-element-7876de5 e-con-full e-flex e-con e-parent\" data-id=\"7876de5\" data-element_type=\"container\" data-e-type=\"container\" data-settings=\"{&quot;background_background&quot;:&quot;classic&quot;}\">\n\t\t<div class=\"elementor-element elementor-element-7c615fca e-con-full e-flex e-con e-child\" data-id=\"7c615fca\" data-element_type=\"container\" data-e-type=\"container\" data-settings=\"{&quot;background_background&quot;:&quot;classic&quot;}\">\n\t\t\t\t<div class=\"elementor-element elementor-element-35c0d35 elementor-widget__width-initial animated-fast elementor-invisible elementor-widget elementor-widget-heading\" data-id=\"35c0d35\" data-element_type=\"widget\" data-e-type=\"widget\" data-settings=\"{&quot;_animation&quot;:&quot;fadeInLeft&quot;}\" data-widget_type=\"heading.default\">\n\t\t\t\t\t<h1 class=\"elementor-heading-title elementor-size-default\">Nasze aktualne oferty pracy<\/h1>\t\t\t\t<\/div>\n\t\t\t\t<div class=\"elementor-element elementor-element-38b9d36 elementor-widget elementor-widget-text-editor\" data-id=\"38b9d36\" data-element_type=\"widget\" data-e-type=\"widget\" data-widget_type=\"text-editor.default\">\n\t\t\t\t\t\t\t\t\tWyb\u00f3r kolejnego kroku w karierze to wa\u017cna decyzja, a ta strona gromadzi aktualne mo\u017cliwo\u015bci dost\u0119pne w SCN. Tutaj mog\u0105 Pa\u0144stwo zapozna\u0107 si\u0119 z rolami, w kt\u00f3rych Pa\u0144stwa do\u015bwiadczenie mo\u017ce wnie\u015b\u0107 znacz\u0105cy wk\u0142ad w rozw\u00f3j naszych klient\u00f3w, naszej oferty technologicznej oraz bran\u017c, kt\u00f3re wspieramy. Naszym celem jest przedstawienie jasnego obrazu tego, co wi\u0105\u017ce si\u0119 z ka\u017cdym stanowiskiem, aby mogli Pa\u0144stwo \u0142atwo oceni\u0107, czy odpowiada ono Pa\u0144stwa umiej\u0119tno\u015bciom, ambicjom i preferowanemu stylowi pracy.  <br><br>Wierzymy w \u015brodowisko, w kt\u00f3rym ludzie rozwijaj\u0105 si\u0119 poprzez odpowiedzialno\u015b\u0107, wsp\u00f3\u0142prac\u0119 i zaufanie. Je\u015bli znajd\u0105 Pa\u0144stwo rol\u0119, kt\u00f3ra Pa\u0144stwa zainteresuje, zach\u0119camy do zapoznania si\u0119 z ni\u0105 bli\u017cej i podj\u0119cia kolejnego kroku. Pa\u0144stwa przysz\u0142y wk\u0142ad mo\u017ce by\u0107 wa\u017cn\u0105 cz\u0119\u015bci\u0105 naszego dalszego rozwoju.  \t\t\t\t\t\t\t\t<\/div>\n\t\t\t\t<\/div>\n\t\t<div class=\"elementor-element elementor-element-703bdfdd e-con-full elementor-hidden-mobile e-flex e-con e-child\" data-id=\"703bdfdd\" data-element_type=\"container\" data-e-type=\"container\">\n\t\t\t\t<\/div>\n\t\t\t\t<\/div>\n\t\t<div class=\"elementor-element elementor-element-168104bc e-con-full e-flex e-con e-parent\" data-id=\"168104bc\" data-element_type=\"container\" data-e-type=\"container\" id=\"factoryautomation_categories\" data-settings=\"{&quot;background_background&quot;:&quot;gradient&quot;}\">\n\t\t<div class=\"elementor-element elementor-element-5336b3f4 e-con-full e-flex e-con e-child\" data-id=\"5336b3f4\" data-element_type=\"container\" data-e-type=\"container\">\n\t\t<div class=\"elementor-element elementor-element-52a5553f e-con-full e-flex e-con e-child\" data-id=\"52a5553f\" data-element_type=\"container\" data-e-type=\"container\">\n\t\t\t\t<div class=\"elementor-element elementor-element-46e4d47 elementor-position-inline-start elementor-mobile-position-inline-start elementor-view-default elementor-widget elementor-widget-icon-box\" data-id=\"46e4d47\" data-element_type=\"widget\" data-e-type=\"widget\" data-widget_type=\"icon-box.default\">\n\t\t\t\t\t\t\t<div class=\"elementor-icon-box-wrapper\">\n\n\t\t\t\t\t\t<div class=\"elementor-icon-box-icon\">\n\t\t\t\t<span  class=\"elementor-icon\">\n\t\t\t\t<svg aria-hidden=\"true\" class=\"e-font-icon-svg e-fas-user-tie\" viewBox=\"0 0 448 512\" xmlns=\"http:\/\/www.w3.org\/2000\/svg\"><path d=\"M224 256c70.7 0 128-57.3 128-128S294.7 0 224 0 96 57.3 96 128s57.3 128 128 128zm95.8 32.6L272 480l-32-136 32-56h-96l32 56-32 136-47.8-191.4C56.9 292 0 350.3 0 422.4V464c0 26.5 21.5 48 48 48h352c26.5 0 48-21.5 48-48v-41.6c0-72.1-56.9-130.4-128.2-133.8z\"><\/path><\/svg>\t\t\t\t<\/span>\n\t\t\t<\/div>\n\t\t\t\n\t\t\t\t\t\t<div class=\"elementor-icon-box-content\">\n\n\t\t\t\t\t\t\t\t\t<h2 class=\"elementor-icon-box-title\">\n\t\t\t\t\t\t<span  >\n\t\t\t\t\t\t\tKszta\u0142tuj z nami przysz\u0142o\u015b\u0107\t\t\t\t\t\t<\/span>\n\t\t\t\t\t<\/h2>\n\t\t\t\t\n\t\t\t\t\t\t\t\t\t<p class=\"elementor-icon-box-description\">\n\t\t\t\t\t\tW SCN zawsze d\u0105\u017cymy do przodu \u2013 nieustannie poszukujemy ambitnych talent\u00f3w, kt\u00f3rzy pasjonuj\u0105 si\u0119 sprzeda\u017c\u0105 i posiadaj\u0105 silnego ducha przedsi\u0119biorczo\u015bci. Dla nas to nie tylko sprzeda\u017c produkt\u00f3w; to budowanie d\u0142ugoterminowych relacji, znajdowanie kreatywnych rozwi\u0105za\u0144 i tworzenie warto\u015bci dla naszych klient\u00f3w. \n<br><br>Cenimy osoby, kt\u00f3re odwa\u017cnie my\u015bl\u0105 nieszablonowo, s\u0105 proaktywne i dostrzegaj\u0105 mo\u017cliwo\u015bci tam, gdzie inni widz\u0105 przeszkody. Je\u015bli s\u0105 Pa\u0144stwo osobami, kt\u00f3re chc\u0105 z nami wsp\u00f3\u0142tworzy\u0107 przysz\u0142o\u015b\u0107 bran\u017cy i rozwija\u0107 si\u0119 w dynamicznym \u015brodowisku pracy, gdzie \u017caden dzie\u0144 nie jest taki sam, to by\u0107 mo\u017ce s\u0105 Pa\u0144stwo dok\u0142adnie tymi, kt\u00f3rych szukamy. \t\t\t\t\t<\/p>\n\t\t\t\t\n\t\t\t<\/div>\n\t\t\t\n\t\t<\/div>\n\t\t\t\t\t\t<\/div>\n\t\t\t\t<\/div>\n\t\t<div class=\"elementor-element elementor-element-61949ce2 e-con-full e-flex e-con e-child\" data-id=\"61949ce2\" data-element_type=\"container\" data-e-type=\"container\" id=\"customer_form\">\n\t\t\t\t<div class=\"elementor-element elementor-element-29e59bd elementor-position-inline-start elementor-mobile-position-inline-start elementor-view-default elementor-widget elementor-widget-icon-box\" data-id=\"29e59bd\" data-element_type=\"widget\" data-e-type=\"widget\" data-widget_type=\"icon-box.default\">\n\t\t\t\t\t\t\t<div class=\"elementor-icon-box-wrapper\">\n\n\t\t\t\t\t\t<div class=\"elementor-icon-box-icon\">\n\t\t\t\t<span  class=\"elementor-icon\">\n\t\t\t\t<svg aria-hidden=\"true\" class=\"e-font-icon-svg e-fas-file-contract\" viewBox=\"0 0 384 512\" xmlns=\"http:\/\/www.w3.org\/2000\/svg\"><path d=\"M224 136V0H24C10.7 0 0 10.7 0 24v464c0 13.3 10.7 24 24 24h336c13.3 0 24-10.7 24-24V160H248c-13.2 0-24-10.8-24-24zM64 72c0-4.42 3.58-8 8-8h80c4.42 0 8 3.58 8 8v16c0 4.42-3.58 8-8 8H72c-4.42 0-8-3.58-8-8V72zm0 64c0-4.42 3.58-8 8-8h80c4.42 0 8 3.58 8 8v16c0 4.42-3.58 8-8 8H72c-4.42 0-8-3.58-8-8v-16zm192.81 248H304c8.84 0 16 7.16 16 16s-7.16 16-16 16h-47.19c-16.45 0-31.27-9.14-38.64-23.86-2.95-5.92-8.09-6.52-10.17-6.52s-7.22.59-10.02 6.19l-7.67 15.34a15.986 15.986 0 0 1-14.31 8.84c-.38 0-.75-.02-1.14-.05-6.45-.45-12-4.75-14.03-10.89L144 354.59l-10.61 31.88c-5.89 17.66-22.38 29.53-41 29.53H80c-8.84 0-16-7.16-16-16s7.16-16 16-16h12.39c4.83 0 9.11-3.08 10.64-7.66l18.19-54.64c3.3-9.81 12.44-16.41 22.78-16.41s19.48 6.59 22.77 16.41l13.88 41.64c19.77-16.19 54.05-9.7 66 14.16 2.02 4.06 5.96 6.5 10.16 6.5zM377 105L279.1 7c-4.5-4.5-10.6-7-17-7H256v128h128v-6.1c0-6.3-2.5-12.4-7-16.9z\"><\/path><\/svg>\t\t\t\t<\/span>\n\t\t\t<\/div>\n\t\t\t\n\t\t\t\t\t\t<div class=\"elementor-icon-box-content\">\n\n\t\t\t\t\t\t\t\t\t<h2 class=\"elementor-icon-box-title\">\n\t\t\t\t\t\t<span  >\n\t\t\t\t\t\t\tWy\u015blij swoj\u0105 aplikacj\u0119\t\t\t\t\t\t<\/span>\n\t\t\t\t\t<\/h2>\n\t\t\t\t\n\t\t\t\t\t\t\t\t\t<p class=\"elementor-icon-box-description\">\n\t\t\t\t\t\tCenimy spontaniczne aplikacje od os\u00f3b, kt\u00f3re podzielaj\u0105 nasz\u0105 pasj\u0119 do sprzeda\u017cy i innowacji. Je\u015bli s\u0105 Pa\u0144stwo gotowi na kolejny krok w swojej karierze, nie wahajcie si\u0119 skontaktowa\u0107! Wy\u015blijcie Pa\u0144stwo swoj\u0105 aplikacj\u0119 na adres <a href=\"mailto:sales@scn.uk\" style=\"font-weight:700;text-decoration:underline\">sales@scn.uk<\/a> i opowiedzcie nam, dlaczego s\u0105 Pa\u0144stwo dla nas odpowiedni. Z niecierpliwo\u015bci\u0105 czekamy na Pa\u0144stwa histori\u0119 i by\u0107 mo\u017ce na to, \u017ce stan\u0105 si\u0119 Pa\u0144stwo cz\u0119\u015bci\u0105 naszej przysz\u0142ej podr\u00f3\u017cy!   <br><br>\nWitamy w SCN \u2013 razem tworzymy mo\u017cliwo\u015bci jutra!\t\t\t\t\t<\/p>\n\t\t\t\t\n\t\t\t<\/div>\n\t\t\t\n\t\t<\/div>\n\t\t\t\t\t\t<\/div>\n\t\t\t\t<div class=\"elementor-element elementor-element-23b7509 elementor-widget elementor-widget-button\" data-id=\"23b7509\" data-element_type=\"widget\" data-e-type=\"widget\" data-widget_type=\"button.default\">\n\t\t\t\t\t\t\t\t\t\t<a class=\"elementor-button elementor-button-link elementor-size-sm\" href=\"mailto:sales@scn.uk\" target=\"_blank\">\n\t\t\t\t\t\t<span class=\"elementor-button-content-wrapper\">\n\t\t\t\t\t\t\t\t\t<span class=\"elementor-button-text\">Wy\u015blij swoj\u0105 aplikacj\u0119<\/span>\n\t\t\t\t\t<\/span>\n\t\t\t\t\t<\/a>\n\t\t\t\t\t\t\t\t<\/div>\n\t\t\t\t<\/div>\n\t\t\t\t<\/div>\n\t\t\t\t<\/div>\n\t\t<div class=\"elementor-element elementor-element-7b76bded e-con-full e-flex e-con e-parent\" data-id=\"7b76bded\" data-element_type=\"container\" data-e-type=\"container\" data-settings=\"{&quot;background_background&quot;:&quot;classic&quot;}\">\n\t\t<div class=\"elementor-element elementor-element-518f4530 e-con-full e-flex e-con e-child\" data-id=\"518f4530\" data-element_type=\"container\" data-e-type=\"container\">\n\t\t\t\t<\/div>\n\t\t<div class=\"elementor-element elementor-element-69eaebaa e-con-full e-flex e-con e-child\" data-id=\"69eaebaa\" data-element_type=\"container\" data-e-type=\"container\">\n\t\t<div class=\"elementor-element elementor-element-4a2bad0f e-con-full e-flex e-con e-child\" data-id=\"4a2bad0f\" data-element_type=\"container\" data-e-type=\"container\" data-settings=\"{&quot;background_background&quot;:&quot;classic&quot;}\">\n\t\t\t\t<div class=\"elementor-element elementor-element-69d097b8 animated-fast elementor-invisible elementor-widget elementor-widget-heading\" data-id=\"69d097b8\" data-element_type=\"widget\" data-e-type=\"widget\" data-settings=\"{&quot;_animation&quot;:&quot;fadeInLeft&quot;}\" data-widget_type=\"heading.default\">\n\t\t\t\t\t<h2 class=\"elementor-heading-title elementor-size-default\"><a href=\"https:\/\/scn.mildmedia-dev.eu\/pl\/o-scn\/\">O SCN<\/a><\/h2>\t\t\t\t<\/div>\n\t\t\t\t<div class=\"elementor-element elementor-element-3a7832aa elementor-widget__width-initial elementor-invisible elementor-widget elementor-widget-text-editor\" data-id=\"3a7832aa\" data-element_type=\"widget\" data-e-type=\"widget\" data-settings=\"{&quot;_animation&quot;:&quot;fadeInUp&quot;}\" data-widget_type=\"text-editor.default\">\n\t\t\t\t\t\t\t\t\tSCN jest wiod\u0105cym niezale\u017cnym europejskim dostawc\u0105 komponent\u00f3w przemys\u0142owych i rozwi\u0105za\u0144 technicznych. Dzi\u0119ki \u015bcis\u0142ej wsp\u00f3\u0142pracy z producentami \u015bwiatowej klasy oraz silnej ekspertyzie technicznej dostarczamy firmom technologicznym i klientom przemys\u0142owym niezawodne komponenty do wymagaj\u0105cych zastosowa\u0144. \n<br><br>Koncentrujemy si\u0119 na silnych partnerstwach z dostawcami, g\u0142\u0119bokiej znajomo\u015bci zastosowa\u0144 oraz d\u0142ugoterminowych relacjach zar\u00f3wno z klientami, jak i producentami.\n<br><br>SCN jest cz\u0119\u015bci\u0105 Addtech, szwedzkiej notowanej na gie\u0142dzie grupy rozwi\u0105za\u0144 technologicznych, sk\u0142adaj\u0105cej si\u0119 z oko\u0142o 150 niezale\u017cnych firm.\t\t\t\t\t\t\t\t<\/div>\n\t\t<div class=\"elementor-element elementor-element-68f64555 e-con-full animated-fast e-flex elementor-invisible e-con e-child\" data-id=\"68f64555\" data-element_type=\"container\" data-e-type=\"container\" data-settings=\"{&quot;animation&quot;:&quot;fadeInUp&quot;}\">\n\t\t\t\t<div class=\"elementor-element elementor-element-c76da81 elementor-widget elementor-widget-button\" data-id=\"c76da81\" data-element_type=\"widget\" data-e-type=\"widget\" data-widget_type=\"button.default\">\n\t\t\t\t\t\t\t\t\t\t<a class=\"elementor-button elementor-button-link elementor-size-sm\" href=\"https:\/\/scn.mildmedia-dev.eu\/pl\/o-scn\/\">\n\t\t\t\t\t\t<span class=\"elementor-button-content-wrapper\">\n\t\t\t\t\t\t\t\t\t<span class=\"elementor-button-text\">Przeczytaj wi\u0119cej o nas<\/span>\n\t\t\t\t\t<\/span>\n\t\t\t\t\t<\/a>\n\t\t\t\t\t\t\t\t<\/div>\n\t\t\t\t<div class=\"elementor-element elementor-element-65eb4b56 transparent_button elementor-widget elementor-widget-button\" data-id=\"65eb4b56\" data-element_type=\"widget\" data-e-type=\"widget\" data-widget_type=\"button.default\">\n\t\t\t\t\t\t\t\t\t\t<a class=\"elementor-button elementor-button-link elementor-size-sm\" href=\"https:\/\/scn.mildmedia-dev.eu\/pl\/kontakt\/\">\n\t\t\t\t\t\t<span class=\"elementor-button-content-wrapper\">\n\t\t\t\t\t\t\t\t\t<span class=\"elementor-button-text\">Skontaktuj si\u0119 z nami<\/span>\n\t\t\t\t\t<\/span>\n\t\t\t\t\t<\/a>\n\t\t\t\t\t\t\t\t<\/div>\n\t\t\t\t<\/div>\n\t\t\t\t<\/div>\n\t\t\t\t<\/div>\n\t\t\t\t<\/div>\n\t\t\t\t<\/div>\n\t\t","protected":false},"excerpt":{"rendered":"<p>Nasze aktualne oferty pracy Wyb\u00f3r kolejnego kroku w karierze to wa\u017cna decyzja, a ta strona gromadzi aktualne mo\u017cliwo\u015bci dost\u0119pne w SCN. Tutaj mog\u0105 Pa\u0144stwo zapozna\u0107 si\u0119 z rolami, w kt\u00f3rych Pa\u0144stwa do\u015bwiadczenie mo\u017ce wnie\u015b\u0107 znacz\u0105cy wk\u0142ad w rozw\u00f3j naszych klient\u00f3w, naszej oferty technologicznej oraz bran\u017c, kt\u00f3re wspieramy. Naszym celem jest przedstawienie jasnego obrazu tego, co&#8230;<\/p>\n","protected":false},"author":5,"featured_media":0,"parent":8071497,"menu_order":0,"comment_status":"closed","ping_status":"closed","template":"","meta":{"_kad_post_transparent":"","_kad_post_title":"","_kad_post_layout":"","_kad_post_sidebar_id":"","_kad_post_content_style":"","_kad_post_vertical_padding":"","_kad_post_feature":"","_kad_post_feature_position":"","_kad_post_header":false,"_kad_post_footer":false,"_kad_post_classname":"","footnotes":""},"class_list":["post-8073244","page","type-page","status-publish","hentry"],"_links":{"self":[{"href":"https:\/\/scn.eu\/pl\/wp-json\/wp\/v2\/pages\/8073244","targetHints":{"allow":["GET"]}}],"collection":[{"href":"https:\/\/scn.eu\/pl\/wp-json\/wp\/v2\/pages"}],"about":[{"href":"https:\/\/scn.eu\/pl\/wp-json\/wp\/v2\/types\/page"}],"author":[{"embeddable":true,"href":"https:\/\/scn.eu\/pl\/wp-json\/wp\/v2\/users\/5"}],"replies":[{"embeddable":true,"href":"https:\/\/scn.eu\/pl\/wp-json\/wp\/v2\/comments?post=8073244"}],"version-history":[{"count":1,"href":"https:\/\/scn.eu\/pl\/wp-json\/wp\/v2\/pages\/8073244\/revisions"}],"predecessor-version":[{"id":8073245,"href":"https:\/\/scn.eu\/pl\/wp-json\/wp\/v2\/pages\/8073244\/revisions\/8073245"}],"up":[{"embeddable":true,"href":"https:\/\/scn.eu\/pl\/wp-json\/wp\/v2\/pages\/8071497"}],"wp:attachment":[{"href":"https:\/\/scn.eu\/pl\/wp-json\/wp\/v2\/media?parent=8073244"}],"curies":[{"name":"wp","href":"https:\/\/api.w.org\/{rel}","templated":true}]}}