{"id":8071497,"date":"2026-02-13T10:19:01","date_gmt":"2026-02-13T10:19:01","guid":{"rendered":"https:\/\/firm-pigeon.10web.cloud\/o-scn\/"},"modified":"2026-04-10T13:15:01","modified_gmt":"2026-04-10T13:15:01","slug":"o-scn","status":"publish","type":"page","link":"https:\/\/scn.eu\/pl\/o-scn\/","title":{"rendered":"O SCN"},"content":{"rendered":"\t\t<div data-elementor-type=\"wp-page\" data-elementor-id=\"8071497\" class=\"elementor elementor-8071497 elementor-652284\" data-elementor-post-type=\"page\">\n\t\t\t\t<div class=\"elementor-element elementor-element-58972821 e-con-full e-flex e-con e-parent\" data-id=\"58972821\" data-element_type=\"container\" data-e-type=\"container\" data-settings=\"{&quot;background_background&quot;:&quot;classic&quot;}\">\n\t\t<div class=\"elementor-element elementor-element-7e2e9897 e-con-full e-flex e-con e-child\" data-id=\"7e2e9897\" data-element_type=\"container\" data-e-type=\"container\" data-settings=\"{&quot;background_background&quot;:&quot;classic&quot;}\">\n\t\t\t\t<div class=\"elementor-element elementor-element-68487ba3 elementor-widget__width-initial animated-fast elementor-invisible elementor-widget elementor-widget-heading\" data-id=\"68487ba3\" data-element_type=\"widget\" data-e-type=\"widget\" data-settings=\"{&quot;_animation&quot;:&quot;fadeInLeft&quot;}\" data-widget_type=\"heading.default\">\n\t\t\t\t\t<h1 class=\"elementor-heading-title elementor-size-default\">O SCN<\/h1>\t\t\t\t<\/div>\n\t\t\t\t<div class=\"elementor-element elementor-element-62110588 elementor-widget__width-initial elementor-invisible elementor-widget elementor-widget-text-editor\" data-id=\"62110588\" data-element_type=\"widget\" data-e-type=\"widget\" data-settings=\"{&quot;_animation&quot;:&quot;fadeInUp&quot;}\" data-widget_type=\"text-editor.default\">\n\t\t\t\t\t\t\t\t\tSCN jest wiod\u0105cym niezale\u017cnym europejskim dostawc\u0105 komponent\u00f3w przemys\u0142owych i rozwi\u0105za\u0144 technicznych. Dzi\u0119ki \u015bcis\u0142ej wsp\u00f3\u0142pracy z producentami \u015bwiatowej klasy oraz silnej ekspertyzie technicznej dostarczamy firmom technologicznym i klientom przemys\u0142owym niezawodne komponenty do wymagaj\u0105cych zastosowa\u0144. <br><br>\nKoncentrujemy si\u0119 na silnych partnerstwach z dostawcami, g\u0142\u0119bokiej znajomo\u015bci zastosowa\u0144 oraz d\u0142ugoterminowych relacjach zar\u00f3wno z klientami, jak i producentami.<br><br>\nSCN jest cz\u0119\u015bci\u0105 Addtech, szwedzkiej notowanej na gie\u0142dzie grupy rozwi\u0105za\u0144 technologicznych, sk\u0142adaj\u0105cej si\u0119 z oko\u0142o 150 niezale\u017cnych firm.\t\t\t\t\t\t\t\t<\/div>\n\t\t<div class=\"elementor-element elementor-element-654b9997 e-con-full animated-fast elementor-hidden-widescreen elementor-hidden-desktop elementor-hidden-laptop elementor-hidden-tablet_extra elementor-hidden-tablet elementor-hidden-mobile_extra e-flex elementor-invisible e-con e-child\" data-id=\"654b9997\" data-element_type=\"container\" data-e-type=\"container\" data-settings=\"{&quot;animation&quot;:&quot;fadeInUp&quot;}\">\n\t\t\t\t<div class=\"elementor-element elementor-element-14eacaa0 elementor-widget elementor-widget-button\" data-id=\"14eacaa0\" data-element_type=\"widget\" data-e-type=\"widget\" data-widget_type=\"button.default\">\n\t\t\t\t\t\t\t\t\t\t<a class=\"elementor-button elementor-button-link elementor-size-sm\" href=\"#about\">\n\t\t\t\t\t\t<span class=\"elementor-button-content-wrapper\">\n\t\t\t\t\t\t<span class=\"elementor-button-icon\">\n\t\t\t\t<svg aria-hidden=\"true\" class=\"e-font-icon-svg e-fas-caret-down\" viewBox=\"0 0 320 512\" xmlns=\"http:\/\/www.w3.org\/2000\/svg\"><path d=\"M31.3 192h257.3c17.8 0 26.7 21.5 14.1 34.1L174.1 354.8c-7.8 7.8-20.5 7.8-28.3 0L17.2 226.1C4.6 213.5 13.5 192 31.3 192z\"><\/path><\/svg>\t\t\t<\/span>\n\t\t\t\t\t\t\t\t<\/span>\n\t\t\t\t\t<\/a>\n\t\t\t\t\t\t\t\t<\/div>\n\t\t\t\t<\/div>\n\t\t\t\t<\/div>\n\t\t<div class=\"elementor-element elementor-element-2264a493 e-con-full elementor-hidden-mobile e-flex e-con e-child\" data-id=\"2264a493\" data-element_type=\"container\" data-e-type=\"container\">\n\t\t\t\t<\/div>\n\t\t\t\t<\/div>\n\t\t<div class=\"elementor-element elementor-element-58b078c0 e-con-full e-flex e-con e-parent\" data-id=\"58b078c0\" data-element_type=\"container\" data-e-type=\"container\" id=\"about\" data-settings=\"{&quot;background_background&quot;:&quot;gradient&quot;}\">\n\t\t<div class=\"elementor-element elementor-element-17e0e07 e-con-full e-flex e-con e-child\" data-id=\"17e0e07\" data-element_type=\"container\" data-e-type=\"container\">\n\t\t\t\t<div class=\"elementor-element elementor-element-281b549d elementor-position-inline-start elementor-mobile-position-inline-start elementor-view-default elementor-widget elementor-widget-icon-box\" data-id=\"281b549d\" data-element_type=\"widget\" data-e-type=\"widget\" data-widget_type=\"icon-box.default\">\n\t\t\t\t\t\t\t<div class=\"elementor-icon-box-wrapper\">\n\n\t\t\t\t\t\t<div class=\"elementor-icon-box-icon\">\n\t\t\t\t<span  class=\"elementor-icon\">\n\t\t\t\t<svg aria-hidden=\"true\" class=\"e-font-icon-svg e-fas-leaf\" viewBox=\"0 0 576 512\" xmlns=\"http:\/\/www.w3.org\/2000\/svg\"><path d=\"M546.2 9.7c-5.6-12.5-21.6-13-28.3-1.2C486.9 62.4 431.4 96 368 96h-80C182 96 96 182 96 288c0 7 .8 13.7 1.5 20.5C161.3 262.8 253.4 224 384 224c8.8 0 16 7.2 16 16s-7.2 16-16 16C132.6 256 26 410.1 2.4 468c-6.6 16.3 1.2 34.9 17.5 41.6 16.4 6.8 35-1.1 41.8-17.3 1.5-3.6 20.9-47.9 71.9-90.6 32.4 43.9 94 85.8 174.9 77.2C465.5 467.5 576 326.7 576 154.3c0-50.2-10.8-102.2-29.8-144.6z\"><\/path><\/svg>\t\t\t\t<\/span>\n\t\t\t<\/div>\n\t\t\t\n\t\t\t\t\t\t<div class=\"elementor-icon-box-content\">\n\n\t\t\t\t\t\t\t\t\t<h2 class=\"elementor-icon-box-title\">\n\t\t\t\t\t\t<span  >\n\t\t\t\t\t\t\t\u015arodowisko i jako\u015b\u0107\t\t\t\t\t\t<\/span>\n\t\t\t\t\t<\/h2>\n\t\t\t\t\n\t\t\t\t\t\t\t\t\t<p class=\"elementor-icon-box-description\">\n\t\t\t\t\t\tJako\u015b\u0107 i zr\u00f3wnowa\u017cony rozw\u00f3j stanowi\u0105 podstaw\u0119 wszystkich dzia\u0142a\u0144 SCN. Posiadamy podw\u00f3jny certyfikat ISO: ISO 9001 (zarz\u0105dzanie jako\u015bci\u0105) i ISO 14001 (zarz\u0105dzanie \u015brodowiskowe), co potwierdza, \u017ce spe\u0142niamy mi\u0119dzynarodowe standardy w obu obszarach. <br><br>Nieustannie d\u0105\u017cymy do realizacji jasno okre\u015blonych cel\u00f3w \u015brodowiskowych, kt\u00f3re uwa\u017camy za kluczowe dla utrzymania pozycji odpowiedzialnego i konkurencyjnego dostawcy w sektorze przemys\u0142owym. Wi\u0119cej o naszych zobowi\u0105zaniach w zakresie jako\u015bci i zr\u00f3wnowa\u017conego rozwoju mo\u017cna przeczyta\u0107 tutaj. \t\t\t\t\t<\/p>\n\t\t\t\t\n\t\t\t<\/div>\n\t\t\t\n\t\t<\/div>\n\t\t\t\t\t\t<\/div>\n\t\t\t\t<\/div>\n\t\t<div class=\"elementor-element elementor-element-7209a432 e-con-full e-flex e-con e-child\" data-id=\"7209a432\" data-element_type=\"container\" data-e-type=\"container\">\n\t\t\t\t<div class=\"elementor-element elementor-element-1afeb018 elementor-position-inline-start elementor-mobile-position-inline-start elementor-view-default elementor-widget elementor-widget-icon-box\" data-id=\"1afeb018\" data-element_type=\"widget\" data-e-type=\"widget\" data-widget_type=\"icon-box.default\">\n\t\t\t\t\t\t\t<div class=\"elementor-icon-box-wrapper\">\n\n\t\t\t\t\t\t<div class=\"elementor-icon-box-icon\">\n\t\t\t\t<span  class=\"elementor-icon\">\n\t\t\t\t<svg aria-hidden=\"true\" class=\"e-font-icon-svg e-fas-microchip\" viewBox=\"0 0 512 512\" xmlns=\"http:\/\/www.w3.org\/2000\/svg\"><path d=\"M416 48v416c0 26.51-21.49 48-48 48H144c-26.51 0-48-21.49-48-48V48c0-26.51 21.49-48 48-48h224c26.51 0 48 21.49 48 48zm96 58v12a6 6 0 0 1-6 6h-18v6a6 6 0 0 1-6 6h-42V88h42a6 6 0 0 1 6 6v6h18a6 6 0 0 1 6 6zm0 96v12a6 6 0 0 1-6 6h-18v6a6 6 0 0 1-6 6h-42v-48h42a6 6 0 0 1 6 6v6h18a6 6 0 0 1 6 6zm0 96v12a6 6 0 0 1-6 6h-18v6a6 6 0 0 1-6 6h-42v-48h42a6 6 0 0 1 6 6v6h18a6 6 0 0 1 6 6zm0 96v12a6 6 0 0 1-6 6h-18v6a6 6 0 0 1-6 6h-42v-48h42a6 6 0 0 1 6 6v6h18a6 6 0 0 1 6 6zM30 376h42v48H30a6 6 0 0 1-6-6v-6H6a6 6 0 0 1-6-6v-12a6 6 0 0 1 6-6h18v-6a6 6 0 0 1 6-6zm0-96h42v48H30a6 6 0 0 1-6-6v-6H6a6 6 0 0 1-6-6v-12a6 6 0 0 1 6-6h18v-6a6 6 0 0 1 6-6zm0-96h42v48H30a6 6 0 0 1-6-6v-6H6a6 6 0 0 1-6-6v-12a6 6 0 0 1 6-6h18v-6a6 6 0 0 1 6-6zm0-96h42v48H30a6 6 0 0 1-6-6v-6H6a6 6 0 0 1-6-6v-12a6 6 0 0 1 6-6h18v-6a6 6 0 0 1 6-6z\"><\/path><\/svg>\t\t\t\t<\/span>\n\t\t\t<\/div>\n\t\t\t\n\t\t\t\t\t\t<div class=\"elementor-icon-box-content\">\n\n\t\t\t\t\t\t\t\t\t<h2 class=\"elementor-icon-box-title\">\n\t\t\t\t\t\t<span  >\n\t\t\t\t\t\t\tSCN i Addtech\t\t\t\t\t\t<\/span>\n\t\t\t\t\t<\/h2>\n\t\t\t\t\n\t\t\t\t\t\t\t\t\t<p class=\"elementor-icon-box-description\">\n\t\t\t\t\t\tSCN jest cz\u0119\u015bci\u0105 Addtech, szwedzkiej notowanej na gie\u0142dzie grupy rozwi\u0105za\u0144 technologicznych, sk\u0142adaj\u0105cej si\u0119 z oko\u0142o 150 niezale\u017cnych firm. Addtech delivers high-tech products and solutions to customers primarily within the manufacturing industry and infrastructure across around 20 countries, with a long-term focus on sustainable growth.<br><br>Jako cz\u0142onek grupy Addtech, SCN \u0142\u0105czy elastyczno\u015b\u0107, p\u0142ask\u0105 struktur\u0119 i szybkie podejmowanie decyzji ma\u0142ej firmy z zasobami, globaln\u0105 sieci\u0105 i mo\u017cliwo\u015bciami kariery du\u017cej organizacji.\t\t\t\t\t<\/p>\n\t\t\t\t\n\t\t\t<\/div>\n\t\t\t\n\t\t<\/div>\n\t\t\t\t\t\t<\/div>\n\t\t\t\t<\/div>\n\t\t<div class=\"elementor-element elementor-element-398c3432 e-con-full e-flex e-con e-child\" data-id=\"398c3432\" data-element_type=\"container\" data-e-type=\"container\">\n\t\t\t\t<div class=\"elementor-element elementor-element-1e8f0c83 elementor-position-inline-start elementor-mobile-position-inline-start elementor-view-default elementor-widget elementor-widget-icon-box\" data-id=\"1e8f0c83\" data-element_type=\"widget\" data-e-type=\"widget\" data-widget_type=\"icon-box.default\">\n\t\t\t\t\t\t\t<div class=\"elementor-icon-box-wrapper\">\n\n\t\t\t\t\t\t<div class=\"elementor-icon-box-icon\">\n\t\t\t\t<span  class=\"elementor-icon\">\n\t\t\t\t<svg aria-hidden=\"true\" class=\"e-font-icon-svg e-fas-handshake\" viewBox=\"0 0 640 512\" xmlns=\"http:\/\/www.w3.org\/2000\/svg\"><path d=\"M434.7 64h-85.9c-8 0-15.7 3-21.6 8.4l-98.3 90c-.1.1-.2.3-.3.4-16.6 15.6-16.3 40.5-2.1 56 12.7 13.9 39.4 17.6 56.1 2.7.1-.1.3-.1.4-.2l79.9-73.2c6.5-5.9 16.7-5.5 22.6 1 6 6.5 5.5 16.6-1 22.6l-26.1 23.9L504 313.8c2.9 2.4 5.5 5 7.9 7.7V128l-54.6-54.6c-5.9-6-14.1-9.4-22.6-9.4zM544 128.2v223.9c0 17.7 14.3 32 32 32h64V128.2h-96zm48 223.9c-8.8 0-16-7.2-16-16s7.2-16 16-16 16 7.2 16 16-7.2 16-16 16zM0 384h64c17.7 0 32-14.3 32-32V128.2H0V384zm48-63.9c8.8 0 16 7.2 16 16s-7.2 16-16 16-16-7.2-16-16c0-8.9 7.2-16 16-16zm435.9 18.6L334.6 217.5l-30 27.5c-29.7 27.1-75.2 24.5-101.7-4.4-26.9-29.4-24.8-74.9 4.4-101.7L289.1 64h-83.8c-8.5 0-16.6 3.4-22.6 9.4L128 128v223.9h18.3l90.5 81.9c27.4 22.3 67.7 18.1 90-9.3l.2-.2 17.9 15.5c15.9 13 39.4 10.5 52.3-5.4l31.4-38.6 5.4 4.4c13.7 11.1 33.9 9.1 45-4.7l9.5-11.7c11.2-13.8 9.1-33.9-4.6-45.1z\"><\/path><\/svg>\t\t\t\t<\/span>\n\t\t\t<\/div>\n\t\t\t\n\t\t\t\t\t\t<div class=\"elementor-icon-box-content\">\n\n\t\t\t\t\t\t\t\t\t<h2 class=\"elementor-icon-box-title\">\n\t\t\t\t\t\t<span  >\n\t\t\t\t\t\t\tKlienci na pierwszym miejscu\t\t\t\t\t\t<\/span>\n\t\t\t\t\t<\/h2>\n\t\t\t\t\n\t\t\t\t\t\t\t\t\t<p class=\"elementor-icon-box-description\">\n\t\t\t\t\t\tSCN obs\u0142uguje g\u0142\u00f3wnie \u015brednich i du\u017cych producent\u00f3w maszyn. Nasza oferta produkt\u00f3w jest celowo zaprojektowana wok\u00f3\u0142 rzeczywistych potrzeb naszych klient\u00f3w, co pozwala nam dostarcza\u0107 najlepsze w swojej klasie wsparcie techniczne i us\u0142ugi dostosowane do wyzwa\u0144, z kt\u00f3rymi producenci maszyn mierz\u0105 si\u0119 dzisiaj. \n\t\t\t\t\t<\/p>\n\t\t\t\t\n\t\t\t<\/div>\n\t\t\t\n\t\t<\/div>\n\t\t\t\t\t\t<\/div>\n\t\t\t\t<\/div>\n\t\t<div class=\"elementor-element elementor-element-ead39b0 e-con-full e-flex e-con e-child\" data-id=\"ead39b0\" data-element_type=\"container\" data-e-type=\"container\">\n\t\t\t\t<div class=\"elementor-element elementor-element-befec6c elementor-position-inline-start elementor-mobile-position-inline-start elementor-view-default elementor-widget elementor-widget-icon-box\" data-id=\"befec6c\" data-element_type=\"widget\" data-e-type=\"widget\" data-widget_type=\"icon-box.default\">\n\t\t\t\t\t\t\t<div class=\"elementor-icon-box-wrapper\">\n\n\t\t\t\t\t\t<div class=\"elementor-icon-box-icon\">\n\t\t\t\t<a href=\"\/partners\" class=\"elementor-icon\" tabindex=\"-1\" aria-label=\"Nasi partnerzy\">\n\t\t\t\t<svg aria-hidden=\"true\" class=\"e-font-icon-svg e-fas-handshake\" viewBox=\"0 0 640 512\" xmlns=\"http:\/\/www.w3.org\/2000\/svg\"><path d=\"M434.7 64h-85.9c-8 0-15.7 3-21.6 8.4l-98.3 90c-.1.1-.2.3-.3.4-16.6 15.6-16.3 40.5-2.1 56 12.7 13.9 39.4 17.6 56.1 2.7.1-.1.3-.1.4-.2l79.9-73.2c6.5-5.9 16.7-5.5 22.6 1 6 6.5 5.5 16.6-1 22.6l-26.1 23.9L504 313.8c2.9 2.4 5.5 5 7.9 7.7V128l-54.6-54.6c-5.9-6-14.1-9.4-22.6-9.4zM544 128.2v223.9c0 17.7 14.3 32 32 32h64V128.2h-96zm48 223.9c-8.8 0-16-7.2-16-16s7.2-16 16-16 16 7.2 16 16-7.2 16-16 16zM0 384h64c17.7 0 32-14.3 32-32V128.2H0V384zm48-63.9c8.8 0 16 7.2 16 16s-7.2 16-16 16-16-7.2-16-16c0-8.9 7.2-16 16-16zm435.9 18.6L334.6 217.5l-30 27.5c-29.7 27.1-75.2 24.5-101.7-4.4-26.9-29.4-24.8-74.9 4.4-101.7L289.1 64h-83.8c-8.5 0-16.6 3.4-22.6 9.4L128 128v223.9h18.3l90.5 81.9c27.4 22.3 67.7 18.1 90-9.3l.2-.2 17.9 15.5c15.9 13 39.4 10.5 52.3-5.4l31.4-38.6 5.4 4.4c13.7 11.1 33.9 9.1 45-4.7l9.5-11.7c11.2-13.8 9.1-33.9-4.6-45.1z\"><\/path><\/svg>\t\t\t\t<\/a>\n\t\t\t<\/div>\n\t\t\t\n\t\t\t\t\t\t<div class=\"elementor-icon-box-content\">\n\n\t\t\t\t\t\t\t\t\t<h2 class=\"elementor-icon-box-title\">\n\t\t\t\t\t\t<a href=\"\/partners\" >\n\t\t\t\t\t\t\tNasi partnerzy\t\t\t\t\t\t<\/a>\n\t\t\t\t\t<\/h2>\n\t\t\t\t\n\t\t\t\t\t\t\t\t\t<p class=\"elementor-icon-box-description\">\n\t\t\t\t\t\tPartnerzy SCN to starannie dobrani specjali\u015bci \u2013 ka\u017cdy z nich jest liderem w swojej dziedzinie. Razem opracowali\u015bmy kompletne i pot\u0119\u017cne portfolio produkt\u00f3w obejmuj\u0105ce pi\u0119\u0107 kluczowych obszar\u00f3w: <br><br><ul style=\"margin-top:-10px;margin-bottom:17px\">\n<li>Czujniki<\/li><li>\nKomponenty<\/li><li>\nKomputery przemys\u0142owe<\/li><li>\nProdukty sieciowe<\/li><li>\nSystemy sterowania i nap\u0119d\u00f3w<\/li><\/ul>\n\nKa\u017cdy obszar produktowy jest reprezentowany przez specjalist\u0119, kt\u00f3ry \u0142\u0105czy g\u0142\u0119bok\u0105 wiedz\u0119 techniczn\u0105 z efektywno\u015bci\u0105 kosztow\u0105 \u2013 zapewniaj\u0105c producentom maszyn dost\u0119p do najlepszych rozwi\u0105za\u0144 dost\u0119pnych na rynku.\t\t\t\t\t<\/p>\n\t\t\t\t\n\t\t\t<\/div>\n\t\t\t\n\t\t<\/div>\n\t\t\t\t\t\t<\/div>\n\t\t\t\t<\/div>\n\t\t\t\t<\/div>\n\t\t<div class=\"elementor-element elementor-element-12d7c0e4 e-con-full e-flex e-con e-parent\" data-id=\"12d7c0e4\" data-element_type=\"container\" data-e-type=\"container\" data-settings=\"{&quot;background_background&quot;:&quot;classic&quot;}\">\n\t\t<div class=\"elementor-element elementor-element-775ff38 e-con-full e-flex e-con e-child\" data-id=\"775ff38\" data-element_type=\"container\" data-e-type=\"container\">\n\t\t\t\t<\/div>\n\t\t<div class=\"elementor-element elementor-element-f085cbb e-con-full e-flex e-con e-child\" data-id=\"f085cbb\" data-element_type=\"container\" data-e-type=\"container\">\n\t\t<div class=\"elementor-element elementor-element-7527033b e-con-full e-flex e-con e-child\" data-id=\"7527033b\" data-element_type=\"container\" data-e-type=\"container\" data-settings=\"{&quot;background_background&quot;:&quot;classic&quot;}\">\n\t\t\t\t<div class=\"elementor-element elementor-element-2cd75db1 animated-fast elementor-invisible elementor-widget elementor-widget-heading\" data-id=\"2cd75db1\" data-element_type=\"widget\" data-e-type=\"widget\" data-settings=\"{&quot;_animation&quot;:&quot;fadeInLeft&quot;}\" data-widget_type=\"heading.default\">\n\t\t\t\t\t<h2 class=\"elementor-heading-title elementor-size-default\"><a href=\"#\">Ludzie stoj\u0105cy za SCN<\/a><\/h2>\t\t\t\t<\/div>\n\t\t\t\t<div class=\"elementor-element elementor-element-f7b2cf elementor-widget__width-initial elementor-invisible elementor-widget elementor-widget-text-editor\" data-id=\"f7b2cf\" data-element_type=\"widget\" data-e-type=\"widget\" data-settings=\"{&quot;_animation&quot;:&quot;fadeInUp&quot;}\" data-widget_type=\"text-editor.default\">\n\t\t\t\t\t\t\t\t\t<p>\u015awietna technologia jest tak dobra, jak ludzie, kt\u00f3rzy za ni\u0105 stoj\u0105. W SCN nasz zesp\u00f3\u0142 oddanych specjalist\u00f3w \u0142\u0105czy g\u0142\u0119bok\u0105 wiedz\u0119 techniczn\u0105, prawdziwe zorientowanie na klienta i wsp\u00f3ln\u0105 pasj\u0119 do znajdowania w\u0142a\u015bciwych rozwi\u0105za\u0144. Niezale\u017cnie od tego, czy potrzebuj\u0105 Pa\u0144stwo wsparcia w zakresie automatyki przemys\u0142owej, system\u00f3w sterowania, sieci czy bezpiecze\u0144stwa, znajd\u0105 tu Pa\u0144stwo eksperta gotowego do pomocy. Poznaj nasz zesp\u00f3\u0142 i skontaktuj si\u0119 z nami ju\u017c dzi\u015b.   <\/p>\t\t\t\t\t\t\t\t<\/div>\n\t\t<div class=\"elementor-element elementor-element-7dbdcb52 e-con-full animated-fast e-flex elementor-invisible e-con e-child\" data-id=\"7dbdcb52\" data-element_type=\"container\" data-e-type=\"container\" data-settings=\"{&quot;animation&quot;:&quot;fadeInUp&quot;}\">\n\t\t\t\t<div class=\"elementor-element elementor-element-1640d3a4 elementor-widget elementor-widget-button\" data-id=\"1640d3a4\" data-element_type=\"widget\" data-e-type=\"widget\" data-widget_type=\"button.default\">\n\t\t\t\t\t\t\t\t\t\t<a class=\"elementor-button elementor-button-link elementor-size-sm\" href=\"\/about\/employees\">\n\t\t\t\t\t\t<span class=\"elementor-button-content-wrapper\">\n\t\t\t\t\t\t\t\t\t<span class=\"elementor-button-text\">Poznaj zesp\u00f3\u0142<\/span>\n\t\t\t\t\t<\/span>\n\t\t\t\t\t<\/a>\n\t\t\t\t\t\t\t\t<\/div>\n\t\t\t\t<div class=\"elementor-element elementor-element-689acde4 transparent_button elementor-widget elementor-widget-button\" data-id=\"689acde4\" data-element_type=\"widget\" data-e-type=\"widget\" data-widget_type=\"button.default\">\n\t\t\t\t\t\t\t\t\t\t<a class=\"elementor-button elementor-button-link elementor-size-sm\" href=\"https:\/\/scn.mildmedia-dev.eu\/pl\/kontakt\/\">\n\t\t\t\t\t\t<span class=\"elementor-button-content-wrapper\">\n\t\t\t\t\t\t\t\t\t<span class=\"elementor-button-text\">Skontaktuj si\u0119 z nami<\/span>\n\t\t\t\t\t<\/span>\n\t\t\t\t\t<\/a>\n\t\t\t\t\t\t\t\t<\/div>\n\t\t\t\t<\/div>\n\t\t\t\t<\/div>\n\t\t\t\t<\/div>\n\t\t\t\t<\/div>\n\t\t\t\t<\/div>\n\t\t","protected":false},"excerpt":{"rendered":"<p>O SCN SCN jest wiod\u0105cym niezale\u017cnym europejskim dostawc\u0105 komponent\u00f3w przemys\u0142owych i rozwi\u0105za\u0144 technicznych. Dzi\u0119ki \u015bcis\u0142ej wsp\u00f3\u0142pracy z producentami \u015bwiatowej klasy oraz silnej ekspertyzie technicznej dostarczamy firmom technologicznym i klientom przemys\u0142owym niezawodne komponenty do wymagaj\u0105cych zastosowa\u0144. Koncentrujemy si\u0119 na silnych partnerstwach z dostawcami, g\u0142\u0119bokiej znajomo\u015bci zastosowa\u0144 oraz d\u0142ugoterminowych relacjach zar\u00f3wno z klientami, jak i producentami. SCN&#8230;<\/p>\n","protected":false},"author":5,"featured_media":0,"parent":0,"menu_order":0,"comment_status":"closed","ping_status":"closed","template":"","meta":{"_kad_post_transparent":"","_kad_post_title":"","_kad_post_layout":"","_kad_post_sidebar_id":"","_kad_post_content_style":"","_kad_post_vertical_padding":"","_kad_post_feature":"","_kad_post_feature_position":"","_kad_post_header":false,"_kad_post_footer":false,"_kad_post_classname":"","footnotes":""},"class_list":["post-8071497","page","type-page","status-publish","hentry"],"_links":{"self":[{"href":"https:\/\/scn.eu\/pl\/wp-json\/wp\/v2\/pages\/8071497","targetHints":{"allow":["GET"]}}],"collection":[{"href":"https:\/\/scn.eu\/pl\/wp-json\/wp\/v2\/pages"}],"about":[{"href":"https:\/\/scn.eu\/pl\/wp-json\/wp\/v2\/types\/page"}],"author":[{"embeddable":true,"href":"https:\/\/scn.eu\/pl\/wp-json\/wp\/v2\/users\/5"}],"replies":[{"embeddable":true,"href":"https:\/\/scn.eu\/pl\/wp-json\/wp\/v2\/comments?post=8071497"}],"version-history":[{"count":6,"href":"https:\/\/scn.eu\/pl\/wp-json\/wp\/v2\/pages\/8071497\/revisions"}],"predecessor-version":[{"id":8074191,"href":"https:\/\/scn.eu\/pl\/wp-json\/wp\/v2\/pages\/8071497\/revisions\/8074191"}],"wp:attachment":[{"href":"https:\/\/scn.eu\/pl\/wp-json\/wp\/v2\/media?parent=8071497"}],"curies":[{"name":"wp","href":"https:\/\/api.w.org\/{rel}","templated":true}]}}