{"id":8073232,"date":"2026-02-13T10:23:55","date_gmt":"2026-02-13T10:23:55","guid":{"rendered":"https:\/\/firm-pigeon.10web.cloud\/om-scn\/karriere\/"},"modified":"2026-03-26T15:55:40","modified_gmt":"2026-03-26T15:55:40","slug":"karriere","status":"publish","type":"page","link":"https:\/\/scn.eu\/no\/om-scn\/karriere\/","title":{"rendered":"Karriere"},"content":{"rendered":"\t\t<div data-elementor-type=\"wp-page\" data-elementor-id=\"8073232\" class=\"elementor elementor-8073232 elementor-652290\" data-elementor-post-type=\"page\">\n\t\t\t\t<div class=\"elementor-element elementor-element-7876de5 e-con-full e-flex e-con e-parent\" data-id=\"7876de5\" data-element_type=\"container\" data-e-type=\"container\" data-settings=\"{&quot;background_background&quot;:&quot;classic&quot;}\">\n\t\t<div class=\"elementor-element elementor-element-7c615fca e-con-full e-flex e-con e-child\" data-id=\"7c615fca\" data-element_type=\"container\" data-e-type=\"container\" data-settings=\"{&quot;background_background&quot;:&quot;classic&quot;}\">\n\t\t\t\t<div class=\"elementor-element elementor-element-35c0d35 elementor-widget__width-initial animated-fast elementor-invisible elementor-widget elementor-widget-heading\" data-id=\"35c0d35\" data-element_type=\"widget\" data-e-type=\"widget\" data-settings=\"{&quot;_animation&quot;:&quot;fadeInLeft&quot;}\" data-widget_type=\"heading.default\">\n\t\t\t\t\t<h1 class=\"elementor-heading-title elementor-size-default\">V\u00e5re ledige stillinger akkurat n\u00e5<\/h1>\t\t\t\t<\/div>\n\t\t\t\t<div class=\"elementor-element elementor-element-38b9d36 elementor-widget elementor-widget-text-editor\" data-id=\"38b9d36\" data-element_type=\"widget\" data-e-type=\"widget\" data-widget_type=\"text-editor.default\">\n\t\t\t\t\t\t\t\t\t\u00c5 velge ditt neste karrieresteg er en viktig beslutning, og denne siden samler mulighetene som er tilgjengelige hos SCN akkurat n\u00e5. Her kan du utforske roller hvor din ekspertise kan gi et meningsfullt bidrag til v\u00e5re kunder, v\u00e5rt teknologitilbud og bransjene vi st\u00f8tter. Vi \u00f8nsker \u00e5 gi et tydelig bilde av hva hver stilling inneb\u00e6rer, slik at du enkelt kan vurdere om den stemmer overens med dine ferdigheter, ambisjoner og foretrukne arbeidsm\u00e5te.  <br><br>Vi tror p\u00e5 et milj\u00f8 der mennesker vokser gjennom ansvar, samarbeid og tillit. Hvis du finner en rolle som appellerer til deg, oppfordrer vi deg til \u00e5 lese mer og ta neste steg. Ditt fremtidige bidrag kan v\u00e6re en viktig del av v\u00e5r fortsatte utvikling.  \t\t\t\t\t\t\t\t<\/div>\n\t\t\t\t<\/div>\n\t\t<div class=\"elementor-element elementor-element-703bdfdd e-con-full elementor-hidden-mobile e-flex e-con e-child\" data-id=\"703bdfdd\" data-element_type=\"container\" data-e-type=\"container\">\n\t\t\t\t<\/div>\n\t\t\t\t<\/div>\n\t\t<div class=\"elementor-element elementor-element-168104bc e-con-full e-flex e-con e-parent\" data-id=\"168104bc\" data-element_type=\"container\" data-e-type=\"container\" id=\"factoryautomation_categories\" data-settings=\"{&quot;background_background&quot;:&quot;gradient&quot;}\">\n\t\t<div class=\"elementor-element elementor-element-5336b3f4 e-con-full e-flex e-con e-child\" data-id=\"5336b3f4\" data-element_type=\"container\" data-e-type=\"container\">\n\t\t<div class=\"elementor-element elementor-element-52a5553f e-con-full e-flex e-con e-child\" data-id=\"52a5553f\" data-element_type=\"container\" data-e-type=\"container\">\n\t\t\t\t<div class=\"elementor-element elementor-element-46e4d47 elementor-position-inline-start elementor-mobile-position-inline-start elementor-view-default elementor-widget elementor-widget-icon-box\" data-id=\"46e4d47\" data-element_type=\"widget\" data-e-type=\"widget\" data-widget_type=\"icon-box.default\">\n\t\t\t\t\t\t\t<div class=\"elementor-icon-box-wrapper\">\n\n\t\t\t\t\t\t<div class=\"elementor-icon-box-icon\">\n\t\t\t\t<span  class=\"elementor-icon\">\n\t\t\t\t<svg aria-hidden=\"true\" class=\"e-font-icon-svg e-fas-user-tie\" viewBox=\"0 0 448 512\" xmlns=\"http:\/\/www.w3.org\/2000\/svg\"><path d=\"M224 256c70.7 0 128-57.3 128-128S294.7 0 224 0 96 57.3 96 128s57.3 128 128 128zm95.8 32.6L272 480l-32-136 32-56h-96l32 56-32 136-47.8-191.4C56.9 292 0 350.3 0 422.4V464c0 26.5 21.5 48 48 48h352c26.5 0 48-21.5 48-48v-41.6c0-72.1-56.9-130.4-128.2-133.8z\"><\/path><\/svg>\t\t\t\t<\/span>\n\t\t\t<\/div>\n\t\t\t\n\t\t\t\t\t\t<div class=\"elementor-icon-box-content\">\n\n\t\t\t\t\t\t\t\t\t<h2 class=\"elementor-icon-box-title\">\n\t\t\t\t\t\t<span  >\n\t\t\t\t\t\t\tDriv fremtiden med oss\t\t\t\t\t\t<\/span>\n\t\t\t\t\t<\/h2>\n\t\t\t\t\n\t\t\t\t\t\t\t\t\t<p class=\"elementor-icon-box-description\">\n\t\t\t\t\t\tHos SCN streber vi alltid fremover \u2013 vi s\u00f8ker kontinuerlig etter drivne talenter som brenner for salg og besitter en sterk gr\u00fcnder\u00e5nd. For oss handler det ikke bare om \u00e5 selge produkter; det handler om \u00e5 bygge langsiktige relasjoner, finne kreative l\u00f8sninger og skape verdi for v\u00e5re kunder. \n<br><br>Vi verdsetter individer som t\u00f8r \u00e5 tenke utenfor boksen, er proaktive og ser muligheter der andre ser hindringer. Hvis du er en som \u00f8nsker \u00e5 bidra til \u00e5 forme bransjens fremtid med oss og trives i et dynamisk arbeidsmilj\u00f8 hvor ingen dager er like, da kan du v\u00e6re akkurat den vi leter etter. \t\t\t\t\t<\/p>\n\t\t\t\t\n\t\t\t<\/div>\n\t\t\t\n\t\t<\/div>\n\t\t\t\t\t\t<\/div>\n\t\t\t\t<\/div>\n\t\t<div class=\"elementor-element elementor-element-61949ce2 e-con-full e-flex e-con e-child\" data-id=\"61949ce2\" data-element_type=\"container\" data-e-type=\"container\" id=\"customer_form\">\n\t\t\t\t<div class=\"elementor-element elementor-element-29e59bd elementor-position-inline-start elementor-mobile-position-inline-start elementor-view-default elementor-widget elementor-widget-icon-box\" data-id=\"29e59bd\" data-element_type=\"widget\" data-e-type=\"widget\" data-widget_type=\"icon-box.default\">\n\t\t\t\t\t\t\t<div class=\"elementor-icon-box-wrapper\">\n\n\t\t\t\t\t\t<div class=\"elementor-icon-box-icon\">\n\t\t\t\t<span  class=\"elementor-icon\">\n\t\t\t\t<svg aria-hidden=\"true\" class=\"e-font-icon-svg e-fas-file-contract\" viewBox=\"0 0 384 512\" xmlns=\"http:\/\/www.w3.org\/2000\/svg\"><path d=\"M224 136V0H24C10.7 0 0 10.7 0 24v464c0 13.3 10.7 24 24 24h336c13.3 0 24-10.7 24-24V160H248c-13.2 0-24-10.8-24-24zM64 72c0-4.42 3.58-8 8-8h80c4.42 0 8 3.58 8 8v16c0 4.42-3.58 8-8 8H72c-4.42 0-8-3.58-8-8V72zm0 64c0-4.42 3.58-8 8-8h80c4.42 0 8 3.58 8 8v16c0 4.42-3.58 8-8 8H72c-4.42 0-8-3.58-8-8v-16zm192.81 248H304c8.84 0 16 7.16 16 16s-7.16 16-16 16h-47.19c-16.45 0-31.27-9.14-38.64-23.86-2.95-5.92-8.09-6.52-10.17-6.52s-7.22.59-10.02 6.19l-7.67 15.34a15.986 15.986 0 0 1-14.31 8.84c-.38 0-.75-.02-1.14-.05-6.45-.45-12-4.75-14.03-10.89L144 354.59l-10.61 31.88c-5.89 17.66-22.38 29.53-41 29.53H80c-8.84 0-16-7.16-16-16s7.16-16 16-16h12.39c4.83 0 9.11-3.08 10.64-7.66l18.19-54.64c3.3-9.81 12.44-16.41 22.78-16.41s19.48 6.59 22.77 16.41l13.88 41.64c19.77-16.19 54.05-9.7 66 14.16 2.02 4.06 5.96 6.5 10.16 6.5zM377 105L279.1 7c-4.5-4.5-10.6-7-17-7H256v128h128v-6.1c0-6.3-2.5-12.4-7-16.9z\"><\/path><\/svg>\t\t\t\t<\/span>\n\t\t\t<\/div>\n\t\t\t\n\t\t\t\t\t\t<div class=\"elementor-icon-box-content\">\n\n\t\t\t\t\t\t\t\t\t<h2 class=\"elementor-icon-box-title\">\n\t\t\t\t\t\t<span  >\n\t\t\t\t\t\t\tSend din s\u00f8knad\t\t\t\t\t\t<\/span>\n\t\t\t\t\t<\/h2>\n\t\t\t\t\n\t\t\t\t\t\t\t\t\t<p class=\"elementor-icon-box-description\">\n\t\t\t\t\t\tVi verdsetter spontane s\u00f8knader fra individer som deler v\u00e5r lidenskap for salg og innovasjon. Hvis du er klar til \u00e5 ta neste steg i karrieren din, ikke n\u00f8l med \u00e5 ta kontakt! Send din s\u00f8knad til <a href=\"mailto:sales@scn.uk\" style=\"font-weight:700;text-decoration:underline\">sales@scn.uk<\/a> og fortell oss hvorfor du er den rette for oss. Vi ser frem til \u00e5 h\u00f8re din historie og kanskje bli en del av din fremtidige reise!   <br><br>\nVelkommen til SCN \u2013 sammen skaper vi morgendagens muligheter!\t\t\t\t\t<\/p>\n\t\t\t\t\n\t\t\t<\/div>\n\t\t\t\n\t\t<\/div>\n\t\t\t\t\t\t<\/div>\n\t\t\t\t<div class=\"elementor-element elementor-element-23b7509 elementor-widget elementor-widget-button\" data-id=\"23b7509\" data-element_type=\"widget\" data-e-type=\"widget\" data-widget_type=\"button.default\">\n\t\t\t\t\t\t\t\t\t\t<a class=\"elementor-button elementor-button-link elementor-size-sm\" href=\"mailto:sales@scn.uk\" target=\"_blank\">\n\t\t\t\t\t\t<span class=\"elementor-button-content-wrapper\">\n\t\t\t\t\t\t\t\t\t<span class=\"elementor-button-text\">Send din s\u00f8knad<\/span>\n\t\t\t\t\t<\/span>\n\t\t\t\t\t<\/a>\n\t\t\t\t\t\t\t\t<\/div>\n\t\t\t\t<\/div>\n\t\t\t\t<\/div>\n\t\t\t\t<\/div>\n\t\t<div class=\"elementor-element elementor-element-7b76bded e-con-full e-flex e-con e-parent\" data-id=\"7b76bded\" data-element_type=\"container\" data-e-type=\"container\" data-settings=\"{&quot;background_background&quot;:&quot;classic&quot;}\">\n\t\t<div class=\"elementor-element elementor-element-518f4530 e-con-full e-flex e-con e-child\" data-id=\"518f4530\" data-element_type=\"container\" data-e-type=\"container\">\n\t\t\t\t<\/div>\n\t\t<div class=\"elementor-element elementor-element-69eaebaa e-con-full e-flex e-con e-child\" data-id=\"69eaebaa\" data-element_type=\"container\" data-e-type=\"container\">\n\t\t<div class=\"elementor-element elementor-element-4a2bad0f e-con-full e-flex e-con e-child\" data-id=\"4a2bad0f\" data-element_type=\"container\" data-e-type=\"container\" data-settings=\"{&quot;background_background&quot;:&quot;classic&quot;}\">\n\t\t\t\t<div class=\"elementor-element elementor-element-69d097b8 animated-fast elementor-invisible elementor-widget elementor-widget-heading\" data-id=\"69d097b8\" data-element_type=\"widget\" data-e-type=\"widget\" data-settings=\"{&quot;_animation&quot;:&quot;fadeInLeft&quot;}\" data-widget_type=\"heading.default\">\n\t\t\t\t\t<h2 class=\"elementor-heading-title elementor-size-default\"><a href=\"https:\/\/scn.mildmedia-dev.eu\/no\/om-scn\/\">Om SCN<\/a><\/h2>\t\t\t\t<\/div>\n\t\t\t\t<div class=\"elementor-element elementor-element-3a7832aa elementor-widget__width-initial elementor-invisible elementor-widget elementor-widget-text-editor\" data-id=\"3a7832aa\" data-element_type=\"widget\" data-e-type=\"widget\" data-settings=\"{&quot;_animation&quot;:&quot;fadeInUp&quot;}\" data-widget_type=\"text-editor.default\">\n\t\t\t\t\t\t\t\t\tSCN er en ledende uavhengig europeisk leverand\u00f8r av industrielle komponenter og tekniske l\u00f8sninger. Gjennom tette partnerskap med produsenter i verdensklasse og sterk teknisk kompetanse, leverer vi p\u00e5litelige komponenter til teknologiselskaper og industrikunder for krevende applikasjoner. \n<br><br>V\u00e5rt fokus er p\u00e5 sterke leverand\u00f8rpartnerskap, dyp applikasjonskunnskap og langsiktige relasjoner med b\u00e5de kunder og produsenter.\n<br><br>SCN er en del av Addtech, et svensk b\u00f8rsnotert konsern for tekniske l\u00f8sninger som best\u00e5r av rundt 150 uavhengige selskaper.\t\t\t\t\t\t\t\t<\/div>\n\t\t<div class=\"elementor-element elementor-element-68f64555 e-con-full animated-fast e-flex elementor-invisible e-con e-child\" data-id=\"68f64555\" data-element_type=\"container\" data-e-type=\"container\" data-settings=\"{&quot;animation&quot;:&quot;fadeInUp&quot;}\">\n\t\t\t\t<div class=\"elementor-element elementor-element-c76da81 elementor-widget elementor-widget-button\" data-id=\"c76da81\" data-element_type=\"widget\" data-e-type=\"widget\" data-widget_type=\"button.default\">\n\t\t\t\t\t\t\t\t\t\t<a class=\"elementor-button elementor-button-link elementor-size-sm\" href=\"https:\/\/scn.mildmedia-dev.eu\/no\/om-scn\/\">\n\t\t\t\t\t\t<span class=\"elementor-button-content-wrapper\">\n\t\t\t\t\t\t\t\t\t<span class=\"elementor-button-text\">Les mer om oss<\/span>\n\t\t\t\t\t<\/span>\n\t\t\t\t\t<\/a>\n\t\t\t\t\t\t\t\t<\/div>\n\t\t\t\t<div class=\"elementor-element elementor-element-65eb4b56 transparent_button elementor-widget elementor-widget-button\" data-id=\"65eb4b56\" data-element_type=\"widget\" data-e-type=\"widget\" data-widget_type=\"button.default\">\n\t\t\t\t\t\t\t\t\t\t<a class=\"elementor-button elementor-button-link elementor-size-sm\" href=\"https:\/\/scn.mildmedia-dev.eu\/no\/kontakt\/\">\n\t\t\t\t\t\t<span class=\"elementor-button-content-wrapper\">\n\t\t\t\t\t\t\t\t\t<span class=\"elementor-button-text\">Kontakt oss<\/span>\n\t\t\t\t\t<\/span>\n\t\t\t\t\t<\/a>\n\t\t\t\t\t\t\t\t<\/div>\n\t\t\t\t<\/div>\n\t\t\t\t<\/div>\n\t\t\t\t<\/div>\n\t\t\t\t<\/div>\n\t\t\t\t<\/div>\n\t\t","protected":false},"excerpt":{"rendered":"<p>V\u00e5re ledige stillinger akkurat n\u00e5 \u00c5 velge ditt neste karrieresteg er en viktig beslutning, og denne siden samler mulighetene som er tilgjengelige hos SCN akkurat n\u00e5. Her kan du utforske roller hvor din ekspertise kan gi et meningsfullt bidrag til v\u00e5re kunder, v\u00e5rt teknologitilbud og bransjene vi st\u00f8tter. Vi \u00f8nsker \u00e5 gi et tydelig bilde&#8230;<\/p>\n","protected":false},"author":5,"featured_media":0,"parent":8063803,"menu_order":0,"comment_status":"closed","ping_status":"closed","template":"","meta":{"_kad_post_transparent":"","_kad_post_title":"","_kad_post_layout":"","_kad_post_sidebar_id":"","_kad_post_content_style":"","_kad_post_vertical_padding":"","_kad_post_feature":"","_kad_post_feature_position":"","_kad_post_header":false,"_kad_post_footer":false,"_kad_post_classname":"","footnotes":""},"class_list":["post-8073232","page","type-page","status-publish","hentry"],"_links":{"self":[{"href":"https:\/\/scn.eu\/no\/wp-json\/wp\/v2\/pages\/8073232","targetHints":{"allow":["GET"]}}],"collection":[{"href":"https:\/\/scn.eu\/no\/wp-json\/wp\/v2\/pages"}],"about":[{"href":"https:\/\/scn.eu\/no\/wp-json\/wp\/v2\/types\/page"}],"author":[{"embeddable":true,"href":"https:\/\/scn.eu\/no\/wp-json\/wp\/v2\/users\/5"}],"replies":[{"embeddable":true,"href":"https:\/\/scn.eu\/no\/wp-json\/wp\/v2\/comments?post=8073232"}],"version-history":[{"count":1,"href":"https:\/\/scn.eu\/no\/wp-json\/wp\/v2\/pages\/8073232\/revisions"}],"predecessor-version":[{"id":8073233,"href":"https:\/\/scn.eu\/no\/wp-json\/wp\/v2\/pages\/8073232\/revisions\/8073233"}],"up":[{"embeddable":true,"href":"https:\/\/scn.eu\/no\/wp-json\/wp\/v2\/pages\/8063803"}],"wp:attachment":[{"href":"https:\/\/scn.eu\/no\/wp-json\/wp\/v2\/media?parent=8073232"}],"curies":[{"name":"wp","href":"https:\/\/api.w.org\/{rel}","templated":true}]}}