{"id":8064094,"date":"2026-02-13T10:15:32","date_gmt":"2026-02-13T10:15:32","guid":{"rendered":"https:\/\/firm-pigeon.10web.cloud\/losninger\/"},"modified":"2026-03-22T02:21:17","modified_gmt":"2026-03-22T02:21:17","slug":"losninger","status":"publish","type":"page","link":"https:\/\/scn.eu\/no\/losninger\/","title":{"rendered":"L\u00f8sninger"},"content":{"rendered":"\t\t<div data-elementor-type=\"wp-page\" data-elementor-id=\"8064094\" class=\"elementor elementor-8064094 elementor-652276\" data-elementor-post-type=\"page\">\n\t\t\t\t<div class=\"elementor-element elementor-element-c61fbb9 e-con-full e-flex e-con e-parent\" data-id=\"c61fbb9\" data-element_type=\"container\" data-e-type=\"container\" data-settings=\"{&quot;background_background&quot;:&quot;classic&quot;}\">\n\t\t<div class=\"elementor-element elementor-element-3b9908f3 e-con-full e-flex e-con e-child\" data-id=\"3b9908f3\" data-element_type=\"container\" data-e-type=\"container\" data-settings=\"{&quot;background_background&quot;:&quot;classic&quot;}\">\n\t\t\t\t<div class=\"elementor-element elementor-element-6413eed elementor-widget__width-initial animated-fast elementor-invisible elementor-widget elementor-widget-heading\" data-id=\"6413eed\" data-element_type=\"widget\" data-e-type=\"widget\" data-settings=\"{&quot;_animation&quot;:&quot;fadeInLeft&quot;}\" data-widget_type=\"heading.default\">\n\t\t\t\t\t<h1 class=\"elementor-heading-title elementor-size-default\">Bransjer<\/h1>\t\t\t\t<\/div>\n\t\t\t\t<div class=\"elementor-element elementor-element-1b453d27 elementor-widget__width-initial elementor-invisible elementor-widget elementor-widget-text-editor\" data-id=\"1b453d27\" data-element_type=\"widget\" data-e-type=\"widget\" data-settings=\"{&quot;_animation&quot;:&quot;fadeInUp&quot;}\" data-widget_type=\"text-editor.default\">\n\t\t\t\t\t\t\t\t\t<p><strong>Syv bransjer. Ett oppdrag. <\/strong><\/p><p>Vi opererer der teknologi m\u00f8ter kritiske krav. Innen fabrikkautomatisering, kj\u00f8ret\u00f8yl\u00f8sninger, forsvar, medisin og biovitenskap, fornybar energi, infrastruktur og cybersikkerhet, bidrar vi med dyp domenekunnskap og ingeni\u00f8rpresisjon i hvert prosjekt. V\u00e5r rolle er alltid den samme \u2013 \u00e5 forst\u00e5 de unike utfordringene i hver bransje og levere l\u00f8sninger som presterer n\u00e5r det gjelder som mest.  <\/p>\t\t\t\t\t\t\t\t<\/div>\n\t\t<div class=\"elementor-element elementor-element-59027c70 e-con-full animated-fast e-flex elementor-invisible e-con e-child\" data-id=\"59027c70\" data-element_type=\"container\" data-e-type=\"container\" data-settings=\"{&quot;animation&quot;:&quot;fadeInUp&quot;}\">\n\t\t\t\t<div class=\"elementor-element elementor-element-1de33cd3 elementor-widget elementor-widget-button\" data-id=\"1de33cd3\" data-element_type=\"widget\" data-e-type=\"widget\" data-widget_type=\"button.default\">\n\t\t\t\t\t\t\t\t\t\t<a class=\"elementor-button elementor-button-link elementor-size-sm\" href=\"#industries\">\n\t\t\t\t\t\t<span class=\"elementor-button-content-wrapper\">\n\t\t\t\t\t\t<span class=\"elementor-button-icon\">\n\t\t\t\t<svg aria-hidden=\"true\" class=\"e-font-icon-svg e-fas-caret-down\" viewBox=\"0 0 320 512\" xmlns=\"http:\/\/www.w3.org\/2000\/svg\"><path d=\"M31.3 192h257.3c17.8 0 26.7 21.5 14.1 34.1L174.1 354.8c-7.8 7.8-20.5 7.8-28.3 0L17.2 226.1C4.6 213.5 13.5 192 31.3 192z\"><\/path><\/svg>\t\t\t<\/span>\n\t\t\t\t\t\t\t\t<\/span>\n\t\t\t\t\t<\/a>\n\t\t\t\t\t\t\t\t<\/div>\n\t\t\t\t<\/div>\n\t\t\t\t<\/div>\n\t\t<div class=\"elementor-element elementor-element-1dbadb7 e-con-full elementor-hidden-mobile e-flex e-con e-child\" data-id=\"1dbadb7\" data-element_type=\"container\" data-e-type=\"container\">\n\t\t\t\t<\/div>\n\t\t\t\t<\/div>\n\t\t<div class=\"elementor-element elementor-element-7c85bc5 e-con-full e-flex e-con e-parent\" data-id=\"7c85bc5\" data-element_type=\"container\" data-e-type=\"container\" id=\"industries\">\n\t\t<div class=\"elementor-element elementor-element-e690145 e-con-full e-flex e-con e-child\" data-id=\"e690145\" data-element_type=\"container\" data-e-type=\"container\">\n\t\t<a class=\"elementor-element elementor-element-b7e20b2 e-con-full industry_box e-flex e-con e-child\" data-id=\"b7e20b2\" data-element_type=\"container\" data-e-type=\"container\" data-settings=\"{&quot;background_background&quot;:&quot;classic&quot;}\" href=\"\/industries\/factory-automation\">\n\t\t<div class=\"elementor-element elementor-element-72b00ce e-con-full e-flex e-con e-child\" data-id=\"72b00ce\" data-element_type=\"container\" data-e-type=\"container\" data-settings=\"{&quot;background_background&quot;:&quot;classic&quot;}\">\n\t\t\t\t<div class=\"elementor-element elementor-element-08ab045 animated-fast elementor-invisible elementor-widget elementor-widget-heading\" data-id=\"08ab045\" data-element_type=\"widget\" data-e-type=\"widget\" data-settings=\"{&quot;_animation&quot;:&quot;fadeInLeft&quot;}\" data-widget_type=\"heading.default\">\n\t\t\t\t\t<h2 class=\"elementor-heading-title elementor-size-default\">Fabrikkautomatisering<\/h2>\t\t\t\t<\/div>\n\t\t\t\t<\/div>\n\t\t<div class=\"elementor-element elementor-element-daa0fc3 e-con-full e-flex e-con e-child\" data-id=\"daa0fc3\" data-element_type=\"container\" data-e-type=\"container\">\n\t\t\t\t<\/div>\n\t\t\t\t<\/a>\n\t\t\t\t<\/div>\n\t\t<div class=\"elementor-element elementor-element-3486d73 e-con-full e-flex e-con e-child\" data-id=\"3486d73\" data-element_type=\"container\" data-e-type=\"container\">\n\t\t<a class=\"elementor-element elementor-element-aa6465e e-con-full industry_box e-flex e-con e-child\" data-id=\"aa6465e\" data-element_type=\"container\" data-e-type=\"container\" data-settings=\"{&quot;background_background&quot;:&quot;classic&quot;}\" href=\"\/industries\/vehicle-solutions\">\n\t\t<div class=\"elementor-element elementor-element-aa1f287 e-con-full e-flex e-con e-child\" data-id=\"aa1f287\" data-element_type=\"container\" data-e-type=\"container\" data-settings=\"{&quot;background_background&quot;:&quot;classic&quot;}\">\n\t\t\t\t<div class=\"elementor-element elementor-element-529668a animated-fast elementor-invisible elementor-widget elementor-widget-heading\" data-id=\"529668a\" data-element_type=\"widget\" data-e-type=\"widget\" data-settings=\"{&quot;_animation&quot;:&quot;fadeInLeft&quot;}\" data-widget_type=\"heading.default\">\n\t\t\t\t\t<h2 class=\"elementor-heading-title elementor-size-default\">Kj\u00f8ret\u00f8yl\u00f8sninger<\/h2>\t\t\t\t<\/div>\n\t\t\t\t<\/div>\n\t\t<div class=\"elementor-element elementor-element-1d07875 e-con-full e-flex e-con e-child\" data-id=\"1d07875\" data-element_type=\"container\" data-e-type=\"container\">\n\t\t\t\t<\/div>\n\t\t\t\t<\/a>\n\t\t\t\t<\/div>\n\t\t<div class=\"elementor-element elementor-element-c513615 e-con-full e-flex e-con e-child\" data-id=\"c513615\" data-element_type=\"container\" data-e-type=\"container\">\n\t\t<a class=\"elementor-element elementor-element-1c3b5d5 e-con-full industry_box e-flex e-con e-child\" data-id=\"1c3b5d5\" data-element_type=\"container\" data-e-type=\"container\" data-settings=\"{&quot;background_background&quot;:&quot;classic&quot;}\" href=\"\/industries\/defence\">\n\t\t<div class=\"elementor-element elementor-element-95fc4c7 e-con-full e-flex e-con e-child\" data-id=\"95fc4c7\" data-element_type=\"container\" data-e-type=\"container\" data-settings=\"{&quot;background_background&quot;:&quot;classic&quot;}\">\n\t\t\t\t<div class=\"elementor-element elementor-element-33c2b37 animated-fast elementor-invisible elementor-widget elementor-widget-heading\" data-id=\"33c2b37\" data-element_type=\"widget\" data-e-type=\"widget\" data-settings=\"{&quot;_animation&quot;:&quot;fadeInLeft&quot;}\" data-widget_type=\"heading.default\">\n\t\t\t\t\t<h2 class=\"elementor-heading-title elementor-size-default\">Forsvar<\/h2>\t\t\t\t<\/div>\n\t\t\t\t<\/div>\n\t\t<div class=\"elementor-element elementor-element-150e7ae e-con-full e-flex e-con e-child\" data-id=\"150e7ae\" data-element_type=\"container\" data-e-type=\"container\">\n\t\t\t\t<\/div>\n\t\t\t\t<\/a>\n\t\t\t\t<\/div>\n\t\t<div class=\"elementor-element elementor-element-44247c2 e-con-full e-flex e-con e-child\" data-id=\"44247c2\" data-element_type=\"container\" data-e-type=\"container\">\n\t\t<a class=\"elementor-element elementor-element-a81643d e-con-full industry_box e-flex e-con e-child\" data-id=\"a81643d\" data-element_type=\"container\" data-e-type=\"container\" data-settings=\"{&quot;background_background&quot;:&quot;classic&quot;}\" href=\"https:\/\/scn.mildmedia-dev.eu\/no\/losninger\/medisin-og-biovitenskap\/medisin-og-biovitenskap\/\">\n\t\t<div class=\"elementor-element elementor-element-6380b80 e-con-full e-flex e-con e-child\" data-id=\"6380b80\" data-element_type=\"container\" data-e-type=\"container\" data-settings=\"{&quot;background_background&quot;:&quot;classic&quot;}\">\n\t\t\t\t<div class=\"elementor-element elementor-element-6201267 animated-fast elementor-invisible elementor-widget elementor-widget-heading\" data-id=\"6201267\" data-element_type=\"widget\" data-e-type=\"widget\" data-settings=\"{&quot;_animation&quot;:&quot;fadeInLeft&quot;}\" data-widget_type=\"heading.default\">\n\t\t\t\t\t<h2 class=\"elementor-heading-title elementor-size-default\">Medisin og biovitenskap<\/h2>\t\t\t\t<\/div>\n\t\t\t\t<\/div>\n\t\t<div class=\"elementor-element elementor-element-f494684 e-con-full e-flex e-con e-child\" data-id=\"f494684\" data-element_type=\"container\" data-e-type=\"container\">\n\t\t\t\t<\/div>\n\t\t\t\t<\/a>\n\t\t\t\t<\/div>\n\t\t\t\t<\/div>\n\t\t<div class=\"elementor-element elementor-element-7bafe1b2 e-con-full e-flex e-con e-parent\" data-id=\"7bafe1b2\" data-element_type=\"container\" data-e-type=\"container\" id=\"industries\">\n\t\t<div class=\"elementor-element elementor-element-7baaed66 e-con-full e-flex e-con e-child\" data-id=\"7baaed66\" data-element_type=\"container\" data-e-type=\"container\">\n\t\t<a class=\"elementor-element elementor-element-1569a556 e-con-full industry_box e-flex e-con e-child\" data-id=\"1569a556\" data-element_type=\"container\" data-e-type=\"container\" data-settings=\"{&quot;background_background&quot;:&quot;classic&quot;}\" href=\"\/industries\/renewables\">\n\t\t<div class=\"elementor-element elementor-element-2bda5f1f e-con-full e-flex e-con e-child\" data-id=\"2bda5f1f\" data-element_type=\"container\" data-e-type=\"container\" data-settings=\"{&quot;background_background&quot;:&quot;classic&quot;}\">\n\t\t\t\t<div class=\"elementor-element elementor-element-bf9862a animated-fast elementor-invisible elementor-widget elementor-widget-heading\" data-id=\"bf9862a\" data-element_type=\"widget\" data-e-type=\"widget\" data-settings=\"{&quot;_animation&quot;:&quot;fadeInLeft&quot;}\" data-widget_type=\"heading.default\">\n\t\t\t\t\t<h2 class=\"elementor-heading-title elementor-size-default\">Fornybar energi<\/h2>\t\t\t\t<\/div>\n\t\t\t\t<\/div>\n\t\t<div class=\"elementor-element elementor-element-5bffd0ab e-con-full e-flex e-con e-child\" data-id=\"5bffd0ab\" data-element_type=\"container\" data-e-type=\"container\">\n\t\t\t\t<\/div>\n\t\t\t\t<\/a>\n\t\t\t\t<\/div>\n\t\t<div class=\"elementor-element elementor-element-58234b1d e-con-full e-flex e-con e-child\" data-id=\"58234b1d\" data-element_type=\"container\" data-e-type=\"container\">\n\t\t<a class=\"elementor-element elementor-element-457f78d0 e-con-full industry_box e-flex e-con e-child\" data-id=\"457f78d0\" data-element_type=\"container\" data-e-type=\"container\" data-settings=\"{&quot;background_background&quot;:&quot;classic&quot;}\" href=\"\/industries\/infrastructure-energy\">\n\t\t<div class=\"elementor-element elementor-element-67d2ab31 e-con-full e-flex e-con e-child\" data-id=\"67d2ab31\" data-element_type=\"container\" data-e-type=\"container\" data-settings=\"{&quot;background_background&quot;:&quot;classic&quot;}\">\n\t\t\t\t<div class=\"elementor-element elementor-element-566b59b9 animated-fast elementor-invisible elementor-widget elementor-widget-heading\" data-id=\"566b59b9\" data-element_type=\"widget\" data-e-type=\"widget\" data-settings=\"{&quot;_animation&quot;:&quot;fadeInLeft&quot;}\" data-widget_type=\"heading.default\">\n\t\t\t\t\t<h2 class=\"elementor-heading-title elementor-size-default\">Infrastruktur &amp; energi<\/h2>\t\t\t\t<\/div>\n\t\t\t\t<\/div>\n\t\t<div class=\"elementor-element elementor-element-1439b21 e-con-full e-flex e-con e-child\" data-id=\"1439b21\" data-element_type=\"container\" data-e-type=\"container\">\n\t\t\t\t<\/div>\n\t\t\t\t<\/a>\n\t\t\t\t<\/div>\n\t\t<div class=\"elementor-element elementor-element-3f4c79f e-con-full e-flex e-con e-child\" data-id=\"3f4c79f\" data-element_type=\"container\" data-e-type=\"container\">\n\t\t<a class=\"elementor-element elementor-element-66917d80 e-con-full industry_box e-flex e-con e-child\" data-id=\"66917d80\" data-element_type=\"container\" data-e-type=\"container\" data-settings=\"{&quot;background_background&quot;:&quot;classic&quot;}\" href=\"\/industries\/cyber-security\">\n\t\t<div class=\"elementor-element elementor-element-4970468f e-con-full e-flex e-con e-child\" data-id=\"4970468f\" data-element_type=\"container\" data-e-type=\"container\" data-settings=\"{&quot;background_background&quot;:&quot;classic&quot;}\">\n\t\t\t\t<div class=\"elementor-element elementor-element-17715834 animated-fast elementor-invisible elementor-widget elementor-widget-heading\" data-id=\"17715834\" data-element_type=\"widget\" data-e-type=\"widget\" data-settings=\"{&quot;_animation&quot;:&quot;fadeInLeft&quot;}\" data-widget_type=\"heading.default\">\n\t\t\t\t\t<h2 class=\"elementor-heading-title elementor-size-default\">Cybersikkerhet<\/h2>\t\t\t\t<\/div>\n\t\t\t\t<\/div>\n\t\t<div class=\"elementor-element elementor-element-52d5f943 e-con-full e-flex e-con e-child\" data-id=\"52d5f943\" data-element_type=\"container\" data-e-type=\"container\">\n\t\t\t\t<\/div>\n\t\t\t\t<\/a>\n\t\t\t\t<\/div>\n\t\t<div class=\"elementor-element elementor-element-5e66bd8f e-con-full e-flex e-con e-child\" data-id=\"5e66bd8f\" data-element_type=\"container\" data-e-type=\"container\">\n\t\t\t\t<\/div>\n\t\t\t\t<\/div>\n\t\t\t\t<\/div>\n\t\t","protected":false},"excerpt":{"rendered":"<p>Bransjer Syv bransjer. Ett oppdrag. Vi opererer der teknologi m\u00f8ter kritiske krav. Innen fabrikkautomatisering, kj\u00f8ret\u00f8yl\u00f8sninger, forsvar, medisin og biovitenskap, fornybar energi, infrastruktur og cybersikkerhet, bidrar vi med dyp domenekunnskap og ingeni\u00f8rpresisjon i hvert prosjekt. V\u00e5r rolle er alltid den samme \u2013 \u00e5 forst\u00e5 de unike utfordringene i hver bransje og levere l\u00f8sninger som presterer n\u00e5r&#8230;<\/p>\n","protected":false},"author":5,"featured_media":8063782,"parent":0,"menu_order":0,"comment_status":"closed","ping_status":"closed","template":"","meta":{"_kad_post_transparent":"","_kad_post_title":"","_kad_post_layout":"","_kad_post_sidebar_id":"","_kad_post_content_style":"","_kad_post_vertical_padding":"","_kad_post_feature":"","_kad_post_feature_position":"","_kad_post_header":false,"_kad_post_footer":false,"_kad_post_classname":"","footnotes":""},"class_list":["post-8064094","page","type-page","status-publish","has-post-thumbnail","hentry"],"_links":{"self":[{"href":"https:\/\/scn.eu\/no\/wp-json\/wp\/v2\/pages\/8064094","targetHints":{"allow":["GET"]}}],"collection":[{"href":"https:\/\/scn.eu\/no\/wp-json\/wp\/v2\/pages"}],"about":[{"href":"https:\/\/scn.eu\/no\/wp-json\/wp\/v2\/types\/page"}],"author":[{"embeddable":true,"href":"https:\/\/scn.eu\/no\/wp-json\/wp\/v2\/users\/5"}],"replies":[{"embeddable":true,"href":"https:\/\/scn.eu\/no\/wp-json\/wp\/v2\/comments?post=8064094"}],"version-history":[{"count":3,"href":"https:\/\/scn.eu\/no\/wp-json\/wp\/v2\/pages\/8064094\/revisions"}],"predecessor-version":[{"id":8064106,"href":"https:\/\/scn.eu\/no\/wp-json\/wp\/v2\/pages\/8064094\/revisions\/8064106"}],"wp:featuredmedia":[{"embeddable":true,"href":"https:\/\/scn.eu\/no\/wp-json\/wp\/v2\/media\/8063782"}],"wp:attachment":[{"href":"https:\/\/scn.eu\/no\/wp-json\/wp\/v2\/media?parent=8064094"}],"curies":[{"name":"wp","href":"https:\/\/api.w.org\/{rel}","templated":true}]}}