{"id":8073228,"date":"2026-02-13T10:23:55","date_gmt":"2026-02-13T10:23:55","guid":{"rendered":"https:\/\/firm-pigeon.10web.cloud\/tietoa-scnsta\/ura\/"},"modified":"2026-03-26T15:54:55","modified_gmt":"2026-03-26T15:54:55","slug":"ura","status":"publish","type":"page","link":"https:\/\/scn.eu\/fi\/tietoa-scnsta\/ura\/","title":{"rendered":"Ura"},"content":{"rendered":"\t\t<div data-elementor-type=\"wp-page\" data-elementor-id=\"8073228\" class=\"elementor elementor-8073228 elementor-652290\" data-elementor-post-type=\"page\">\n\t\t\t\t<div class=\"elementor-element elementor-element-7876de5 e-con-full e-flex e-con e-parent\" data-id=\"7876de5\" data-element_type=\"container\" data-e-type=\"container\" data-settings=\"{&quot;background_background&quot;:&quot;classic&quot;}\">\n\t\t<div class=\"elementor-element elementor-element-7c615fca e-con-full e-flex e-con e-child\" data-id=\"7c615fca\" data-element_type=\"container\" data-e-type=\"container\" data-settings=\"{&quot;background_background&quot;:&quot;classic&quot;}\">\n\t\t\t\t<div class=\"elementor-element elementor-element-35c0d35 elementor-widget__width-initial animated-fast elementor-invisible elementor-widget elementor-widget-heading\" data-id=\"35c0d35\" data-element_type=\"widget\" data-e-type=\"widget\" data-settings=\"{&quot;_animation&quot;:&quot;fadeInLeft&quot;}\" data-widget_type=\"heading.default\">\n\t\t\t\t\t<h1 class=\"elementor-heading-title elementor-size-default\">Avoimet ty\u00f6paikkamme t\u00e4ll\u00e4 hetkell\u00e4<\/h1>\t\t\t\t<\/div>\n\t\t\t\t<div class=\"elementor-element elementor-element-38b9d36 elementor-widget elementor-widget-text-editor\" data-id=\"38b9d36\" data-element_type=\"widget\" data-e-type=\"widget\" data-widget_type=\"text-editor.default\">\n\t\t\t\t\t\t\t\t\tSeuraavan uravaiheesi valitseminen on t\u00e4rke\u00e4 p\u00e4\u00e4t\u00f6s, ja t\u00e4m\u00e4 sivu kokoaa yhteen SCN:ss\u00e4 t\u00e4ll\u00e4 hetkell\u00e4 saatavilla olevat mahdollisuudet. T\u00e4\u00e4lt\u00e4 voit tutustua rooleihin, joissa asiantuntemuksesi voi tuoda merkitt\u00e4v\u00e4n panoksen asiakkaillemme, teknologiatarjontaamme ja tukemiimme toimialoihin. Pyrimme tarjoamaan selke\u00e4n kuvan siit\u00e4, mit\u00e4 kukin teht\u00e4v\u00e4 sis\u00e4lt\u00e4\u00e4, jotta voit helposti arvioida, vastaako se taitojasi, tavoitteitasi ja suosittua ty\u00f6skentelytapaasi.  <br><br>Uskomme ymp\u00e4rist\u00f6\u00f6n, jossa ihmiset kasvavat vastuun, yhteisty\u00f6n ja luottamuksen kautta. Jos l\u00f6yd\u00e4t roolin, joka resonoi kanssasi, kannustamme sinua lukemaan lis\u00e4\u00e4 ja ottamaan seuraavan askeleen. Tuleva panoksesi voisi olla t\u00e4rke\u00e4 osa jatkuvaa kehityst\u00e4mme.  \t\t\t\t\t\t\t\t<\/div>\n\t\t\t\t<\/div>\n\t\t<div class=\"elementor-element elementor-element-703bdfdd e-con-full elementor-hidden-mobile e-flex e-con e-child\" data-id=\"703bdfdd\" data-element_type=\"container\" data-e-type=\"container\">\n\t\t\t\t<\/div>\n\t\t\t\t<\/div>\n\t\t<div class=\"elementor-element elementor-element-168104bc e-con-full e-flex e-con e-parent\" data-id=\"168104bc\" data-element_type=\"container\" data-e-type=\"container\" id=\"factoryautomation_categories\" data-settings=\"{&quot;background_background&quot;:&quot;gradient&quot;}\">\n\t\t<div class=\"elementor-element elementor-element-5336b3f4 e-con-full e-flex e-con e-child\" data-id=\"5336b3f4\" data-element_type=\"container\" data-e-type=\"container\">\n\t\t<div class=\"elementor-element elementor-element-52a5553f e-con-full e-flex e-con e-child\" data-id=\"52a5553f\" data-element_type=\"container\" data-e-type=\"container\">\n\t\t\t\t<div class=\"elementor-element elementor-element-46e4d47 elementor-position-inline-start elementor-mobile-position-inline-start elementor-view-default elementor-widget elementor-widget-icon-box\" data-id=\"46e4d47\" data-element_type=\"widget\" data-e-type=\"widget\" data-widget_type=\"icon-box.default\">\n\t\t\t\t\t\t\t<div class=\"elementor-icon-box-wrapper\">\n\n\t\t\t\t\t\t<div class=\"elementor-icon-box-icon\">\n\t\t\t\t<span  class=\"elementor-icon\">\n\t\t\t\t<svg aria-hidden=\"true\" class=\"e-font-icon-svg e-fas-user-tie\" viewBox=\"0 0 448 512\" xmlns=\"http:\/\/www.w3.org\/2000\/svg\"><path d=\"M224 256c70.7 0 128-57.3 128-128S294.7 0 224 0 96 57.3 96 128s57.3 128 128 128zm95.8 32.6L272 480l-32-136 32-56h-96l32 56-32 136-47.8-191.4C56.9 292 0 350.3 0 422.4V464c0 26.5 21.5 48 48 48h352c26.5 0 48-21.5 48-48v-41.6c0-72.1-56.9-130.4-128.2-133.8z\"><\/path><\/svg>\t\t\t\t<\/span>\n\t\t\t<\/div>\n\t\t\t\n\t\t\t\t\t\t<div class=\"elementor-icon-box-content\">\n\n\t\t\t\t\t\t\t\t\t<h2 class=\"elementor-icon-box-title\">\n\t\t\t\t\t\t<span  >\n\t\t\t\t\t\t\tOhjaa tulevaisuutta kanssamme\t\t\t\t\t\t<\/span>\n\t\t\t\t\t<\/h2>\n\t\t\t\t\n\t\t\t\t\t\t\t\t\t<p class=\"elementor-icon-box-description\">\n\t\t\t\t\t\tSCN:ss\u00e4 pyrimme aina eteenp\u00e4in \u2013 etsimme jatkuvasti motivoituneita kykyj\u00e4, jotka ovat intohimoisia myynnist\u00e4 ja joilla on vahva yritt\u00e4j\u00e4henki. Meille kyse ei ole vain tuotteiden myymisest\u00e4; kyse on pitk\u00e4aikaisten suhteiden rakentamisesta, luovien ratkaisujen l\u00f6yt\u00e4misest\u00e4 ja arvon luomisesta asiakkaillemme. \n<br><br>Arvostamme yksil\u00f6it\u00e4, jotka uskaltavat ajatella laatikon ulkopuolelta, ovat ennakoivia ja n\u00e4kev\u00e4t mahdollisuuksia siell\u00e4, miss\u00e4 muut n\u00e4kev\u00e4t esteit\u00e4. Jos olet henkil\u00f6, joka haluaa auttaa muokkaamaan alan tulevaisuutta kanssamme ja viihty\u00e4 dynaamisessa ty\u00f6ymp\u00e4rist\u00f6ss\u00e4, jossa mik\u00e4\u00e4n p\u00e4iv\u00e4 ei ole samanlainen, saatat olla juuri se, jota etsimme. \t\t\t\t\t<\/p>\n\t\t\t\t\n\t\t\t<\/div>\n\t\t\t\n\t\t<\/div>\n\t\t\t\t\t\t<\/div>\n\t\t\t\t<\/div>\n\t\t<div class=\"elementor-element elementor-element-61949ce2 e-con-full e-flex e-con e-child\" data-id=\"61949ce2\" data-element_type=\"container\" data-e-type=\"container\" id=\"customer_form\">\n\t\t\t\t<div class=\"elementor-element elementor-element-29e59bd elementor-position-inline-start elementor-mobile-position-inline-start elementor-view-default elementor-widget elementor-widget-icon-box\" data-id=\"29e59bd\" data-element_type=\"widget\" data-e-type=\"widget\" data-widget_type=\"icon-box.default\">\n\t\t\t\t\t\t\t<div class=\"elementor-icon-box-wrapper\">\n\n\t\t\t\t\t\t<div class=\"elementor-icon-box-icon\">\n\t\t\t\t<span  class=\"elementor-icon\">\n\t\t\t\t<svg aria-hidden=\"true\" class=\"e-font-icon-svg e-fas-file-contract\" viewBox=\"0 0 384 512\" xmlns=\"http:\/\/www.w3.org\/2000\/svg\"><path d=\"M224 136V0H24C10.7 0 0 10.7 0 24v464c0 13.3 10.7 24 24 24h336c13.3 0 24-10.7 24-24V160H248c-13.2 0-24-10.8-24-24zM64 72c0-4.42 3.58-8 8-8h80c4.42 0 8 3.58 8 8v16c0 4.42-3.58 8-8 8H72c-4.42 0-8-3.58-8-8V72zm0 64c0-4.42 3.58-8 8-8h80c4.42 0 8 3.58 8 8v16c0 4.42-3.58 8-8 8H72c-4.42 0-8-3.58-8-8v-16zm192.81 248H304c8.84 0 16 7.16 16 16s-7.16 16-16 16h-47.19c-16.45 0-31.27-9.14-38.64-23.86-2.95-5.92-8.09-6.52-10.17-6.52s-7.22.59-10.02 6.19l-7.67 15.34a15.986 15.986 0 0 1-14.31 8.84c-.38 0-.75-.02-1.14-.05-6.45-.45-12-4.75-14.03-10.89L144 354.59l-10.61 31.88c-5.89 17.66-22.38 29.53-41 29.53H80c-8.84 0-16-7.16-16-16s7.16-16 16-16h12.39c4.83 0 9.11-3.08 10.64-7.66l18.19-54.64c3.3-9.81 12.44-16.41 22.78-16.41s19.48 6.59 22.77 16.41l13.88 41.64c19.77-16.19 54.05-9.7 66 14.16 2.02 4.06 5.96 6.5 10.16 6.5zM377 105L279.1 7c-4.5-4.5-10.6-7-17-7H256v128h128v-6.1c0-6.3-2.5-12.4-7-16.9z\"><\/path><\/svg>\t\t\t\t<\/span>\n\t\t\t<\/div>\n\t\t\t\n\t\t\t\t\t\t<div class=\"elementor-icon-box-content\">\n\n\t\t\t\t\t\t\t\t\t<h2 class=\"elementor-icon-box-title\">\n\t\t\t\t\t\t<span  >\n\t\t\t\t\t\t\tL\u00e4het\u00e4 hakemuksesi\t\t\t\t\t\t<\/span>\n\t\t\t\t\t<\/h2>\n\t\t\t\t\n\t\t\t\t\t\t\t\t\t<p class=\"elementor-icon-box-description\">\n\t\t\t\t\t\tArvostamme avoimia hakemuksia henkil\u00f6ilt\u00e4, jotka jakavat intohimomme myyntiin ja innovaatioihin. Jos olet valmis ottamaan seuraavan askeleen urassasi, \u00e4l\u00e4 ep\u00e4r\u00f6i ottaa yhteytt\u00e4! L\u00e4het\u00e4 hakemuksesi osoitteeseen <a href=\"mailto:sales@scn.uk\" style=\"font-weight:700;text-decoration:underline\">sales@scn.uk<\/a> ja kerro meille, miksi olet meille oikea. Odotamme innolla tarinaasi ja mahdollisesti tulevamme osaksi tulevaa matkaasi!   <br><br>\nTervetuloa SCN:\u00e4\u00e4n \u2013 yhdess\u00e4 luomme huomisen mahdollisuudet!\t\t\t\t\t<\/p>\n\t\t\t\t\n\t\t\t<\/div>\n\t\t\t\n\t\t<\/div>\n\t\t\t\t\t\t<\/div>\n\t\t\t\t<div class=\"elementor-element elementor-element-23b7509 elementor-widget elementor-widget-button\" data-id=\"23b7509\" data-element_type=\"widget\" data-e-type=\"widget\" data-widget_type=\"button.default\">\n\t\t\t\t\t\t\t\t\t\t<a class=\"elementor-button elementor-button-link elementor-size-sm\" href=\"mailto:sales@scn.uk\" target=\"_blank\">\n\t\t\t\t\t\t<span class=\"elementor-button-content-wrapper\">\n\t\t\t\t\t\t\t\t\t<span class=\"elementor-button-text\">L\u00e4het\u00e4 hakemuksesi<\/span>\n\t\t\t\t\t<\/span>\n\t\t\t\t\t<\/a>\n\t\t\t\t\t\t\t\t<\/div>\n\t\t\t\t<\/div>\n\t\t\t\t<\/div>\n\t\t\t\t<\/div>\n\t\t<div class=\"elementor-element elementor-element-7b76bded e-con-full e-flex e-con e-parent\" data-id=\"7b76bded\" data-element_type=\"container\" data-e-type=\"container\" data-settings=\"{&quot;background_background&quot;:&quot;classic&quot;}\">\n\t\t<div class=\"elementor-element elementor-element-518f4530 e-con-full e-flex e-con e-child\" data-id=\"518f4530\" data-element_type=\"container\" data-e-type=\"container\">\n\t\t\t\t<\/div>\n\t\t<div class=\"elementor-element elementor-element-69eaebaa e-con-full e-flex e-con e-child\" data-id=\"69eaebaa\" data-element_type=\"container\" data-e-type=\"container\">\n\t\t<div class=\"elementor-element elementor-element-4a2bad0f e-con-full e-flex e-con e-child\" data-id=\"4a2bad0f\" data-element_type=\"container\" data-e-type=\"container\" data-settings=\"{&quot;background_background&quot;:&quot;classic&quot;}\">\n\t\t\t\t<div class=\"elementor-element elementor-element-69d097b8 animated-fast elementor-invisible elementor-widget elementor-widget-heading\" data-id=\"69d097b8\" data-element_type=\"widget\" data-e-type=\"widget\" data-settings=\"{&quot;_animation&quot;:&quot;fadeInLeft&quot;}\" data-widget_type=\"heading.default\">\n\t\t\t\t\t<h2 class=\"elementor-heading-title elementor-size-default\"><a href=\"https:\/\/scn.mildmedia-dev.eu\/fi\/tietoa-scnsta\/\">Tietoa SCN:st\u00e4<\/a><\/h2>\t\t\t\t<\/div>\n\t\t\t\t<div class=\"elementor-element elementor-element-3a7832aa elementor-widget__width-initial elementor-invisible elementor-widget elementor-widget-text-editor\" data-id=\"3a7832aa\" data-element_type=\"widget\" data-e-type=\"widget\" data-settings=\"{&quot;_animation&quot;:&quot;fadeInUp&quot;}\" data-widget_type=\"text-editor.default\">\n\t\t\t\t\t\t\t\t\tSCN on johtava riippumaton eurooppalainen teollisuuskomponenttien ja teknisten ratkaisujen toimittaja. Tiiviiden kumppanuuksien kautta maailmanluokan valmistajien kanssa ja vahvan teknisen asiantuntemuksen avulla toimitamme teknologiayrityksille ja teollisuusasiakkaille luotettavia komponentteja vaativiin sovelluksiin. \n<br><br>Keskitymme vahvoihin toimittajakumppanuuksiin, syv\u00e4lliseen sovellustuntemukseen ja pitk\u00e4aikaisiin suhteisiin sek\u00e4 asiakkaiden ett\u00e4 valmistajien kanssa.\n<br><br>SCN on osa Addtechi\u00e4, ruotsalaista p\u00f6rssinoteerattua teknologiaratkaisujen konsernia, johon kuuluu noin 150 itsen\u00e4ist\u00e4 yrityst\u00e4.\t\t\t\t\t\t\t\t<\/div>\n\t\t<div class=\"elementor-element elementor-element-68f64555 e-con-full animated-fast e-flex elementor-invisible e-con e-child\" data-id=\"68f64555\" data-element_type=\"container\" data-e-type=\"container\" data-settings=\"{&quot;animation&quot;:&quot;fadeInUp&quot;}\">\n\t\t\t\t<div class=\"elementor-element elementor-element-c76da81 elementor-widget elementor-widget-button\" data-id=\"c76da81\" data-element_type=\"widget\" data-e-type=\"widget\" data-widget_type=\"button.default\">\n\t\t\t\t\t\t\t\t\t\t<a class=\"elementor-button elementor-button-link elementor-size-sm\" href=\"https:\/\/scn.mildmedia-dev.eu\/fi\/tietoa-scnsta\/\">\n\t\t\t\t\t\t<span class=\"elementor-button-content-wrapper\">\n\t\t\t\t\t\t\t\t\t<span class=\"elementor-button-text\">Lue lis\u00e4\u00e4 meist\u00e4<\/span>\n\t\t\t\t\t<\/span>\n\t\t\t\t\t<\/a>\n\t\t\t\t\t\t\t\t<\/div>\n\t\t\t\t<div class=\"elementor-element elementor-element-65eb4b56 transparent_button elementor-widget elementor-widget-button\" data-id=\"65eb4b56\" data-element_type=\"widget\" data-e-type=\"widget\" data-widget_type=\"button.default\">\n\t\t\t\t\t\t\t\t\t\t<a class=\"elementor-button elementor-button-link elementor-size-sm\" href=\"https:\/\/scn.mildmedia-dev.eu\/fi\/yhteystiedot\/\">\n\t\t\t\t\t\t<span class=\"elementor-button-content-wrapper\">\n\t\t\t\t\t\t\t\t\t<span class=\"elementor-button-text\">Ota yhteytt\u00e4<\/span>\n\t\t\t\t\t<\/span>\n\t\t\t\t\t<\/a>\n\t\t\t\t\t\t\t\t<\/div>\n\t\t\t\t<\/div>\n\t\t\t\t<\/div>\n\t\t\t\t<\/div>\n\t\t\t\t<\/div>\n\t\t\t\t<\/div>\n\t\t","protected":false},"excerpt":{"rendered":"<p>Avoimet ty\u00f6paikkamme t\u00e4ll\u00e4 hetkell\u00e4 Seuraavan uravaiheesi valitseminen on t\u00e4rke\u00e4 p\u00e4\u00e4t\u00f6s, ja t\u00e4m\u00e4 sivu kokoaa yhteen SCN:ss\u00e4 t\u00e4ll\u00e4 hetkell\u00e4 saatavilla olevat mahdollisuudet. T\u00e4\u00e4lt\u00e4 voit tutustua rooleihin, joissa asiantuntemuksesi voi tuoda merkitt\u00e4v\u00e4n panoksen asiakkaillemme, teknologiatarjontaamme ja tukemiimme toimialoihin. Pyrimme tarjoamaan selke\u00e4n kuvan siit\u00e4, mit\u00e4 kukin teht\u00e4v\u00e4 sis\u00e4lt\u00e4\u00e4, jotta voit helposti arvioida, vastaako se taitojasi, tavoitteitasi ja suosittua&#8230;<\/p>\n","protected":false},"author":5,"featured_media":0,"parent":8071505,"menu_order":0,"comment_status":"closed","ping_status":"closed","template":"","meta":{"_kad_post_transparent":"","_kad_post_title":"","_kad_post_layout":"","_kad_post_sidebar_id":"","_kad_post_content_style":"","_kad_post_vertical_padding":"","_kad_post_feature":"","_kad_post_feature_position":"","_kad_post_header":false,"_kad_post_footer":false,"_kad_post_classname":"","footnotes":""},"class_list":["post-8073228","page","type-page","status-publish","hentry"],"_links":{"self":[{"href":"https:\/\/scn.eu\/fi\/wp-json\/wp\/v2\/pages\/8073228","targetHints":{"allow":["GET"]}}],"collection":[{"href":"https:\/\/scn.eu\/fi\/wp-json\/wp\/v2\/pages"}],"about":[{"href":"https:\/\/scn.eu\/fi\/wp-json\/wp\/v2\/types\/page"}],"author":[{"embeddable":true,"href":"https:\/\/scn.eu\/fi\/wp-json\/wp\/v2\/users\/5"}],"replies":[{"embeddable":true,"href":"https:\/\/scn.eu\/fi\/wp-json\/wp\/v2\/comments?post=8073228"}],"version-history":[{"count":3,"href":"https:\/\/scn.eu\/fi\/wp-json\/wp\/v2\/pages\/8073228\/revisions"}],"predecessor-version":[{"id":8073231,"href":"https:\/\/scn.eu\/fi\/wp-json\/wp\/v2\/pages\/8073228\/revisions\/8073231"}],"up":[{"embeddable":true,"href":"https:\/\/scn.eu\/fi\/wp-json\/wp\/v2\/pages\/8071505"}],"wp:attachment":[{"href":"https:\/\/scn.eu\/fi\/wp-json\/wp\/v2\/media?parent=8073228"}],"curies":[{"name":"wp","href":"https:\/\/api.w.org\/{rel}","templated":true}]}}