{"id":8073226,"date":"2026-02-13T10:23:55","date_gmt":"2026-02-13T10:23:55","guid":{"rendered":"https:\/\/firm-pigeon.10web.cloud\/scn-ist-lahemalt\/karjaar\/"},"modified":"2026-03-26T15:53:13","modified_gmt":"2026-03-26T15:53:13","slug":"karjaar","status":"publish","type":"page","link":"https:\/\/scn.eu\/et\/scn-ist-lahemalt\/karjaar\/","title":{"rendered":"Karj\u00e4\u00e4r"},"content":{"rendered":"\t\t<div data-elementor-type=\"wp-page\" data-elementor-id=\"8073226\" class=\"elementor elementor-8073226 elementor-652290\" data-elementor-post-type=\"page\">\n\t\t\t\t<div class=\"elementor-element elementor-element-7876de5 e-con-full e-flex e-con e-parent\" data-id=\"7876de5\" data-element_type=\"container\" data-e-type=\"container\" data-settings=\"{&quot;background_background&quot;:&quot;classic&quot;}\">\n\t\t<div class=\"elementor-element elementor-element-7c615fca e-con-full e-flex e-con e-child\" data-id=\"7c615fca\" data-element_type=\"container\" data-e-type=\"container\" data-settings=\"{&quot;background_background&quot;:&quot;classic&quot;}\">\n\t\t\t\t<div class=\"elementor-element elementor-element-35c0d35 elementor-widget__width-initial animated-fast elementor-invisible elementor-widget elementor-widget-heading\" data-id=\"35c0d35\" data-element_type=\"widget\" data-e-type=\"widget\" data-settings=\"{&quot;_animation&quot;:&quot;fadeInLeft&quot;}\" data-widget_type=\"heading.default\">\n\t\t\t\t\t<h1 class=\"elementor-heading-title elementor-size-default\">Meie vabad t\u00f6\u00f6kohad<\/h1>\t\t\t\t<\/div>\n\t\t\t\t<div class=\"elementor-element elementor-element-38b9d36 elementor-widget elementor-widget-text-editor\" data-id=\"38b9d36\" data-element_type=\"widget\" data-e-type=\"widget\" data-widget_type=\"text-editor.default\">\n\t\t\t\t\t\t\t\t\tJ\u00e4rgmise karj\u00e4\u00e4risammu valimine on oluline otsus ning see leht koondab SCN-is hetkel saadaolevad v\u00f5imalused. Siin saate tutvuda ametikohtadega, kus teie teadmised saavad anda olulise panuse meie klientide heaks, meie tehnoloogiapakkumisse ja t\u00f6\u00f6stusharudesse, mida toetame. Meie eesm\u00e4rk on anda selge pilt sellest, mida iga ametikoht endas h\u00f5lmab, et saaksite h\u00f5lpsasti hinnata, kas see on koosk\u00f5las teie oskuste, ambitsioonide ja eelistatud t\u00f6\u00f6viisiga.  <br><br>Me usume keskkonda, kus inimesed kasvavad l\u00e4bi vastutuse, koost\u00f6\u00f6 ja usalduse. Kui leiate endale sobiva rolli, soovitame teil selle kohta l\u00e4hemalt lugeda ja astuda j\u00e4rgmine samm. Teie tulevane panus v\u00f5ib olla oluline osa meie edasisest arengust.  \t\t\t\t\t\t\t\t<\/div>\n\t\t\t\t<\/div>\n\t\t<div class=\"elementor-element elementor-element-703bdfdd e-con-full elementor-hidden-mobile e-flex e-con e-child\" data-id=\"703bdfdd\" data-element_type=\"container\" data-e-type=\"container\">\n\t\t\t\t<\/div>\n\t\t\t\t<\/div>\n\t\t<div class=\"elementor-element elementor-element-168104bc e-con-full e-flex e-con e-parent\" data-id=\"168104bc\" data-element_type=\"container\" data-e-type=\"container\" id=\"factoryautomation_categories\" data-settings=\"{&quot;background_background&quot;:&quot;gradient&quot;}\">\n\t\t<div class=\"elementor-element elementor-element-5336b3f4 e-con-full e-flex e-con e-child\" data-id=\"5336b3f4\" data-element_type=\"container\" data-e-type=\"container\">\n\t\t<div class=\"elementor-element elementor-element-52a5553f e-con-full e-flex e-con e-child\" data-id=\"52a5553f\" data-element_type=\"container\" data-e-type=\"container\">\n\t\t\t\t<div class=\"elementor-element elementor-element-46e4d47 elementor-position-inline-start elementor-mobile-position-inline-start elementor-view-default elementor-widget elementor-widget-icon-box\" data-id=\"46e4d47\" data-element_type=\"widget\" data-e-type=\"widget\" data-widget_type=\"icon-box.default\">\n\t\t\t\t\t\t\t<div class=\"elementor-icon-box-wrapper\">\n\n\t\t\t\t\t\t<div class=\"elementor-icon-box-icon\">\n\t\t\t\t<span  class=\"elementor-icon\">\n\t\t\t\t<svg aria-hidden=\"true\" class=\"e-font-icon-svg e-fas-user-tie\" viewBox=\"0 0 448 512\" xmlns=\"http:\/\/www.w3.org\/2000\/svg\"><path d=\"M224 256c70.7 0 128-57.3 128-128S294.7 0 224 0 96 57.3 96 128s57.3 128 128 128zm95.8 32.6L272 480l-32-136 32-56h-96l32 56-32 136-47.8-191.4C56.9 292 0 350.3 0 422.4V464c0 26.5 21.5 48 48 48h352c26.5 0 48-21.5 48-48v-41.6c0-72.1-56.9-130.4-128.2-133.8z\"><\/path><\/svg>\t\t\t\t<\/span>\n\t\t\t<\/div>\n\t\t\t\n\t\t\t\t\t\t<div class=\"elementor-icon-box-content\">\n\n\t\t\t\t\t\t\t\t\t<h2 class=\"elementor-icon-box-title\">\n\t\t\t\t\t\t<span  >\n\t\t\t\t\t\t\tKujundage tulevikku koos meiega\t\t\t\t\t\t<\/span>\n\t\t\t\t\t<\/h2>\n\t\t\t\t\n\t\t\t\t\t\t\t\t\t<p class=\"elementor-icon-box-description\">\n\t\t\t\t\t\tSCN-is p\u00fcrgime alati edasi \u2013 otsime pidevalt tegusaid talente, kes suhtuvad kirega m\u00fc\u00fcgit\u00f6\u00f6sse ja kellel on tugev ettev\u00f5tlik vaim. Meie jaoks ei ole k\u00fcsimus vaid toodete m\u00fc\u00fcmises; see on pikaajaliste suhete loomine, loovate lahenduste leidmine ja klientidele v\u00e4\u00e4rtuse loomine. \n<br><br>V\u00e4\u00e4rtustame inimesi, kes julgevad m\u00f5elda raamidest v\u00e4lja, on proaktiivsed ja n\u00e4evad v\u00f5imalusi seal, kus teised n\u00e4evad takistusi. Kui olete keegi, kes soovib aidata meil kujundada t\u00f6\u00f6stuse tulevikku ja areneda d\u00fcnaamilises t\u00f6\u00f6keskkonnas, kus \u00fckski p\u00e4ev pole teisega sarnane, siis v\u00f5ite olla just see, keda otsime. \t\t\t\t\t<\/p>\n\t\t\t\t\n\t\t\t<\/div>\n\t\t\t\n\t\t<\/div>\n\t\t\t\t\t\t<\/div>\n\t\t\t\t<\/div>\n\t\t<div class=\"elementor-element elementor-element-61949ce2 e-con-full e-flex e-con e-child\" data-id=\"61949ce2\" data-element_type=\"container\" data-e-type=\"container\" id=\"customer_form\">\n\t\t\t\t<div class=\"elementor-element elementor-element-29e59bd elementor-position-inline-start elementor-mobile-position-inline-start elementor-view-default elementor-widget elementor-widget-icon-box\" data-id=\"29e59bd\" data-element_type=\"widget\" data-e-type=\"widget\" data-widget_type=\"icon-box.default\">\n\t\t\t\t\t\t\t<div class=\"elementor-icon-box-wrapper\">\n\n\t\t\t\t\t\t<div class=\"elementor-icon-box-icon\">\n\t\t\t\t<span  class=\"elementor-icon\">\n\t\t\t\t<svg aria-hidden=\"true\" class=\"e-font-icon-svg e-fas-file-contract\" viewBox=\"0 0 384 512\" xmlns=\"http:\/\/www.w3.org\/2000\/svg\"><path d=\"M224 136V0H24C10.7 0 0 10.7 0 24v464c0 13.3 10.7 24 24 24h336c13.3 0 24-10.7 24-24V160H248c-13.2 0-24-10.8-24-24zM64 72c0-4.42 3.58-8 8-8h80c4.42 0 8 3.58 8 8v16c0 4.42-3.58 8-8 8H72c-4.42 0-8-3.58-8-8V72zm0 64c0-4.42 3.58-8 8-8h80c4.42 0 8 3.58 8 8v16c0 4.42-3.58 8-8 8H72c-4.42 0-8-3.58-8-8v-16zm192.81 248H304c8.84 0 16 7.16 16 16s-7.16 16-16 16h-47.19c-16.45 0-31.27-9.14-38.64-23.86-2.95-5.92-8.09-6.52-10.17-6.52s-7.22.59-10.02 6.19l-7.67 15.34a15.986 15.986 0 0 1-14.31 8.84c-.38 0-.75-.02-1.14-.05-6.45-.45-12-4.75-14.03-10.89L144 354.59l-10.61 31.88c-5.89 17.66-22.38 29.53-41 29.53H80c-8.84 0-16-7.16-16-16s7.16-16 16-16h12.39c4.83 0 9.11-3.08 10.64-7.66l18.19-54.64c3.3-9.81 12.44-16.41 22.78-16.41s19.48 6.59 22.77 16.41l13.88 41.64c19.77-16.19 54.05-9.7 66 14.16 2.02 4.06 5.96 6.5 10.16 6.5zM377 105L279.1 7c-4.5-4.5-10.6-7-17-7H256v128h128v-6.1c0-6.3-2.5-12.4-7-16.9z\"><\/path><\/svg>\t\t\t\t<\/span>\n\t\t\t<\/div>\n\t\t\t\n\t\t\t\t\t\t<div class=\"elementor-icon-box-content\">\n\n\t\t\t\t\t\t\t\t\t<h2 class=\"elementor-icon-box-title\">\n\t\t\t\t\t\t<span  >\n\t\t\t\t\t\t\tSaada oma avaldus\t\t\t\t\t\t<\/span>\n\t\t\t\t\t<\/h2>\n\t\t\t\t\n\t\t\t\t\t\t\t\t\t<p class=\"elementor-icon-box-description\">\n\t\t\t\t\t\tV\u00e4\u00e4rtustame kandideerimisavaldusi inimestelt, kes jagavad meie kirge m\u00fc\u00fcgi ja innovatsiooni vastu. Kui olete valmis astuma oma karj\u00e4\u00e4ris j\u00e4rgmist sammu, siis v\u00f5tke meiega julgelt \u00fchendust! Saatke oma avaldus aadressile <a href=\"mailto:sales@scn.uk\" style=\"font-weight:700;text-decoration:underline\">sales@scn.uk<\/a> ja r\u00e4\u00e4kige meile, miks te meile sobite. Ootame huviga teie lugu ja loodame saada osaks teie tulevasest teekonnast!   <br><br>\nTere tulemast SCN-i \u2013 koos loome homseid v\u00f5imalusi!\t\t\t\t\t<\/p>\n\t\t\t\t\n\t\t\t<\/div>\n\t\t\t\n\t\t<\/div>\n\t\t\t\t\t\t<\/div>\n\t\t\t\t<div class=\"elementor-element elementor-element-23b7509 elementor-widget elementor-widget-button\" data-id=\"23b7509\" data-element_type=\"widget\" data-e-type=\"widget\" data-widget_type=\"button.default\">\n\t\t\t\t\t\t\t\t\t\t<a class=\"elementor-button elementor-button-link elementor-size-sm\" href=\"mailto:sales@scn.uk\" target=\"_blank\">\n\t\t\t\t\t\t<span class=\"elementor-button-content-wrapper\">\n\t\t\t\t\t\t\t\t\t<span class=\"elementor-button-text\">Saada oma avaldus<\/span>\n\t\t\t\t\t<\/span>\n\t\t\t\t\t<\/a>\n\t\t\t\t\t\t\t\t<\/div>\n\t\t\t\t<\/div>\n\t\t\t\t<\/div>\n\t\t\t\t<\/div>\n\t\t<div class=\"elementor-element elementor-element-7b76bded e-con-full e-flex e-con e-parent\" data-id=\"7b76bded\" data-element_type=\"container\" data-e-type=\"container\" data-settings=\"{&quot;background_background&quot;:&quot;classic&quot;}\">\n\t\t<div class=\"elementor-element elementor-element-518f4530 e-con-full e-flex e-con e-child\" data-id=\"518f4530\" data-element_type=\"container\" data-e-type=\"container\">\n\t\t\t\t<\/div>\n\t\t<div class=\"elementor-element elementor-element-69eaebaa e-con-full e-flex e-con e-child\" data-id=\"69eaebaa\" data-element_type=\"container\" data-e-type=\"container\">\n\t\t<div class=\"elementor-element elementor-element-4a2bad0f e-con-full e-flex e-con e-child\" data-id=\"4a2bad0f\" data-element_type=\"container\" data-e-type=\"container\" data-settings=\"{&quot;background_background&quot;:&quot;classic&quot;}\">\n\t\t\t\t<div class=\"elementor-element elementor-element-69d097b8 animated-fast elementor-invisible elementor-widget elementor-widget-heading\" data-id=\"69d097b8\" data-element_type=\"widget\" data-e-type=\"widget\" data-settings=\"{&quot;_animation&quot;:&quot;fadeInLeft&quot;}\" data-widget_type=\"heading.default\">\n\t\t\t\t\t<h2 class=\"elementor-heading-title elementor-size-default\"><a href=\"https:\/\/scn.mildmedia-dev.eu\/et\/scn-ist-lahemalt\/\">SCN-ist l\u00e4hemalt<\/a><\/h2>\t\t\t\t<\/div>\n\t\t\t\t<div class=\"elementor-element elementor-element-3a7832aa elementor-widget__width-initial elementor-invisible elementor-widget elementor-widget-text-editor\" data-id=\"3a7832aa\" data-element_type=\"widget\" data-e-type=\"widget\" data-settings=\"{&quot;_animation&quot;:&quot;fadeInUp&quot;}\" data-widget_type=\"text-editor.default\">\n\t\t\t\t\t\t\t\t\tSCN on Euroopa juhtiv s\u00f5ltumatu t\u00f6\u00f6stuskomponentide ja tehniliste lahenduste tarnija. T\u00e4nu tihedale koost\u00f6\u00f6le maailmatasemel tootjatega ja tugevale tehnilisele kompetentsile pakume tehnoloogiaettev\u00f5tetele ja t\u00f6\u00f6stusklientidele usaldusv\u00e4\u00e4rseid komponente n\u00f5udlike rakenduste jaoks. \n<br><br>Meie t\u00e4helepanu keskmes on tugevad partnerlussuhted tarnijatega, p\u00f5hjalikud rakendusteadmised ning pikaajalised suhted nii klientide kui ka tootjatega.\n<br><br>SCN kuulub Addtechi koosseisu, mis on Rootsi b\u00f6rsil noteeritud tehnoloogialahenduste kontsern, kuhu kuulub umbes 150 iseseisvat ettev\u00f5tet.\t\t\t\t\t\t\t\t<\/div>\n\t\t<div class=\"elementor-element elementor-element-68f64555 e-con-full animated-fast e-flex elementor-invisible e-con e-child\" data-id=\"68f64555\" data-element_type=\"container\" data-e-type=\"container\" data-settings=\"{&quot;animation&quot;:&quot;fadeInUp&quot;}\">\n\t\t\t\t<div class=\"elementor-element elementor-element-c76da81 elementor-widget elementor-widget-button\" data-id=\"c76da81\" data-element_type=\"widget\" data-e-type=\"widget\" data-widget_type=\"button.default\">\n\t\t\t\t\t\t\t\t\t\t<a class=\"elementor-button elementor-button-link elementor-size-sm\" href=\"https:\/\/scn.mildmedia-dev.eu\/et\/scn-ist-lahemalt\/\">\n\t\t\t\t\t\t<span class=\"elementor-button-content-wrapper\">\n\t\t\t\t\t\t\t\t\t<span class=\"elementor-button-text\">Loe meie kohta l\u00e4hemalt<\/span>\n\t\t\t\t\t<\/span>\n\t\t\t\t\t<\/a>\n\t\t\t\t\t\t\t\t<\/div>\n\t\t\t\t<div class=\"elementor-element elementor-element-65eb4b56 transparent_button elementor-widget elementor-widget-button\" data-id=\"65eb4b56\" data-element_type=\"widget\" data-e-type=\"widget\" data-widget_type=\"button.default\">\n\t\t\t\t\t\t\t\t\t\t<a class=\"elementor-button elementor-button-link elementor-size-sm\" href=\"https:\/\/scn.mildmedia-dev.eu\/et\/kontakt\/\">\n\t\t\t\t\t\t<span class=\"elementor-button-content-wrapper\">\n\t\t\t\t\t\t\t\t\t<span class=\"elementor-button-text\">V\u00f5tke meiega \u00fchendust<\/span>\n\t\t\t\t\t<\/span>\n\t\t\t\t\t<\/a>\n\t\t\t\t\t\t\t\t<\/div>\n\t\t\t\t<\/div>\n\t\t\t\t<\/div>\n\t\t\t\t<\/div>\n\t\t\t\t<\/div>\n\t\t\t\t<\/div>\n\t\t","protected":false},"excerpt":{"rendered":"<p>Meie vabad t\u00f6\u00f6kohad J\u00e4rgmise karj\u00e4\u00e4risammu valimine on oluline otsus ning see leht koondab SCN-is hetkel saadaolevad v\u00f5imalused. Siin saate tutvuda ametikohtadega, kus teie teadmised saavad anda olulise panuse meie klientide heaks, meie tehnoloogiapakkumisse ja t\u00f6\u00f6stusharudesse, mida toetame. Meie eesm\u00e4rk on anda selge pilt sellest, mida iga ametikoht endas h\u00f5lmab, et saaksite h\u00f5lpsasti hinnata, kas see&#8230;<\/p>\n","protected":false},"author":5,"featured_media":0,"parent":8071481,"menu_order":0,"comment_status":"closed","ping_status":"closed","template":"","meta":{"_kad_post_transparent":"","_kad_post_title":"","_kad_post_layout":"","_kad_post_sidebar_id":"","_kad_post_content_style":"","_kad_post_vertical_padding":"","_kad_post_feature":"","_kad_post_feature_position":"","_kad_post_header":false,"_kad_post_footer":false,"_kad_post_classname":"","footnotes":""},"class_list":["post-8073226","page","type-page","status-publish","hentry"],"_links":{"self":[{"href":"https:\/\/scn.eu\/et\/wp-json\/wp\/v2\/pages\/8073226","targetHints":{"allow":["GET"]}}],"collection":[{"href":"https:\/\/scn.eu\/et\/wp-json\/wp\/v2\/pages"}],"about":[{"href":"https:\/\/scn.eu\/et\/wp-json\/wp\/v2\/types\/page"}],"author":[{"embeddable":true,"href":"https:\/\/scn.eu\/et\/wp-json\/wp\/v2\/users\/5"}],"replies":[{"embeddable":true,"href":"https:\/\/scn.eu\/et\/wp-json\/wp\/v2\/comments?post=8073226"}],"version-history":[{"count":1,"href":"https:\/\/scn.eu\/et\/wp-json\/wp\/v2\/pages\/8073226\/revisions"}],"predecessor-version":[{"id":8073227,"href":"https:\/\/scn.eu\/et\/wp-json\/wp\/v2\/pages\/8073226\/revisions\/8073227"}],"up":[{"embeddable":true,"href":"https:\/\/scn.eu\/et\/wp-json\/wp\/v2\/pages\/8071481"}],"wp:attachment":[{"href":"https:\/\/scn.eu\/et\/wp-json\/wp\/v2\/media?parent=8073226"}],"curies":[{"name":"wp","href":"https:\/\/api.w.org\/{rel}","templated":true}]}}