{"id":8071561,"date":"2026-02-13T10:16:40","date_gmt":"2026-02-13T10:16:40","guid":{"rendered":"https:\/\/firm-pigeon.10web.cloud\/lisandvaartus\/"},"modified":"2026-03-23T09:02:53","modified_gmt":"2026-03-23T09:02:53","slug":"lisandvaartus","status":"publish","type":"page","link":"https:\/\/scn.eu\/et\/lisandvaartus\/","title":{"rendered":"Lisandv\u00e4\u00e4rtus"},"content":{"rendered":"\t\t<div data-elementor-type=\"wp-page\" data-elementor-id=\"8071561\" class=\"elementor elementor-8071561 elementor-652278\" data-elementor-post-type=\"page\">\n\t\t\t\t<div class=\"elementor-element elementor-element-2cd2578a e-con-full e-flex e-con e-parent\" data-id=\"2cd2578a\" data-element_type=\"container\" data-e-type=\"container\" data-settings=\"{&quot;background_background&quot;:&quot;classic&quot;}\">\n\t\t<div class=\"elementor-element elementor-element-5238903d e-con-full e-flex e-con e-child\" data-id=\"5238903d\" data-element_type=\"container\" data-e-type=\"container\" data-settings=\"{&quot;background_background&quot;:&quot;classic&quot;}\">\n\t\t\t\t<div class=\"elementor-element elementor-element-1cc9e390 elementor-widget__width-initial animated-fast elementor-invisible elementor-widget elementor-widget-heading\" data-id=\"1cc9e390\" data-element_type=\"widget\" data-e-type=\"widget\" data-settings=\"{&quot;_animation&quot;:&quot;fadeInLeft&quot;}\" data-widget_type=\"heading.default\">\n\t\t\t\t\t<h1 class=\"elementor-heading-title elementor-size-default\">Lisandv\u00e4\u00e4rtus<\/h1>\t\t\t\t<\/div>\n\t\t\t\t<div class=\"elementor-element elementor-element-45aa337e elementor-widget__width-initial elementor-invisible elementor-widget elementor-widget-text-editor\" data-id=\"45aa337e\" data-element_type=\"widget\" data-e-type=\"widget\" data-settings=\"{&quot;_animation&quot;:&quot;fadeInUp&quot;}\" data-widget_type=\"text-editor.default\">\n\t\t\t\t\t\t\t\t\tMeie lisandv\u00e4\u00e4rtusteenused on loodud selleks, et muuta teie tehnoloogia tarnimine sujuvamaks, kiiremaks ja prognoositavamaks. See leht annab \u00fclevaate spetsiaalsest ettevalmistust\u00f6\u00f6st, mida teeme enne toodete j\u00f5udmist teie tegevuskohta. K\u00e4sitledes konfigureerimist, testimist ja seadistamist ette, aitame tagada, et iga tarne integreerub sujuvalt teie keskkonda. Eesm\u00e4rk on lihtne: v\u00e4hendada keerukust, l\u00fchendada tarneaegu ja pakkuda teile riistvara, mis on kasutusvalmis esimesest p\u00e4evast alates.   <br><br>Iga teenuse taga on meeskond, kes on keskendunud t\u00e4psusele, kvaliteedile ja j\u00e4rjepidevusele. Olenemata sellest, kas \u00fclesanne h\u00f5lmab kokkupanekut, tarkvara ettevalmistamist v\u00f5i kohandatud muudatusi, t\u00f6\u00f6tame selle nimel, et luua oma klientidele usaldusv\u00e4\u00e4rsem ja t\u00f5husam tarneahel. Tutvuge allpool toodud teenustega, et n\u00e4ha, kuidas saame teie t\u00f6\u00f6voogu toetada.  \t\t\t\t\t\t\t\t<\/div>\n\t\t\t\t<\/div>\n\t\t<div class=\"elementor-element elementor-element-35ad3f0a e-con-full elementor-hidden-mobile e-flex e-con e-child\" data-id=\"35ad3f0a\" data-element_type=\"container\" data-e-type=\"container\">\n\t\t\t\t<\/div>\n\t\t\t\t<\/div>\n\t\t<div class=\"elementor-element elementor-element-45479ea4 e-con-full e-flex e-con e-parent\" data-id=\"45479ea4\" data-element_type=\"container\" data-e-type=\"container\" id=\"product_refinement\" data-settings=\"{&quot;background_background&quot;:&quot;gradient&quot;}\">\n\t\t<div class=\"elementor-element elementor-element-416b705d e-con-full e-flex e-con e-child\" data-id=\"416b705d\" data-element_type=\"container\" data-e-type=\"container\">\n\t\t\t\t<div class=\"elementor-element elementor-element-3a932b14 elementor-position-inline-start elementor-mobile-position-inline-start elementor-view-default elementor-widget elementor-widget-icon-box\" data-id=\"3a932b14\" data-element_type=\"widget\" data-e-type=\"widget\" data-widget_type=\"icon-box.default\">\n\t\t\t\t\t\t\t<div class=\"elementor-icon-box-wrapper\">\n\n\t\t\t\t\t\t<div class=\"elementor-icon-box-icon\">\n\t\t\t\t<span  class=\"elementor-icon\">\n\t\t\t\t<svg aria-hidden=\"true\" class=\"e-font-icon-svg e-fas-laptop\" viewBox=\"0 0 640 512\" xmlns=\"http:\/\/www.w3.org\/2000\/svg\"><path d=\"M624 416H381.54c-.74 19.81-14.71 32-32.74 32H288c-18.69 0-33.02-17.47-32.77-32H16c-8.8 0-16 7.2-16 16v16c0 35.2 28.8 64 64 64h512c35.2 0 64-28.8 64-64v-16c0-8.8-7.2-16-16-16zM576 48c0-26.4-21.6-48-48-48H112C85.6 0 64 21.6 64 48v336h512V48zm-64 272H128V64h384v256z\"><\/path><\/svg>\t\t\t\t<\/span>\n\t\t\t<\/div>\n\t\t\t\n\t\t\t\t\t\t<div class=\"elementor-icon-box-content\">\n\n\t\t\t\t\t\t\t\t\t<h2 class=\"elementor-icon-box-title\">\n\t\t\t\t\t\t<span  >\n\t\t\t\t\t\t\tT\u00f6\u00f6stusarvutite integreerimine\t\t\t\t\t\t<\/span>\n\t\t\t\t\t<\/h2>\n\t\t\t\t\n\t\t\t\t\t\t\t\t\t<p class=\"elementor-icon-box-description\">\n\t\t\t\t\t\tT\u00f6\u00f6de ulatus:\n<ul>\n<li>RAM-moodulite, SSD-salvestusruumi, WiFi\/4G\/LTE-moodulite ja laienduskaartide (PCI\/miniPCIe) paigaldamine<\/li>\n\n<li>S\u00fcsteemi kujutise loomine ja operatsioonis\u00fcsteemi juurutamine (Acronis, taastamisskriptid, USB-k\u00e4ivitusmeedia)<\/li>\n\n<li>BIOS\/UEFI konfigureerimine (Always-On seaded, RAID-konfiguratsioon, RS232-st RS485-ks teisendamine, UEFI\/Legacy re\u017eiim jne)<\/li>\n\n<li>Sisset\u00f6\u00f6tamistestimine vastavalt m\u00e4\u00e4ratletud testits\u00fcklile<\/li>\n\n<li>Funktsionaalne testimine vastavalt kliendi spetsifikatsioonidele<\/li>\n\n<li>L\u00f5ppkontroll, pakendamine, m\u00e4rgistamine ja dokumentatsioon<\/li>\n<\/ul>\t\t\t\t\t<\/p>\n\t\t\t\t\n\t\t\t<\/div>\n\t\t\t\n\t\t<\/div>\n\t\t\t\t\t\t<\/div>\n\t\t\t\t<\/div>\n\t\t<div class=\"elementor-element elementor-element-65973c45 e-con-full e-flex e-con e-child\" data-id=\"65973c45\" data-element_type=\"container\" data-e-type=\"container\">\n\t\t\t\t<div class=\"elementor-element elementor-element-39179472 elementor-position-inline-start elementor-mobile-position-inline-start elementor-view-default elementor-widget elementor-widget-icon-box\" data-id=\"39179472\" data-element_type=\"widget\" data-e-type=\"widget\" data-widget_type=\"icon-box.default\">\n\t\t\t\t\t\t\t<div class=\"elementor-icon-box-wrapper\">\n\n\t\t\t\t\t\t<div class=\"elementor-icon-box-icon\">\n\t\t\t\t<span  class=\"elementor-icon\">\n\t\t\t\t<svg aria-hidden=\"true\" class=\"e-font-icon-svg e-fas-network-wired\" viewBox=\"0 0 640 512\" xmlns=\"http:\/\/www.w3.org\/2000\/svg\"><path d=\"M640 264v-16c0-8.84-7.16-16-16-16H344v-40h72c17.67 0 32-14.33 32-32V32c0-17.67-14.33-32-32-32H224c-17.67 0-32 14.33-32 32v128c0 17.67 14.33 32 32 32h72v40H16c-8.84 0-16 7.16-16 16v16c0 8.84 7.16 16 16 16h104v40H64c-17.67 0-32 14.33-32 32v128c0 17.67 14.33 32 32 32h160c17.67 0 32-14.33 32-32V352c0-17.67-14.33-32-32-32h-56v-40h304v40h-56c-17.67 0-32 14.33-32 32v128c0 17.67 14.33 32 32 32h160c17.67 0 32-14.33 32-32V352c0-17.67-14.33-32-32-32h-56v-40h104c8.84 0 16-7.16 16-16zM256 128V64h128v64H256zm-64 320H96v-64h96v64zm352 0h-96v-64h96v64z\"><\/path><\/svg>\t\t\t\t<\/span>\n\t\t\t<\/div>\n\t\t\t\n\t\t\t\t\t\t<div class=\"elementor-icon-box-content\">\n\n\t\t\t\t\t\t\t\t\t<h2 class=\"elementor-icon-box-title\">\n\t\t\t\t\t\t<span  >\n\t\t\t\t\t\t\tV\u00f5rgu- ja sideseadmed\t\t\t\t\t\t<\/span>\n\t\t\t\t\t<\/h2>\n\t\t\t\t\n\t\t\t\t\t\t\t\t\t<p class=\"elementor-icon-box-description\">\n\t\t\t\t\t\tT\u00f6\u00f6de ulatus:\n<ul>\n<li>Antennide ja nendega seotud kaabelduse paigaldamine<\/li>\n\n<li>P\u00fcsivara vilkumine ja kliendispetsiifiliste konfiguratsioonifailide importimine<\/li>\n\n<li>IP-aadressi konfigureerimine<\/li>\n\n<li>Funktsionaalne kontroll Moxa konfigureerimistarkvara abil<\/li>\n\n<li>Seerianumbrite m\u00e4rgistamine ja kliendispetsiifiline tuvastamine<\/li><\/ul>\t\t\t\t\t<\/p>\n\t\t\t\t\n\t\t\t<\/div>\n\t\t\t\n\t\t<\/div>\n\t\t\t\t\t\t<\/div>\n\t\t\t\t<\/div>\n\t\t<div class=\"elementor-element elementor-element-29fa6c6d e-con-full e-flex e-con e-child\" data-id=\"29fa6c6d\" data-element_type=\"container\" data-e-type=\"container\">\n\t\t\t\t<div class=\"elementor-element elementor-element-12b9f2c9 elementor-position-inline-start elementor-mobile-position-inline-start elementor-view-default elementor-widget elementor-widget-icon-box\" data-id=\"12b9f2c9\" data-element_type=\"widget\" data-e-type=\"widget\" data-widget_type=\"icon-box.default\">\n\t\t\t\t\t\t\t<div class=\"elementor-icon-box-wrapper\">\n\n\t\t\t\t\t\t<div class=\"elementor-icon-box-icon\">\n\t\t\t\t<span  class=\"elementor-icon\">\n\t\t\t\t<svg aria-hidden=\"true\" class=\"e-font-icon-svg e-fas-microchip\" viewBox=\"0 0 512 512\" xmlns=\"http:\/\/www.w3.org\/2000\/svg\"><path d=\"M416 48v416c0 26.51-21.49 48-48 48H144c-26.51 0-48-21.49-48-48V48c0-26.51 21.49-48 48-48h224c26.51 0 48 21.49 48 48zm96 58v12a6 6 0 0 1-6 6h-18v6a6 6 0 0 1-6 6h-42V88h42a6 6 0 0 1 6 6v6h18a6 6 0 0 1 6 6zm0 96v12a6 6 0 0 1-6 6h-18v6a6 6 0 0 1-6 6h-42v-48h42a6 6 0 0 1 6 6v6h18a6 6 0 0 1 6 6zm0 96v12a6 6 0 0 1-6 6h-18v6a6 6 0 0 1-6 6h-42v-48h42a6 6 0 0 1 6 6v6h18a6 6 0 0 1 6 6zm0 96v12a6 6 0 0 1-6 6h-18v6a6 6 0 0 1-6 6h-42v-48h42a6 6 0 0 1 6 6v6h18a6 6 0 0 1 6 6zM30 376h42v48H30a6 6 0 0 1-6-6v-6H6a6 6 0 0 1-6-6v-12a6 6 0 0 1 6-6h18v-6a6 6 0 0 1 6-6zm0-96h42v48H30a6 6 0 0 1-6-6v-6H6a6 6 0 0 1-6-6v-12a6 6 0 0 1 6-6h18v-6a6 6 0 0 1 6-6zm0-96h42v48H30a6 6 0 0 1-6-6v-6H6a6 6 0 0 1-6-6v-12a6 6 0 0 1 6-6h18v-6a6 6 0 0 1 6-6zm0-96h42v48H30a6 6 0 0 1-6-6v-6H6a6 6 0 0 1-6-6v-12a6 6 0 0 1 6-6h18v-6a6 6 0 0 1 6-6z\"><\/path><\/svg>\t\t\t\t<\/span>\n\t\t\t<\/div>\n\t\t\t\n\t\t\t\t\t\t<div class=\"elementor-icon-box-content\">\n\n\t\t\t\t\t\t\t\t\t<h2 class=\"elementor-icon-box-title\">\n\t\t\t\t\t\t<span  >\n\t\t\t\t\t\t\tAndurite kokkupanek ja konfigureerimine\t\t\t\t\t\t<\/span>\n\t\t\t\t\t<\/h2>\n\t\t\t\t\n\t\t\t\t\t\t\t\t\t<p class=\"elementor-icon-box-description\">\n\t\t\t\t\t\tT\u00f6\u00f6de ulatus:\n<ul>\n<li>Programmeerimine DOS-p\u00f5histe konfigureerimist\u00f6\u00f6riistade abil<\/li>\n\n<li>IP-aadressi muutmine<\/li>\n\n<li>Funktsionaalne kontroll<\/li>\n\n<li>Andurikomplektide pakendamine<\/li>\n<\/ul>\t\t\t\t\t<\/p>\n\t\t\t\t\n\t\t\t<\/div>\n\t\t\t\n\t\t<\/div>\n\t\t\t\t\t\t<\/div>\n\t\t\t\t<\/div>\n\t\t\t\t<\/div>\n\t\t<div class=\"elementor-element elementor-element-6e2fb25c e-con-full e-flex e-con e-parent\" data-id=\"6e2fb25c\" data-element_type=\"container\" data-e-type=\"container\" data-settings=\"{&quot;background_background&quot;:&quot;gradient&quot;}\">\n\t\t<div class=\"elementor-element elementor-element-119319c7 e-con-full e-flex e-con e-child\" data-id=\"119319c7\" data-element_type=\"container\" data-e-type=\"container\">\n\t\t\t\t<div class=\"elementor-element elementor-element-27f49840 elementor-position-inline-start elementor-mobile-position-inline-start elementor-view-default elementor-widget elementor-widget-icon-box\" data-id=\"27f49840\" data-element_type=\"widget\" data-e-type=\"widget\" data-widget_type=\"icon-box.default\">\n\t\t\t\t\t\t\t<div class=\"elementor-icon-box-wrapper\">\n\n\t\t\t\t\t\t<div class=\"elementor-icon-box-icon\">\n\t\t\t\t<span  class=\"elementor-icon\">\n\t\t\t\t<svg aria-hidden=\"true\" class=\"e-font-icon-svg e-fas-boxes\" viewBox=\"0 0 576 512\" xmlns=\"http:\/\/www.w3.org\/2000\/svg\"><path d=\"M560 288h-80v96l-32-21.3-32 21.3v-96h-80c-8.8 0-16 7.2-16 16v192c0 8.8 7.2 16 16 16h224c8.8 0 16-7.2 16-16V304c0-8.8-7.2-16-16-16zm-384-64h224c8.8 0 16-7.2 16-16V16c0-8.8-7.2-16-16-16h-80v96l-32-21.3L256 96V0h-80c-8.8 0-16 7.2-16 16v192c0 8.8 7.2 16 16 16zm64 64h-80v96l-32-21.3L96 384v-96H16c-8.8 0-16 7.2-16 16v192c0 8.8 7.2 16 16 16h224c8.8 0 16-7.2 16-16V304c0-8.8-7.2-16-16-16z\"><\/path><\/svg>\t\t\t\t<\/span>\n\t\t\t<\/div>\n\t\t\t\n\t\t\t\t\t\t<div class=\"elementor-icon-box-content\">\n\n\t\t\t\t\t\t\t\t\t<h2 class=\"elementor-icon-box-title\">\n\t\t\t\t\t\t<span  >\n\t\t\t\t\t\t\tKomplektide kokkupanek ja komponentide pakendamine\t\t\t\t\t\t<\/span>\n\t\t\t\t\t<\/h2>\n\t\t\t\t\n\t\t\t\t\t\t\t\t\t<p class=\"elementor-icon-box-description\">\n\t\t\t\t\t\tT\u00f6\u00f6de ulatus:\n<ul><li>\nAdapterplaatide, kruvikomplektide ja kaabelduse kokkupanek<\/li>\n<li>\nPakendamine minigrip-kottidesse koos dokumentatsiooniga<\/li>\n<li>\nToote m\u00e4rgistamine ja tootenumbri kontrollimine<\/li><\/ul>\t\t\t\t\t<\/p>\n\t\t\t\t\n\t\t\t<\/div>\n\t\t\t\n\t\t<\/div>\n\t\t\t\t\t\t<\/div>\n\t\t\t\t<\/div>\n\t\t<div class=\"elementor-element elementor-element-33960fea e-con-full e-flex e-con e-child\" data-id=\"33960fea\" data-element_type=\"container\" data-e-type=\"container\">\n\t\t\t\t<div class=\"elementor-element elementor-element-3f8a1773 elementor-position-inline-start elementor-mobile-position-inline-start elementor-view-default elementor-widget elementor-widget-icon-box\" data-id=\"3f8a1773\" data-element_type=\"widget\" data-e-type=\"widget\" data-widget_type=\"icon-box.default\">\n\t\t\t\t\t\t\t<div class=\"elementor-icon-box-wrapper\">\n\n\t\t\t\t\t\t<div class=\"elementor-icon-box-icon\">\n\t\t\t\t<span  class=\"elementor-icon\">\n\t\t\t\t<svg aria-hidden=\"true\" class=\"e-font-icon-svg e-fas-tag\" viewBox=\"0 0 512 512\" xmlns=\"http:\/\/www.w3.org\/2000\/svg\"><path d=\"M0 252.118V48C0 21.49 21.49 0 48 0h204.118a48 48 0 0 1 33.941 14.059l211.882 211.882c18.745 18.745 18.745 49.137 0 67.882L293.823 497.941c-18.745 18.745-49.137 18.745-67.882 0L14.059 286.059A48 48 0 0 1 0 252.118zM112 64c-26.51 0-48 21.49-48 48s21.49 48 48 48 48-21.49 48-48-21.49-48-48-48z\"><\/path><\/svg>\t\t\t\t<\/span>\n\t\t\t<\/div>\n\t\t\t\n\t\t\t\t\t\t<div class=\"elementor-icon-box-content\">\n\n\t\t\t\t\t\t\t\t\t<h2 class=\"elementor-icon-box-title\">\n\t\t\t\t\t\t<span  >\n\t\t\t\t\t\t\tM\u00e4rgistamine ja kliendi br\u00e4nding\t\t\t\t\t\t<\/span>\n\t\t\t\t\t<\/h2>\n\t\t\t\t\n\t\t\t\t\t\t\t\t\t<p class=\"elementor-icon-box-description\">\n\t\t\t\t\t\tT\u00f6\u00f6de ulatus:\n<ul><li>\nSiltide paigaldamine vastavalt millimeetrise t\u00e4psusega positsioneerimisn\u00f5uetele<\/li>\n\n<li>Seerianumbrite haldamine ja j\u00e4lgitavus<\/li>\n\n<li>Kujunduse ja paigutuse kontrollimine vastavalt kliendi standarditele<\/li>\n<\/ul>\t\t\t\t\t<\/p>\n\t\t\t\t\n\t\t\t<\/div>\n\t\t\t\n\t\t<\/div>\n\t\t\t\t\t\t<\/div>\n\t\t\t\t<\/div>\n\t\t<div class=\"elementor-element elementor-element-61b40ddf e-con-full e-flex e-con e-child\" data-id=\"61b40ddf\" data-element_type=\"container\" data-e-type=\"container\">\n\t\t\t\t<\/div>\n\t\t\t\t<\/div>\n\t\t<div class=\"elementor-element elementor-element-64a91b77 e-con-full e-flex e-con e-parent\" data-id=\"64a91b77\" data-element_type=\"container\" data-e-type=\"container\" data-settings=\"{&quot;background_background&quot;:&quot;classic&quot;}\">\n\t\t<div class=\"elementor-element elementor-element-2ce1ff8b e-con-full e-flex e-con e-child\" data-id=\"2ce1ff8b\" data-element_type=\"container\" data-e-type=\"container\">\n\t\t\t\t<\/div>\n\t\t<div class=\"elementor-element elementor-element-3c8bd2d9 e-con-full e-flex e-con e-child\" data-id=\"3c8bd2d9\" data-element_type=\"container\" data-e-type=\"container\">\n\t\t<div class=\"elementor-element elementor-element-3de5b0e8 e-con-full e-flex e-con e-child\" data-id=\"3de5b0e8\" data-element_type=\"container\" data-e-type=\"container\" data-settings=\"{&quot;background_background&quot;:&quot;classic&quot;}\">\n\t\t\t\t<div class=\"elementor-element elementor-element-14491e03 animated-fast elementor-invisible elementor-widget elementor-widget-heading\" data-id=\"14491e03\" data-element_type=\"widget\" data-e-type=\"widget\" data-settings=\"{&quot;_animation&quot;:&quot;fadeInLeft&quot;}\" data-widget_type=\"heading.default\">\n\t\t\t\t\t<h2 class=\"elementor-heading-title elementor-size-default\"><a href=\"#\">Maksimeerige oma t\u00f5husust toodete kohandamise abil <\/a><\/h2>\t\t\t\t<\/div>\n\t\t\t\t<div class=\"elementor-element elementor-element-72c7b0d5 elementor-widget__width-initial elementor-invisible elementor-widget elementor-widget-text-editor\" data-id=\"72c7b0d5\" data-element_type=\"widget\" data-e-type=\"widget\" data-settings=\"{&quot;_animation&quot;:&quot;fadeInUp&quot;}\" data-widget_type=\"text-editor.default\">\n\t\t\t\t\t\t\t\t\tTagame optimaalseima lahenduse leidmise igale unikaalsele kliendi v\u00e4ljakutsele. See t\u00e4hendab, et aitame meeleldi tooteid kohandada v\u00f5i muuta vastavalt teie unikaalsetele vajadustele. Kas teeme toote kohandused enne tarnimist v\u00f5i teeme koos partneritega konkreetsed muudatused otse tootmises.  <br><br>Meie kohandatud lahendustega saate kiiresti ja lihtsalt parandada nii oma masinate kui ka s\u00fcsteemide j\u00f5udlust ja kasutajas\u00f5bralikkust. Olgu selleks BIOS-i seadete kohandamine arvuti optimeerimiseks v\u00f5i andurite tarnimine, mis on kohe karbist v\u00e4lja v\u00f5ttes paigaldamiseks valmis. \n\t\t\t\t\t\t\t\t<\/div>\n\t\t<div class=\"elementor-element elementor-element-9641246 e-con-full animated-fast e-flex elementor-invisible e-con e-child\" data-id=\"9641246\" data-element_type=\"container\" data-e-type=\"container\" data-settings=\"{&quot;animation&quot;:&quot;fadeInUp&quot;}\">\n\t\t\t\t<div class=\"elementor-element elementor-element-5aeaa7c2 elementor-widget elementor-widget-button\" data-id=\"5aeaa7c2\" data-element_type=\"widget\" data-e-type=\"widget\" data-widget_type=\"button.default\">\n\t\t\t\t\t\t\t\t\t\t<a class=\"elementor-button elementor-button-link elementor-size-sm\" href=\"https:\/\/scn.mildmedia-dev.eu\/et\/kontakt\/\">\n\t\t\t\t\t\t<span class=\"elementor-button-content-wrapper\">\n\t\t\t\t\t\t\t\t\t<span class=\"elementor-button-text\">V\u00f5tke meiega \u00fchendust<\/span>\n\t\t\t\t\t<\/span>\n\t\t\t\t\t<\/a>\n\t\t\t\t\t\t\t\t<\/div>\n\t\t\t\t<div class=\"elementor-element elementor-element-60a45210 transparent_button elementor-widget elementor-widget-button\" data-id=\"60a45210\" data-element_type=\"widget\" data-e-type=\"widget\" data-widget_type=\"button.default\">\n\t\t\t\t\t\t\t\t\t\t<a class=\"elementor-button elementor-button-link elementor-size-sm\" href=\"\/contact\/technical-support\">\n\t\t\t\t\t\t<span class=\"elementor-button-content-wrapper\">\n\t\t\t\t\t\t\t\t\t<span class=\"elementor-button-text\">Tehniline tugi<\/span>\n\t\t\t\t\t<\/span>\n\t\t\t\t\t<\/a>\n\t\t\t\t\t\t\t\t<\/div>\n\t\t\t\t<\/div>\n\t\t\t\t<\/div>\n\t\t\t\t<\/div>\n\t\t\t\t<\/div>\n\t\t\t\t<\/div>\n\t\t","protected":false},"excerpt":{"rendered":"<p>Lisandv\u00e4\u00e4rtus Meie lisandv\u00e4\u00e4rtusteenused on loodud selleks, et muuta teie tehnoloogia tarnimine sujuvamaks, kiiremaks ja prognoositavamaks. See leht annab \u00fclevaate spetsiaalsest ettevalmistust\u00f6\u00f6st, mida teeme enne toodete j\u00f5udmist teie tegevuskohta. K\u00e4sitledes konfigureerimist, testimist ja seadistamist ette, aitame tagada, et iga tarne integreerub sujuvalt teie keskkonda. Eesm\u00e4rk on lihtne: v\u00e4hendada keerukust, l\u00fchendada tarneaegu ja pakkuda teile riistvara, mis&#8230;<\/p>\n","protected":false},"author":5,"featured_media":8063778,"parent":0,"menu_order":0,"comment_status":"closed","ping_status":"closed","template":"","meta":{"_kad_post_transparent":"","_kad_post_title":"","_kad_post_layout":"","_kad_post_sidebar_id":"","_kad_post_content_style":"","_kad_post_vertical_padding":"","_kad_post_feature":"","_kad_post_feature_position":"","_kad_post_header":false,"_kad_post_footer":false,"_kad_post_classname":"","footnotes":""},"class_list":["post-8071561","page","type-page","status-publish","has-post-thumbnail","hentry"],"_links":{"self":[{"href":"https:\/\/scn.eu\/et\/wp-json\/wp\/v2\/pages\/8071561","targetHints":{"allow":["GET"]}}],"collection":[{"href":"https:\/\/scn.eu\/et\/wp-json\/wp\/v2\/pages"}],"about":[{"href":"https:\/\/scn.eu\/et\/wp-json\/wp\/v2\/types\/page"}],"author":[{"embeddable":true,"href":"https:\/\/scn.eu\/et\/wp-json\/wp\/v2\/users\/5"}],"replies":[{"embeddable":true,"href":"https:\/\/scn.eu\/et\/wp-json\/wp\/v2\/comments?post=8071561"}],"version-history":[{"count":1,"href":"https:\/\/scn.eu\/et\/wp-json\/wp\/v2\/pages\/8071561\/revisions"}],"predecessor-version":[{"id":8071564,"href":"https:\/\/scn.eu\/et\/wp-json\/wp\/v2\/pages\/8071561\/revisions\/8071564"}],"wp:featuredmedia":[{"embeddable":true,"href":"https:\/\/scn.eu\/et\/wp-json\/wp\/v2\/media\/8063778"}],"wp:attachment":[{"href":"https:\/\/scn.eu\/et\/wp-json\/wp\/v2\/media?parent=8071561"}],"curies":[{"name":"wp","href":"https:\/\/api.w.org\/{rel}","templated":true}]}}