{"id":8071481,"date":"2026-02-13T10:19:01","date_gmt":"2026-02-13T10:19:01","guid":{"rendered":"https:\/\/firm-pigeon.10web.cloud\/scn-ist-lahemalt\/"},"modified":"2026-04-10T13:14:09","modified_gmt":"2026-04-10T13:14:09","slug":"scn-ist-lahemalt","status":"publish","type":"page","link":"https:\/\/scn.eu\/et\/scn-ist-lahemalt\/","title":{"rendered":"SCN-ist l\u00e4hemalt"},"content":{"rendered":"\t\t<div data-elementor-type=\"wp-page\" data-elementor-id=\"8071481\" class=\"elementor elementor-8071481 elementor-652284\" data-elementor-post-type=\"page\">\n\t\t\t\t<div class=\"elementor-element elementor-element-58972821 e-con-full e-flex e-con e-parent\" data-id=\"58972821\" data-element_type=\"container\" data-e-type=\"container\" data-settings=\"{&quot;background_background&quot;:&quot;classic&quot;}\">\n\t\t<div class=\"elementor-element elementor-element-7e2e9897 e-con-full e-flex e-con e-child\" data-id=\"7e2e9897\" data-element_type=\"container\" data-e-type=\"container\" data-settings=\"{&quot;background_background&quot;:&quot;classic&quot;}\">\n\t\t\t\t<div class=\"elementor-element elementor-element-68487ba3 elementor-widget__width-initial animated-fast elementor-invisible elementor-widget elementor-widget-heading\" data-id=\"68487ba3\" data-element_type=\"widget\" data-e-type=\"widget\" data-settings=\"{&quot;_animation&quot;:&quot;fadeInLeft&quot;}\" data-widget_type=\"heading.default\">\n\t\t\t\t\t<h1 class=\"elementor-heading-title elementor-size-default\">SCN-ist l\u00e4hemalt<\/h1>\t\t\t\t<\/div>\n\t\t\t\t<div class=\"elementor-element elementor-element-62110588 elementor-widget__width-initial elementor-invisible elementor-widget elementor-widget-text-editor\" data-id=\"62110588\" data-element_type=\"widget\" data-e-type=\"widget\" data-settings=\"{&quot;_animation&quot;:&quot;fadeInUp&quot;}\" data-widget_type=\"text-editor.default\">\n\t\t\t\t\t\t\t\t\tSCN on Euroopa juhtiv s\u00f5ltumatu t\u00f6\u00f6stuskomponentide ja tehniliste lahenduste tarnija. T\u00e4nu tihedale koost\u00f6\u00f6le maailmatasemel tootjatega ja tugevale tehnilisele kompetentsile pakume tehnoloogiaettev\u00f5tetele ja t\u00f6\u00f6stusklientidele usaldusv\u00e4\u00e4rseid komponente n\u00f5udlike rakenduste jaoks. <br><br>\nMeie t\u00e4helepanu keskmes on tugevad partnerlussuhted tarnijatega, p\u00f5hjalikud rakendusteadmised ning pikaajalised suhted nii klientide kui ka tootjatega.<br><br>\nSCN kuulub Addtechi koosseisu, mis on Rootsi b\u00f6rsil noteeritud tehnoloogialahenduste kontsern, kuhu kuulub umbes 150 iseseisvat ettev\u00f5tet.\t\t\t\t\t\t\t\t<\/div>\n\t\t<div class=\"elementor-element elementor-element-654b9997 e-con-full animated-fast elementor-hidden-widescreen elementor-hidden-desktop elementor-hidden-laptop elementor-hidden-tablet_extra elementor-hidden-tablet elementor-hidden-mobile_extra e-flex elementor-invisible e-con e-child\" data-id=\"654b9997\" data-element_type=\"container\" data-e-type=\"container\" data-settings=\"{&quot;animation&quot;:&quot;fadeInUp&quot;}\">\n\t\t\t\t<div class=\"elementor-element elementor-element-14eacaa0 elementor-widget elementor-widget-button\" data-id=\"14eacaa0\" data-element_type=\"widget\" data-e-type=\"widget\" data-widget_type=\"button.default\">\n\t\t\t\t\t\t\t\t\t\t<a class=\"elementor-button elementor-button-link elementor-size-sm\" href=\"#about\">\n\t\t\t\t\t\t<span class=\"elementor-button-content-wrapper\">\n\t\t\t\t\t\t<span class=\"elementor-button-icon\">\n\t\t\t\t<svg aria-hidden=\"true\" class=\"e-font-icon-svg e-fas-caret-down\" viewBox=\"0 0 320 512\" xmlns=\"http:\/\/www.w3.org\/2000\/svg\"><path d=\"M31.3 192h257.3c17.8 0 26.7 21.5 14.1 34.1L174.1 354.8c-7.8 7.8-20.5 7.8-28.3 0L17.2 226.1C4.6 213.5 13.5 192 31.3 192z\"><\/path><\/svg>\t\t\t<\/span>\n\t\t\t\t\t\t\t\t<\/span>\n\t\t\t\t\t<\/a>\n\t\t\t\t\t\t\t\t<\/div>\n\t\t\t\t<\/div>\n\t\t\t\t<\/div>\n\t\t<div class=\"elementor-element elementor-element-2264a493 e-con-full elementor-hidden-mobile e-flex e-con e-child\" data-id=\"2264a493\" data-element_type=\"container\" data-e-type=\"container\">\n\t\t\t\t<\/div>\n\t\t\t\t<\/div>\n\t\t<div class=\"elementor-element elementor-element-58b078c0 e-con-full e-flex e-con e-parent\" data-id=\"58b078c0\" data-element_type=\"container\" data-e-type=\"container\" id=\"about\" data-settings=\"{&quot;background_background&quot;:&quot;gradient&quot;}\">\n\t\t<div class=\"elementor-element elementor-element-17e0e07 e-con-full e-flex e-con e-child\" data-id=\"17e0e07\" data-element_type=\"container\" data-e-type=\"container\">\n\t\t\t\t<div class=\"elementor-element elementor-element-281b549d elementor-position-inline-start elementor-mobile-position-inline-start elementor-view-default elementor-widget elementor-widget-icon-box\" data-id=\"281b549d\" data-element_type=\"widget\" data-e-type=\"widget\" data-widget_type=\"icon-box.default\">\n\t\t\t\t\t\t\t<div class=\"elementor-icon-box-wrapper\">\n\n\t\t\t\t\t\t<div class=\"elementor-icon-box-icon\">\n\t\t\t\t<span  class=\"elementor-icon\">\n\t\t\t\t<svg aria-hidden=\"true\" class=\"e-font-icon-svg e-fas-leaf\" viewBox=\"0 0 576 512\" xmlns=\"http:\/\/www.w3.org\/2000\/svg\"><path d=\"M546.2 9.7c-5.6-12.5-21.6-13-28.3-1.2C486.9 62.4 431.4 96 368 96h-80C182 96 96 182 96 288c0 7 .8 13.7 1.5 20.5C161.3 262.8 253.4 224 384 224c8.8 0 16 7.2 16 16s-7.2 16-16 16C132.6 256 26 410.1 2.4 468c-6.6 16.3 1.2 34.9 17.5 41.6 16.4 6.8 35-1.1 41.8-17.3 1.5-3.6 20.9-47.9 71.9-90.6 32.4 43.9 94 85.8 174.9 77.2C465.5 467.5 576 326.7 576 154.3c0-50.2-10.8-102.2-29.8-144.6z\"><\/path><\/svg>\t\t\t\t<\/span>\n\t\t\t<\/div>\n\t\t\t\n\t\t\t\t\t\t<div class=\"elementor-icon-box-content\">\n\n\t\t\t\t\t\t\t\t\t<h2 class=\"elementor-icon-box-title\">\n\t\t\t\t\t\t<span  >\n\t\t\t\t\t\t\tKeskkond ja kvaliteet\t\t\t\t\t\t<\/span>\n\t\t\t\t\t<\/h2>\n\t\t\t\t\n\t\t\t\t\t\t\t\t\t<p class=\"elementor-icon-box-description\">\n\t\t\t\t\t\tKvaliteet ja j\u00e4tkusuutlikkus on k\u00f5ige SCN-i tegevuse keskmes. Meil on topelt ISO-sertifikaat, ISO 9001 (kvaliteedijuhtimine) ja ISO 14001 (keskkonnajuhtimine), mis kinnitab, et vastame m\u00f5lemas valdkonnas rahvusvaheliselt tunnustatud standarditele. <br><br>T\u00f6\u00f6tame pidevalt selgelt m\u00e4\u00e4ratletud keskkonnaeesm\u00e4rkide nimel, mida peame oluliseks, et j\u00e4\u00e4da t\u00f6\u00f6stussektoris vastutustundlikuks ja konkurentsiv\u00f5imeliseks tarnijaks. Lugege meie kvaliteedi- ja j\u00e4tkusuutlikkuse alaste kohustuste kohta l\u00e4hemalt siit. \t\t\t\t\t<\/p>\n\t\t\t\t\n\t\t\t<\/div>\n\t\t\t\n\t\t<\/div>\n\t\t\t\t\t\t<\/div>\n\t\t\t\t<\/div>\n\t\t<div class=\"elementor-element elementor-element-7209a432 e-con-full e-flex e-con e-child\" data-id=\"7209a432\" data-element_type=\"container\" data-e-type=\"container\">\n\t\t\t\t<div class=\"elementor-element elementor-element-1afeb018 elementor-position-inline-start elementor-mobile-position-inline-start elementor-view-default elementor-widget elementor-widget-icon-box\" data-id=\"1afeb018\" data-element_type=\"widget\" data-e-type=\"widget\" data-widget_type=\"icon-box.default\">\n\t\t\t\t\t\t\t<div class=\"elementor-icon-box-wrapper\">\n\n\t\t\t\t\t\t<div class=\"elementor-icon-box-icon\">\n\t\t\t\t<span  class=\"elementor-icon\">\n\t\t\t\t<svg aria-hidden=\"true\" class=\"e-font-icon-svg e-fas-microchip\" viewBox=\"0 0 512 512\" xmlns=\"http:\/\/www.w3.org\/2000\/svg\"><path d=\"M416 48v416c0 26.51-21.49 48-48 48H144c-26.51 0-48-21.49-48-48V48c0-26.51 21.49-48 48-48h224c26.51 0 48 21.49 48 48zm96 58v12a6 6 0 0 1-6 6h-18v6a6 6 0 0 1-6 6h-42V88h42a6 6 0 0 1 6 6v6h18a6 6 0 0 1 6 6zm0 96v12a6 6 0 0 1-6 6h-18v6a6 6 0 0 1-6 6h-42v-48h42a6 6 0 0 1 6 6v6h18a6 6 0 0 1 6 6zm0 96v12a6 6 0 0 1-6 6h-18v6a6 6 0 0 1-6 6h-42v-48h42a6 6 0 0 1 6 6v6h18a6 6 0 0 1 6 6zm0 96v12a6 6 0 0 1-6 6h-18v6a6 6 0 0 1-6 6h-42v-48h42a6 6 0 0 1 6 6v6h18a6 6 0 0 1 6 6zM30 376h42v48H30a6 6 0 0 1-6-6v-6H6a6 6 0 0 1-6-6v-12a6 6 0 0 1 6-6h18v-6a6 6 0 0 1 6-6zm0-96h42v48H30a6 6 0 0 1-6-6v-6H6a6 6 0 0 1-6-6v-12a6 6 0 0 1 6-6h18v-6a6 6 0 0 1 6-6zm0-96h42v48H30a6 6 0 0 1-6-6v-6H6a6 6 0 0 1-6-6v-12a6 6 0 0 1 6-6h18v-6a6 6 0 0 1 6-6zm0-96h42v48H30a6 6 0 0 1-6-6v-6H6a6 6 0 0 1-6-6v-12a6 6 0 0 1 6-6h18v-6a6 6 0 0 1 6-6z\"><\/path><\/svg>\t\t\t\t<\/span>\n\t\t\t<\/div>\n\t\t\t\n\t\t\t\t\t\t<div class=\"elementor-icon-box-content\">\n\n\t\t\t\t\t\t\t\t\t<h2 class=\"elementor-icon-box-title\">\n\t\t\t\t\t\t<span  >\n\t\t\t\t\t\t\tSCN ja Addtech\t\t\t\t\t\t<\/span>\n\t\t\t\t\t<\/h2>\n\t\t\t\t\n\t\t\t\t\t\t\t\t\t<p class=\"elementor-icon-box-description\">\n\t\t\t\t\t\tSCN on osa Addtechist, Rootsi b\u00f6rsil noteeritud tehnoloogialahenduste kontsernist, kuhu kuulub ligikaudu 150 s\u00f5ltumatut ettev\u00f5tet. Addtech tarnib k\u00f5rgtehnoloogilisi tooteid ja lahendusi peamiselt t\u00f6\u00f6tleva t\u00f6\u00f6stuse ja infrastruktuuri valdkonna klientidele ligikaudu 20 riigis, keskendudes pikaajaliselt j\u00e4tkusuutlikule kasvule.<br><br>Addtechi kontserni liikmena \u00fchendab SCN v\u00e4ikeettev\u00f5tte paindlikkuse, lamedat struktuuri ja kiire otsustusprotsessi suurettev\u00f5tte ressursside, globaalse v\u00f5rgustiku ja karj\u00e4\u00e4riv\u00f5imalustega.\t\t\t\t\t<\/p>\n\t\t\t\t\n\t\t\t<\/div>\n\t\t\t\n\t\t<\/div>\n\t\t\t\t\t\t<\/div>\n\t\t\t\t<\/div>\n\t\t<div class=\"elementor-element elementor-element-398c3432 e-con-full e-flex e-con e-child\" data-id=\"398c3432\" data-element_type=\"container\" data-e-type=\"container\">\n\t\t\t\t<div class=\"elementor-element elementor-element-1e8f0c83 elementor-position-inline-start elementor-mobile-position-inline-start elementor-view-default elementor-widget elementor-widget-icon-box\" data-id=\"1e8f0c83\" data-element_type=\"widget\" data-e-type=\"widget\" data-widget_type=\"icon-box.default\">\n\t\t\t\t\t\t\t<div class=\"elementor-icon-box-wrapper\">\n\n\t\t\t\t\t\t<div class=\"elementor-icon-box-icon\">\n\t\t\t\t<span  class=\"elementor-icon\">\n\t\t\t\t<svg aria-hidden=\"true\" class=\"e-font-icon-svg e-fas-handshake\" viewBox=\"0 0 640 512\" xmlns=\"http:\/\/www.w3.org\/2000\/svg\"><path d=\"M434.7 64h-85.9c-8 0-15.7 3-21.6 8.4l-98.3 90c-.1.1-.2.3-.3.4-16.6 15.6-16.3 40.5-2.1 56 12.7 13.9 39.4 17.6 56.1 2.7.1-.1.3-.1.4-.2l79.9-73.2c6.5-5.9 16.7-5.5 22.6 1 6 6.5 5.5 16.6-1 22.6l-26.1 23.9L504 313.8c2.9 2.4 5.5 5 7.9 7.7V128l-54.6-54.6c-5.9-6-14.1-9.4-22.6-9.4zM544 128.2v223.9c0 17.7 14.3 32 32 32h64V128.2h-96zm48 223.9c-8.8 0-16-7.2-16-16s7.2-16 16-16 16 7.2 16 16-7.2 16-16 16zM0 384h64c17.7 0 32-14.3 32-32V128.2H0V384zm48-63.9c8.8 0 16 7.2 16 16s-7.2 16-16 16-16-7.2-16-16c0-8.9 7.2-16 16-16zm435.9 18.6L334.6 217.5l-30 27.5c-29.7 27.1-75.2 24.5-101.7-4.4-26.9-29.4-24.8-74.9 4.4-101.7L289.1 64h-83.8c-8.5 0-16.6 3.4-22.6 9.4L128 128v223.9h18.3l90.5 81.9c27.4 22.3 67.7 18.1 90-9.3l.2-.2 17.9 15.5c15.9 13 39.4 10.5 52.3-5.4l31.4-38.6 5.4 4.4c13.7 11.1 33.9 9.1 45-4.7l9.5-11.7c11.2-13.8 9.1-33.9-4.6-45.1z\"><\/path><\/svg>\t\t\t\t<\/span>\n\t\t\t<\/div>\n\t\t\t\n\t\t\t\t\t\t<div class=\"elementor-icon-box-content\">\n\n\t\t\t\t\t\t\t\t\t<h2 class=\"elementor-icon-box-title\">\n\t\t\t\t\t\t<span  >\n\t\t\t\t\t\t\tKliendid esikohal\t\t\t\t\t\t<\/span>\n\t\t\t\t\t<\/h2>\n\t\t\t\t\n\t\t\t\t\t\t\t\t\t<p class=\"elementor-icon-box-description\">\n\t\t\t\t\t\tSCN teenindab peamiselt keskmisi ja suuri masinaehitajaid. Meie tootevalik on teadlikult kujundatud vastavalt meie klientide tegelikele vajadustele, v\u00f5imaldades meil pakkuda oma klassi parimat tehnilist tuge ja teenindust, mis on kohandatud v\u00e4ljakutsetele, millega masinaehitajad t\u00e4nap\u00e4eval silmitsi seisavad. \n\t\t\t\t\t<\/p>\n\t\t\t\t\n\t\t\t<\/div>\n\t\t\t\n\t\t<\/div>\n\t\t\t\t\t\t<\/div>\n\t\t\t\t<\/div>\n\t\t<div class=\"elementor-element elementor-element-ead39b0 e-con-full e-flex e-con e-child\" data-id=\"ead39b0\" data-element_type=\"container\" data-e-type=\"container\">\n\t\t\t\t<div class=\"elementor-element elementor-element-befec6c elementor-position-inline-start elementor-mobile-position-inline-start elementor-view-default elementor-widget elementor-widget-icon-box\" data-id=\"befec6c\" data-element_type=\"widget\" data-e-type=\"widget\" data-widget_type=\"icon-box.default\">\n\t\t\t\t\t\t\t<div class=\"elementor-icon-box-wrapper\">\n\n\t\t\t\t\t\t<div class=\"elementor-icon-box-icon\">\n\t\t\t\t<a href=\"https:\/\/scn.mildmedia-dev.eu\/et\/partnerid\/\" class=\"elementor-icon\" tabindex=\"-1\" aria-label=\"Meie partnerid\">\n\t\t\t\t<svg aria-hidden=\"true\" class=\"e-font-icon-svg e-fas-handshake\" viewBox=\"0 0 640 512\" xmlns=\"http:\/\/www.w3.org\/2000\/svg\"><path d=\"M434.7 64h-85.9c-8 0-15.7 3-21.6 8.4l-98.3 90c-.1.1-.2.3-.3.4-16.6 15.6-16.3 40.5-2.1 56 12.7 13.9 39.4 17.6 56.1 2.7.1-.1.3-.1.4-.2l79.9-73.2c6.5-5.9 16.7-5.5 22.6 1 6 6.5 5.5 16.6-1 22.6l-26.1 23.9L504 313.8c2.9 2.4 5.5 5 7.9 7.7V128l-54.6-54.6c-5.9-6-14.1-9.4-22.6-9.4zM544 128.2v223.9c0 17.7 14.3 32 32 32h64V128.2h-96zm48 223.9c-8.8 0-16-7.2-16-16s7.2-16 16-16 16 7.2 16 16-7.2 16-16 16zM0 384h64c17.7 0 32-14.3 32-32V128.2H0V384zm48-63.9c8.8 0 16 7.2 16 16s-7.2 16-16 16-16-7.2-16-16c0-8.9 7.2-16 16-16zm435.9 18.6L334.6 217.5l-30 27.5c-29.7 27.1-75.2 24.5-101.7-4.4-26.9-29.4-24.8-74.9 4.4-101.7L289.1 64h-83.8c-8.5 0-16.6 3.4-22.6 9.4L128 128v223.9h18.3l90.5 81.9c27.4 22.3 67.7 18.1 90-9.3l.2-.2 17.9 15.5c15.9 13 39.4 10.5 52.3-5.4l31.4-38.6 5.4 4.4c13.7 11.1 33.9 9.1 45-4.7l9.5-11.7c11.2-13.8 9.1-33.9-4.6-45.1z\"><\/path><\/svg>\t\t\t\t<\/a>\n\t\t\t<\/div>\n\t\t\t\n\t\t\t\t\t\t<div class=\"elementor-icon-box-content\">\n\n\t\t\t\t\t\t\t\t\t<h2 class=\"elementor-icon-box-title\">\n\t\t\t\t\t\t<a href=\"https:\/\/scn.mildmedia-dev.eu\/et\/partnerid\/\" >\n\t\t\t\t\t\t\tMeie partnerid\t\t\t\t\t\t<\/a>\n\t\t\t\t\t<\/h2>\n\t\t\t\t\n\t\t\t\t\t\t\t\t\t<p class=\"elementor-icon-box-description\">\n\t\t\t\t\t\tSCN-i partnerid on hoolikalt valitud spetsialistid \u2013 iga\u00fcks oma valdkonna liider. Koos oleme v\u00e4lja t\u00f6\u00f6tanud tervikliku ja v\u00f5imsa tooteportfelli, mis h\u00f5lmab viit p\u00f5hivaldkonda: <br><br><ul style=\"margin-top:-10px;margin-bottom:17px\">\n<li>Andurid<\/li><li>\nKomponendid<\/li><li>\nT\u00f6\u00f6stusarvutid<\/li><li>\nV\u00f5rgutooted<\/li><li>\nJuht- ja ajamis\u00fcsteemid<\/li><\/ul>\n\nIga tootevaldkonda esindab spetsialist, kes \u00fchendab s\u00fcgavad tehnilised teadmised kulut\u00f5hususega \u2013 pakkudes masinaehitajatele juurdep\u00e4\u00e4su parimatele turul saadaolevatele lahendustele.\t\t\t\t\t<\/p>\n\t\t\t\t\n\t\t\t<\/div>\n\t\t\t\n\t\t<\/div>\n\t\t\t\t\t\t<\/div>\n\t\t\t\t<\/div>\n\t\t\t\t<\/div>\n\t\t<div class=\"elementor-element elementor-element-12d7c0e4 e-con-full e-flex e-con e-parent\" data-id=\"12d7c0e4\" data-element_type=\"container\" data-e-type=\"container\" data-settings=\"{&quot;background_background&quot;:&quot;classic&quot;}\">\n\t\t<div class=\"elementor-element elementor-element-775ff38 e-con-full e-flex e-con e-child\" data-id=\"775ff38\" data-element_type=\"container\" data-e-type=\"container\">\n\t\t\t\t<\/div>\n\t\t<div class=\"elementor-element elementor-element-f085cbb e-con-full e-flex e-con e-child\" data-id=\"f085cbb\" data-element_type=\"container\" data-e-type=\"container\">\n\t\t<div class=\"elementor-element elementor-element-7527033b e-con-full e-flex e-con e-child\" data-id=\"7527033b\" data-element_type=\"container\" data-e-type=\"container\" data-settings=\"{&quot;background_background&quot;:&quot;classic&quot;}\">\n\t\t\t\t<div class=\"elementor-element elementor-element-2cd75db1 animated-fast elementor-invisible elementor-widget elementor-widget-heading\" data-id=\"2cd75db1\" data-element_type=\"widget\" data-e-type=\"widget\" data-settings=\"{&quot;_animation&quot;:&quot;fadeInLeft&quot;}\" data-widget_type=\"heading.default\">\n\t\t\t\t\t<h2 class=\"elementor-heading-title elementor-size-default\"><a href=\"#\">Inimesed SCN-i taga<\/a><\/h2>\t\t\t\t<\/div>\n\t\t\t\t<div class=\"elementor-element elementor-element-f7b2cf elementor-widget__width-initial elementor-invisible elementor-widget elementor-widget-text-editor\" data-id=\"f7b2cf\" data-element_type=\"widget\" data-e-type=\"widget\" data-settings=\"{&quot;_animation&quot;:&quot;fadeInUp&quot;}\" data-widget_type=\"text-editor.default\">\n\t\t\t\t\t\t\t\t\t<p>Suurep\u00e4rane tehnoloogia on vaid nii hea, kui on selle taga olevad inimesed. SCN-is \u00fchendab meie p\u00fchendunud spetsialistide meeskond s\u00fcgavad tehnilised teadmised, t\u00f5elise kliendikesksuse ja \u00fchise kirje leida \u00f5ige lahendus. Olenemata sellest, kas vajate tuge tehase automatiseerimise, juhtimiss\u00fcsteemide, v\u00f5rkude v\u00f5i turvalisuse vallas, on siin ekspert, kes on valmis aitama. Tutvuge meeskonnaga ja v\u00f5tke \u00fchendust juba t\u00e4na.   <\/p>\t\t\t\t\t\t\t\t<\/div>\n\t\t<div class=\"elementor-element elementor-element-7dbdcb52 e-con-full animated-fast e-flex elementor-invisible e-con e-child\" data-id=\"7dbdcb52\" data-element_type=\"container\" data-e-type=\"container\" data-settings=\"{&quot;animation&quot;:&quot;fadeInUp&quot;}\">\n\t\t\t\t<div class=\"elementor-element elementor-element-1640d3a4 elementor-widget elementor-widget-button\" data-id=\"1640d3a4\" data-element_type=\"widget\" data-e-type=\"widget\" data-widget_type=\"button.default\">\n\t\t\t\t\t\t\t\t\t\t<a class=\"elementor-button elementor-button-link elementor-size-sm\" href=\"\/about\/employees\">\n\t\t\t\t\t\t<span class=\"elementor-button-content-wrapper\">\n\t\t\t\t\t\t\t\t\t<span class=\"elementor-button-text\">Tutvuge meeskonnaga<\/span>\n\t\t\t\t\t<\/span>\n\t\t\t\t\t<\/a>\n\t\t\t\t\t\t\t\t<\/div>\n\t\t\t\t<div class=\"elementor-element elementor-element-689acde4 transparent_button elementor-widget elementor-widget-button\" data-id=\"689acde4\" data-element_type=\"widget\" data-e-type=\"widget\" data-widget_type=\"button.default\">\n\t\t\t\t\t\t\t\t\t\t<a class=\"elementor-button elementor-button-link elementor-size-sm\" href=\"https:\/\/scn.mildmedia-dev.eu\/et\/kontakt\/\">\n\t\t\t\t\t\t<span class=\"elementor-button-content-wrapper\">\n\t\t\t\t\t\t\t\t\t<span class=\"elementor-button-text\">V\u00f5tke meiega \u00fchendust<\/span>\n\t\t\t\t\t<\/span>\n\t\t\t\t\t<\/a>\n\t\t\t\t\t\t\t\t<\/div>\n\t\t\t\t<\/div>\n\t\t\t\t<\/div>\n\t\t\t\t<\/div>\n\t\t\t\t<\/div>\n\t\t\t\t<\/div>\n\t\t","protected":false},"excerpt":{"rendered":"<p>SCN-ist l\u00e4hemalt SCN on Euroopa juhtiv s\u00f5ltumatu t\u00f6\u00f6stuskomponentide ja tehniliste lahenduste tarnija. T\u00e4nu tihedale koost\u00f6\u00f6le maailmatasemel tootjatega ja tugevale tehnilisele kompetentsile pakume tehnoloogiaettev\u00f5tetele ja t\u00f6\u00f6stusklientidele usaldusv\u00e4\u00e4rseid komponente n\u00f5udlike rakenduste jaoks. Meie t\u00e4helepanu keskmes on tugevad partnerlussuhted tarnijatega, p\u00f5hjalikud rakendusteadmised ning pikaajalised suhted nii klientide kui ka tootjatega. SCN kuulub Addtechi koosseisu, mis on Rootsi b\u00f6rsil&#8230;<\/p>\n","protected":false},"author":5,"featured_media":0,"parent":0,"menu_order":0,"comment_status":"closed","ping_status":"closed","template":"","meta":{"_kad_post_transparent":"","_kad_post_title":"","_kad_post_layout":"","_kad_post_sidebar_id":"","_kad_post_content_style":"","_kad_post_vertical_padding":"","_kad_post_feature":"","_kad_post_feature_position":"","_kad_post_header":false,"_kad_post_footer":false,"_kad_post_classname":"","footnotes":""},"class_list":["post-8071481","page","type-page","status-publish","hentry"],"_links":{"self":[{"href":"https:\/\/scn.eu\/et\/wp-json\/wp\/v2\/pages\/8071481","targetHints":{"allow":["GET"]}}],"collection":[{"href":"https:\/\/scn.eu\/et\/wp-json\/wp\/v2\/pages"}],"about":[{"href":"https:\/\/scn.eu\/et\/wp-json\/wp\/v2\/types\/page"}],"author":[{"embeddable":true,"href":"https:\/\/scn.eu\/et\/wp-json\/wp\/v2\/users\/5"}],"replies":[{"embeddable":true,"href":"https:\/\/scn.eu\/et\/wp-json\/wp\/v2\/comments?post=8071481"}],"version-history":[{"count":3,"href":"https:\/\/scn.eu\/et\/wp-json\/wp\/v2\/pages\/8071481\/revisions"}],"predecessor-version":[{"id":8074189,"href":"https:\/\/scn.eu\/et\/wp-json\/wp\/v2\/pages\/8071481\/revisions\/8074189"}],"wp:attachment":[{"href":"https:\/\/scn.eu\/et\/wp-json\/wp\/v2\/media?parent=8071481"}],"curies":[{"name":"wp","href":"https:\/\/api.w.org\/{rel}","templated":true}]}}