{"id":8073585,"date":"2026-02-13T10:24:16","date_gmt":"2026-02-13T10:24:16","guid":{"rendered":"https:\/\/firm-pigeon.10web.cloud\/noticias\/"},"modified":"2026-04-08T11:26:46","modified_gmt":"2026-04-08T11:26:46","slug":"noticias","status":"publish","type":"page","link":"https:\/\/scn.eu\/es\/noticias\/","title":{"rendered":"Noticias"},"content":{"rendered":"\t\t<div data-elementor-type=\"wp-page\" data-elementor-id=\"8073585\" class=\"elementor elementor-8073585 elementor-652292\" data-elementor-post-type=\"page\">\n\t\t\t\t<div class=\"elementor-element elementor-element-785db70b e-con-full e-flex e-con e-parent\" data-id=\"785db70b\" data-element_type=\"container\" data-e-type=\"container\" data-settings=\"{&quot;background_background&quot;:&quot;classic&quot;}\">\n\t\t<div class=\"elementor-element elementor-element-41d157fc e-con-full e-flex e-con e-child\" data-id=\"41d157fc\" data-element_type=\"container\" data-e-type=\"container\" data-settings=\"{&quot;background_background&quot;:&quot;classic&quot;}\">\n\t\t\t\t<div class=\"elementor-element elementor-element-2cd2bf6f elementor-widget__width-initial animated-fast elementor-invisible elementor-widget elementor-widget-heading\" data-id=\"2cd2bf6f\" data-element_type=\"widget\" data-e-type=\"widget\" data-settings=\"{&quot;_animation&quot;:&quot;fadeInLeft&quot;}\" data-widget_type=\"heading.default\">\n\t\t\t\t\t<h1 class=\"elementor-heading-title elementor-size-default\">Noticias<\/h1>\t\t\t\t<\/div>\n\t\t\t\t<div class=\"elementor-element elementor-element-2bdacc5b elementor-widget__width-initial elementor-invisible elementor-widget elementor-widget-text-editor\" data-id=\"2bdacc5b\" data-element_type=\"widget\" data-e-type=\"widget\" data-settings=\"{&quot;_animation&quot;:&quot;fadeInUp&quot;}\" data-widget_type=\"text-editor.default\">\n\t\t\t\t\t\t\t\t\t<p>Nuestra secci\u00f3n de noticias re\u00fane actualizaciones, perspectivas e historias de toda SCN. Aqu\u00ed puede seguir la evoluci\u00f3n de nuestro negocio, obtener m\u00e1s informaci\u00f3n sobre nuevas tecnolog\u00edas y descubrir lo m\u00e1s destacado de los sectores con los que trabajamos. Utilizamos este espacio para compartir conocimientos, inspiraci\u00f3n e informaci\u00f3n relevante que refleje tanto nuestro trabajo diario como la direcci\u00f3n a largo plazo de nuestra organizaci\u00f3n.  <br><br>El objetivo es proporcionar contenido que sea \u00fatil, accesible y atractivo para cualquier persona que desee mantenerse conectada con SCN.<br>Ya se trate de noticias sobre productos, casos de clientes, tendencias del sector o actualizaciones de la empresa, cada publicaci\u00f3n se selecciona para ofrecer valor y contexto. Explore nuestros \u00faltimos art\u00edculos a continuaci\u00f3n y mant\u00e9ngase informado sobre lo que ocurre en SCN y sus alrededores. <\/p>\t\t\t\t\t\t\t\t<\/div>\n\t\t\t\t<\/div>\n\t\t<div class=\"elementor-element elementor-element-74fbbd0b e-con-full elementor-hidden-mobile e-flex e-con e-child\" data-id=\"74fbbd0b\" data-element_type=\"container\" data-e-type=\"container\">\n\t\t\t\t<\/div>\n\t\t\t\t<\/div>\n\t\t<div class=\"elementor-element elementor-element-5d4ad6f0 e-con-full e-flex e-con e-parent\" data-id=\"5d4ad6f0\" data-element_type=\"container\" data-e-type=\"container\" id=\"about\" data-settings=\"{&quot;background_background&quot;:&quot;gradient&quot;}\">\n\t\t<div class=\"elementor-element elementor-element-419e2ce0 e-con-full e-flex e-con e-child\" data-id=\"419e2ce0\" data-element_type=\"container\" data-e-type=\"container\">\n\t\t\t\t<div class=\"elementor-element elementor-element-0ffb3b4 twbb_slider_options_changed-yes elementor-grid-4 elementor-grid-laptop-3 elementor-grid-tablet-2 elementor-grid-mobile-1 elementor-posts--thumbnail-top elementor-posts--thumbnail-tablet-top elementor-posts--thumbnail-mobile-top twbb-post__badge-onimage_no twbb-posts-image-animation_zoom-in twbb-posts-image-animation-duration-fast twbb-posts--fullHeight_no twbb-post__badge-align-left load-more-align-center elementor-widget elementor-widget-tenweb-posts\" data-id=\"0ffb3b4\" data-element_type=\"widget\" data-e-type=\"widget\" data-settings=\"{&quot;classic_columns&quot;:&quot;4&quot;,&quot;classic_columns_laptop&quot;:&quot;3&quot;,&quot;classic_column_gap&quot;:{&quot;unit&quot;:&quot;px&quot;,&quot;size&quot;:25,&quot;sizes&quot;:[]},&quot;classic_column_gap_mobile&quot;:{&quot;unit&quot;:&quot;px&quot;,&quot;size&quot;:15,&quot;sizes&quot;:[]},&quot;classic_row_gap&quot;:{&quot;unit&quot;:&quot;px&quot;,&quot;size&quot;:25,&quot;sizes&quot;:[]},&quot;classic_row_gap_mobile&quot;:{&quot;unit&quot;:&quot;px&quot;,&quot;size&quot;:15,&quot;sizes&quot;:[]},&quot;pagination_type&quot;:&quot;load_more_on_click&quot;,&quot;classic_slides_view&quot;:&quot;no&quot;,&quot;classic_columns_tablet&quot;:&quot;2&quot;,&quot;classic_columns_mobile&quot;:&quot;1&quot;,&quot;classic_thumbnail&quot;:&quot;top&quot;,&quot;classic_thumbnail_tablet&quot;:&quot;top&quot;,&quot;classic_thumbnail_mobile&quot;:&quot;top&quot;,&quot;classic_column_gap_widescreen&quot;:{&quot;unit&quot;:&quot;px&quot;,&quot;size&quot;:&quot;&quot;,&quot;sizes&quot;:[]},&quot;classic_column_gap_laptop&quot;:{&quot;unit&quot;:&quot;px&quot;,&quot;size&quot;:&quot;&quot;,&quot;sizes&quot;:[]},&quot;classic_column_gap_tablet_extra&quot;:{&quot;unit&quot;:&quot;px&quot;,&quot;size&quot;:&quot;&quot;,&quot;sizes&quot;:[]},&quot;classic_column_gap_tablet&quot;:{&quot;unit&quot;:&quot;px&quot;,&quot;size&quot;:&quot;&quot;,&quot;sizes&quot;:[]},&quot;classic_column_gap_mobile_extra&quot;:{&quot;unit&quot;:&quot;px&quot;,&quot;size&quot;:&quot;&quot;,&quot;sizes&quot;:[]},&quot;classic_row_gap_widescreen&quot;:{&quot;unit&quot;:&quot;px&quot;,&quot;size&quot;:&quot;&quot;,&quot;sizes&quot;:[]},&quot;classic_row_gap_laptop&quot;:{&quot;unit&quot;:&quot;px&quot;,&quot;size&quot;:&quot;&quot;,&quot;sizes&quot;:[]},&quot;classic_row_gap_tablet_extra&quot;:{&quot;unit&quot;:&quot;px&quot;,&quot;size&quot;:&quot;&quot;,&quot;sizes&quot;:[]},&quot;classic_row_gap_tablet&quot;:{&quot;unit&quot;:&quot;px&quot;,&quot;size&quot;:&quot;&quot;,&quot;sizes&quot;:[]},&quot;classic_row_gap_mobile_extra&quot;:{&quot;unit&quot;:&quot;px&quot;,&quot;size&quot;:&quot;&quot;,&quot;sizes&quot;:[]},&quot;load_more_spinner&quot;:{&quot;value&quot;:&quot;fas fa-spinner&quot;,&quot;library&quot;:&quot;fa-solid&quot;}}\" data-widget_type=\"tenweb-posts.classic\">\n\t\t\t\t<div class=\"elementor-widget-container\">\n\t\t\t\t\t<div class=\"elementor-posts-not-found\">\n        <div class=\"twbb_no_content_text twbb_no_content-title\">No Blog Posts Found<\/div>\n        <div class=\"twbb_no_content_text twbb_no_content-desc\">There are currently no blog posts to display.<\/div>\n        <\/div>\t\t\t\t<\/div>\n\t\t\t\t<\/div>\n\t\t\t\t<\/div>\n\t\t\t\t<\/div>\n\t\t<div class=\"elementor-element elementor-element-2b87dfdf e-con-full e-flex e-con e-parent\" data-id=\"2b87dfdf\" data-element_type=\"container\" data-e-type=\"container\" data-settings=\"{&quot;background_background&quot;:&quot;classic&quot;}\">\n\t\t<div class=\"elementor-element elementor-element-253088ef e-con-full e-flex e-con e-child\" data-id=\"253088ef\" data-element_type=\"container\" data-e-type=\"container\">\n\t\t\t\t<\/div>\n\t\t<div class=\"elementor-element elementor-element-bcdfce3 e-con-full e-flex e-con e-child\" data-id=\"bcdfce3\" data-element_type=\"container\" data-e-type=\"container\">\n\t\t<div class=\"elementor-element elementor-element-696063f4 e-con-full e-flex e-con e-child\" data-id=\"696063f4\" data-element_type=\"container\" data-e-type=\"container\" data-settings=\"{&quot;background_background&quot;:&quot;classic&quot;}\">\n\t\t\t\t<div class=\"elementor-element elementor-element-6d268a71 animated-fast elementor-invisible elementor-widget elementor-widget-heading\" data-id=\"6d268a71\" data-element_type=\"widget\" data-e-type=\"widget\" data-settings=\"{&quot;_animation&quot;:&quot;fadeInLeft&quot;}\" data-widget_type=\"heading.default\">\n\t\t\t\t\t<h2 class=\"elementor-heading-title elementor-size-default\"><a href=\"https:\/\/scn.mildmedia-dev.eu\/es\/acerca-de-scn\/\">Sobre SCN<\/a><\/h2>\t\t\t\t<\/div>\n\t\t\t\t<div class=\"elementor-element elementor-element-13a0ca6 elementor-widget__width-initial elementor-invisible elementor-widget elementor-widget-text-editor\" data-id=\"13a0ca6\" data-element_type=\"widget\" data-e-type=\"widget\" data-settings=\"{&quot;_animation&quot;:&quot;fadeInUp&quot;}\" data-widget_type=\"text-editor.default\">\n\t\t\t\t\t\t\t\t\tNuestra visi\u00f3n es convertirnos en el proveedor independiente l\u00edder de componentes y sistemas para fabricantes de maquinaria en toda la regi\u00f3n n\u00f3rdica y el Reino Unido. Para estar cerca de nuestros clientes, operamos a trav\u00e9s de oficinas en Estocolmo, Malm\u00f6, Sundsvall, Helsinki, Copenhague, Oslo, Tallin, Birmingham y Shangh\u00e1i. \n<br><br>SCN forma parte de Addtech, un grupo sueco de soluciones tecnol\u00f3gicas que cotiza en bolsa y que integra aproximadamente 150 empresas independientes.\t\t\t\t\t\t\t\t<\/div>\n\t\t<div class=\"elementor-element elementor-element-5daba862 e-con-full animated-fast e-flex elementor-invisible e-con e-child\" data-id=\"5daba862\" data-element_type=\"container\" data-e-type=\"container\" data-settings=\"{&quot;animation&quot;:&quot;fadeInUp&quot;}\">\n\t\t\t\t<div class=\"elementor-element elementor-element-56c69445 elementor-widget elementor-widget-button\" data-id=\"56c69445\" data-element_type=\"widget\" data-e-type=\"widget\" data-widget_type=\"button.default\">\n\t\t\t\t\t\t\t\t\t\t<a class=\"elementor-button elementor-button-link elementor-size-sm\" href=\"https:\/\/scn.mildmedia-dev.eu\/es\/acerca-de-scn\/\">\n\t\t\t\t\t\t<span class=\"elementor-button-content-wrapper\">\n\t\t\t\t\t\t\t\t\t<span class=\"elementor-button-text\">Lea m\u00e1s sobre nosotros<\/span>\n\t\t\t\t\t<\/span>\n\t\t\t\t\t<\/a>\n\t\t\t\t\t\t\t\t<\/div>\n\t\t\t\t<div class=\"elementor-element elementor-element-644afe9d transparent_button elementor-widget elementor-widget-button\" data-id=\"644afe9d\" data-element_type=\"widget\" data-e-type=\"widget\" data-widget_type=\"button.default\">\n\t\t\t\t\t\t\t\t\t\t<a class=\"elementor-button elementor-button-link elementor-size-sm\" href=\"https:\/\/scn.mildmedia-dev.eu\/es\/contacto\/\">\n\t\t\t\t\t\t<span class=\"elementor-button-content-wrapper\">\n\t\t\t\t\t\t\t\t\t<span class=\"elementor-button-text\">Contacte con nosotros<\/span>\n\t\t\t\t\t<\/span>\n\t\t\t\t\t<\/a>\n\t\t\t\t\t\t\t\t<\/div>\n\t\t\t\t<\/div>\n\t\t\t\t<\/div>\n\t\t\t\t<\/div>\n\t\t\t\t<\/div>\n\t\t\t\t<\/div>\n\t\t","protected":false},"excerpt":{"rendered":"<p>Noticias Nuestra secci\u00f3n de noticias re\u00fane actualizaciones, perspectivas e historias de toda SCN. Aqu\u00ed puede seguir la evoluci\u00f3n de nuestro negocio, obtener m\u00e1s informaci\u00f3n sobre nuevas tecnolog\u00edas y descubrir lo m\u00e1s destacado de los sectores con los que trabajamos. Utilizamos este espacio para compartir conocimientos, inspiraci\u00f3n e informaci\u00f3n relevante que refleje tanto nuestro trabajo diario&#8230;<\/p>\n","protected":false},"author":5,"featured_media":0,"parent":0,"menu_order":0,"comment_status":"closed","ping_status":"closed","template":"","meta":{"_kad_post_transparent":"","_kad_post_title":"","_kad_post_layout":"","_kad_post_sidebar_id":"","_kad_post_content_style":"","_kad_post_vertical_padding":"","_kad_post_feature":"","_kad_post_feature_position":"","_kad_post_header":false,"_kad_post_footer":false,"_kad_post_classname":"","footnotes":""},"class_list":["post-8073585","page","type-page","status-publish","hentry"],"_links":{"self":[{"href":"https:\/\/scn.eu\/es\/wp-json\/wp\/v2\/pages\/8073585","targetHints":{"allow":["GET"]}}],"collection":[{"href":"https:\/\/scn.eu\/es\/wp-json\/wp\/v2\/pages"}],"about":[{"href":"https:\/\/scn.eu\/es\/wp-json\/wp\/v2\/types\/page"}],"author":[{"embeddable":true,"href":"https:\/\/scn.eu\/es\/wp-json\/wp\/v2\/users\/5"}],"replies":[{"embeddable":true,"href":"https:\/\/scn.eu\/es\/wp-json\/wp\/v2\/comments?post=8073585"}],"version-history":[{"count":2,"href":"https:\/\/scn.eu\/es\/wp-json\/wp\/v2\/pages\/8073585\/revisions"}],"predecessor-version":[{"id":8073948,"href":"https:\/\/scn.eu\/es\/wp-json\/wp\/v2\/pages\/8073585\/revisions\/8073948"}],"wp:attachment":[{"href":"https:\/\/scn.eu\/es\/wp-json\/wp\/v2\/media?parent=8073585"}],"curies":[{"name":"wp","href":"https:\/\/api.w.org\/{rel}","templated":true}]}}