{"id":8073246,"date":"2026-02-13T10:23:55","date_gmt":"2026-02-13T10:23:55","guid":{"rendered":"https:\/\/firm-pigeon.10web.cloud\/acerca-de-scn\/carrera-profesional\/"},"modified":"2026-03-26T16:00:45","modified_gmt":"2026-03-26T16:00:45","slug":"carrera-profesional","status":"publish","type":"page","link":"https:\/\/scn.eu\/es\/acerca-de-scn\/carrera-profesional\/","title":{"rendered":"Carrera profesional"},"content":{"rendered":"\t\t<div data-elementor-type=\"wp-page\" data-elementor-id=\"8073246\" class=\"elementor elementor-8073246 elementor-652290\" data-elementor-post-type=\"page\">\n\t\t\t\t<div class=\"elementor-element elementor-element-7876de5 e-con-full e-flex e-con e-parent\" data-id=\"7876de5\" data-element_type=\"container\" data-e-type=\"container\" data-settings=\"{&quot;background_background&quot;:&quot;classic&quot;}\">\n\t\t<div class=\"elementor-element elementor-element-7c615fca e-con-full e-flex e-con e-child\" data-id=\"7c615fca\" data-element_type=\"container\" data-e-type=\"container\" data-settings=\"{&quot;background_background&quot;:&quot;classic&quot;}\">\n\t\t\t\t<div class=\"elementor-element elementor-element-35c0d35 elementor-widget__width-initial animated-fast elementor-invisible elementor-widget elementor-widget-heading\" data-id=\"35c0d35\" data-element_type=\"widget\" data-e-type=\"widget\" data-settings=\"{&quot;_animation&quot;:&quot;fadeInLeft&quot;}\" data-widget_type=\"heading.default\">\n\t\t\t\t\t<h1 class=\"elementor-heading-title elementor-size-default\">Nuestras vacantes actuales<\/h1>\t\t\t\t<\/div>\n\t\t\t\t<div class=\"elementor-element elementor-element-38b9d36 elementor-widget elementor-widget-text-editor\" data-id=\"38b9d36\" data-element_type=\"widget\" data-e-type=\"widget\" data-widget_type=\"text-editor.default\">\n\t\t\t\t\t\t\t\t\tElegir su pr\u00f3ximo paso profesional es una decisi\u00f3n importante, y esta p\u00e1gina re\u00fane las oportunidades disponibles actualmente en SCN. Aqu\u00ed puede explorar los puestos en los que su experiencia puede aportar una contribuci\u00f3n significativa a nuestros clientes, a nuestra oferta tecnol\u00f3gica y a los sectores en los que trabajamos. Nuestro objetivo es proporcionar una visi\u00f3n clara de lo que implica cada puesto para que pueda evaluar f\u00e1cilmente si se ajusta a sus habilidades, ambiciones y forma de trabajar preferida.  <br><br>Creemos en un entorno donde las personas crecen a trav\u00e9s de la responsabilidad, la colaboraci\u00f3n y la confianza. Si encuentra un puesto que le interese, le animamos a leer m\u00e1s y dar el siguiente paso. Su futura contribuci\u00f3n podr\u00eda ser una parte importante de nuestro desarrollo continuo.  \t\t\t\t\t\t\t\t<\/div>\n\t\t\t\t<\/div>\n\t\t<div class=\"elementor-element elementor-element-703bdfdd e-con-full elementor-hidden-mobile e-flex e-con e-child\" data-id=\"703bdfdd\" data-element_type=\"container\" data-e-type=\"container\">\n\t\t\t\t<\/div>\n\t\t\t\t<\/div>\n\t\t<div class=\"elementor-element elementor-element-168104bc e-con-full e-flex e-con e-parent\" data-id=\"168104bc\" data-element_type=\"container\" data-e-type=\"container\" id=\"factoryautomation_categories\" data-settings=\"{&quot;background_background&quot;:&quot;gradient&quot;}\">\n\t\t<div class=\"elementor-element elementor-element-5336b3f4 e-con-full e-flex e-con e-child\" data-id=\"5336b3f4\" data-element_type=\"container\" data-e-type=\"container\">\n\t\t<div class=\"elementor-element elementor-element-52a5553f e-con-full e-flex e-con e-child\" data-id=\"52a5553f\" data-element_type=\"container\" data-e-type=\"container\">\n\t\t\t\t<div class=\"elementor-element elementor-element-46e4d47 elementor-position-inline-start elementor-mobile-position-inline-start elementor-view-default elementor-widget elementor-widget-icon-box\" data-id=\"46e4d47\" data-element_type=\"widget\" data-e-type=\"widget\" data-widget_type=\"icon-box.default\">\n\t\t\t\t\t\t\t<div class=\"elementor-icon-box-wrapper\">\n\n\t\t\t\t\t\t<div class=\"elementor-icon-box-icon\">\n\t\t\t\t<span  class=\"elementor-icon\">\n\t\t\t\t<svg aria-hidden=\"true\" class=\"e-font-icon-svg e-fas-user-tie\" viewBox=\"0 0 448 512\" xmlns=\"http:\/\/www.w3.org\/2000\/svg\"><path d=\"M224 256c70.7 0 128-57.3 128-128S294.7 0 224 0 96 57.3 96 128s57.3 128 128 128zm95.8 32.6L272 480l-32-136 32-56h-96l32 56-32 136-47.8-191.4C56.9 292 0 350.3 0 422.4V464c0 26.5 21.5 48 48 48h352c26.5 0 48-21.5 48-48v-41.6c0-72.1-56.9-130.4-128.2-133.8z\"><\/path><\/svg>\t\t\t\t<\/span>\n\t\t\t<\/div>\n\t\t\t\n\t\t\t\t\t\t<div class=\"elementor-icon-box-content\">\n\n\t\t\t\t\t\t\t\t\t<h2 class=\"elementor-icon-box-title\">\n\t\t\t\t\t\t<span  >\n\t\t\t\t\t\t\tImpulse el futuro con nosotros\t\t\t\t\t\t<\/span>\n\t\t\t\t\t<\/h2>\n\t\t\t\t\n\t\t\t\t\t\t\t\t\t<p class=\"elementor-icon-box-description\">\n\t\t\t\t\t\tEn SCN, siempre miramos hacia adelante: buscamos continuamente talentos motivados que sientan pasi\u00f3n por las ventas y posean un fuerte esp\u00edritu emprendedor. Para nosotros, no se trata solo de vender productos; se trata de construir relaciones a largo plazo, encontrar soluciones creativas y crear valor para nuestros clientes. \n<br><br>Valoramos a las personas que se atreven a pensar de forma innovadora, son proactivas y ven oportunidades donde otros ven obst\u00e1culos. Si es alguien que quiere ayudarnos a dar forma al futuro del sector y prosperar en un entorno de trabajo din\u00e1mico donde ning\u00fan d\u00eda es igual a otro, entonces podr\u00eda ser exactamente a quien estamos buscando. \t\t\t\t\t<\/p>\n\t\t\t\t\n\t\t\t<\/div>\n\t\t\t\n\t\t<\/div>\n\t\t\t\t\t\t<\/div>\n\t\t\t\t<\/div>\n\t\t<div class=\"elementor-element elementor-element-61949ce2 e-con-full e-flex e-con e-child\" data-id=\"61949ce2\" data-element_type=\"container\" data-e-type=\"container\" id=\"customer_form\">\n\t\t\t\t<div class=\"elementor-element elementor-element-29e59bd elementor-position-inline-start elementor-mobile-position-inline-start elementor-view-default elementor-widget elementor-widget-icon-box\" data-id=\"29e59bd\" data-element_type=\"widget\" data-e-type=\"widget\" data-widget_type=\"icon-box.default\">\n\t\t\t\t\t\t\t<div class=\"elementor-icon-box-wrapper\">\n\n\t\t\t\t\t\t<div class=\"elementor-icon-box-icon\">\n\t\t\t\t<span  class=\"elementor-icon\">\n\t\t\t\t<svg aria-hidden=\"true\" class=\"e-font-icon-svg e-fas-file-contract\" viewBox=\"0 0 384 512\" xmlns=\"http:\/\/www.w3.org\/2000\/svg\"><path d=\"M224 136V0H24C10.7 0 0 10.7 0 24v464c0 13.3 10.7 24 24 24h336c13.3 0 24-10.7 24-24V160H248c-13.2 0-24-10.8-24-24zM64 72c0-4.42 3.58-8 8-8h80c4.42 0 8 3.58 8 8v16c0 4.42-3.58 8-8 8H72c-4.42 0-8-3.58-8-8V72zm0 64c0-4.42 3.58-8 8-8h80c4.42 0 8 3.58 8 8v16c0 4.42-3.58 8-8 8H72c-4.42 0-8-3.58-8-8v-16zm192.81 248H304c8.84 0 16 7.16 16 16s-7.16 16-16 16h-47.19c-16.45 0-31.27-9.14-38.64-23.86-2.95-5.92-8.09-6.52-10.17-6.52s-7.22.59-10.02 6.19l-7.67 15.34a15.986 15.986 0 0 1-14.31 8.84c-.38 0-.75-.02-1.14-.05-6.45-.45-12-4.75-14.03-10.89L144 354.59l-10.61 31.88c-5.89 17.66-22.38 29.53-41 29.53H80c-8.84 0-16-7.16-16-16s7.16-16 16-16h12.39c4.83 0 9.11-3.08 10.64-7.66l18.19-54.64c3.3-9.81 12.44-16.41 22.78-16.41s19.48 6.59 22.77 16.41l13.88 41.64c19.77-16.19 54.05-9.7 66 14.16 2.02 4.06 5.96 6.5 10.16 6.5zM377 105L279.1 7c-4.5-4.5-10.6-7-17-7H256v128h128v-6.1c0-6.3-2.5-12.4-7-16.9z\"><\/path><\/svg>\t\t\t\t<\/span>\n\t\t\t<\/div>\n\t\t\t\n\t\t\t\t\t\t<div class=\"elementor-icon-box-content\">\n\n\t\t\t\t\t\t\t\t\t<h2 class=\"elementor-icon-box-title\">\n\t\t\t\t\t\t<span  >\n\t\t\t\t\t\t\tEnv\u00ede su solicitud\t\t\t\t\t\t<\/span>\n\t\t\t\t\t<\/h2>\n\t\t\t\t\n\t\t\t\t\t\t\t\t\t<p class=\"elementor-icon-box-description\">\n\t\t\t\t\t\tValoramos las candidaturas espont\u00e1neas de personas que comparten nuestra pasi\u00f3n por las ventas y la innovaci\u00f3n. Si est\u00e1 listo para dar el siguiente paso en su carrera, \u00a1no dude en ponerse en contacto con nosotros! Env\u00ede su solicitud a <a href=\"mailto:sales@scn.uk\" style=\"font-weight:700;text-decoration:underline\">sales@scn.uk<\/a> y cu\u00e9ntenos por qu\u00e9 es la persona adecuada para nosotros. \u00a1Esperamos conocer su historia y, tal vez, formar parte de su futuro camino!   <br><br>\n\u00a1Bienvenido a SCN: juntos creamos las oportunidades del ma\u00f1ana!\t\t\t\t\t<\/p>\n\t\t\t\t\n\t\t\t<\/div>\n\t\t\t\n\t\t<\/div>\n\t\t\t\t\t\t<\/div>\n\t\t\t\t<div class=\"elementor-element elementor-element-23b7509 elementor-widget elementor-widget-button\" data-id=\"23b7509\" data-element_type=\"widget\" data-e-type=\"widget\" data-widget_type=\"button.default\">\n\t\t\t\t\t\t\t\t\t\t<a class=\"elementor-button elementor-button-link elementor-size-sm\" href=\"mailto:sales@scn.uk\" target=\"_blank\">\n\t\t\t\t\t\t<span class=\"elementor-button-content-wrapper\">\n\t\t\t\t\t\t\t\t\t<span class=\"elementor-button-text\">Env\u00ede su solicitud<\/span>\n\t\t\t\t\t<\/span>\n\t\t\t\t\t<\/a>\n\t\t\t\t\t\t\t\t<\/div>\n\t\t\t\t<\/div>\n\t\t\t\t<\/div>\n\t\t\t\t<\/div>\n\t\t<div class=\"elementor-element elementor-element-7b76bded e-con-full e-flex e-con e-parent\" data-id=\"7b76bded\" data-element_type=\"container\" data-e-type=\"container\" data-settings=\"{&quot;background_background&quot;:&quot;classic&quot;}\">\n\t\t<div class=\"elementor-element elementor-element-518f4530 e-con-full e-flex e-con e-child\" data-id=\"518f4530\" data-element_type=\"container\" data-e-type=\"container\">\n\t\t\t\t<\/div>\n\t\t<div class=\"elementor-element elementor-element-69eaebaa e-con-full e-flex e-con e-child\" data-id=\"69eaebaa\" data-element_type=\"container\" data-e-type=\"container\">\n\t\t<div class=\"elementor-element elementor-element-4a2bad0f e-con-full e-flex e-con e-child\" data-id=\"4a2bad0f\" data-element_type=\"container\" data-e-type=\"container\" data-settings=\"{&quot;background_background&quot;:&quot;classic&quot;}\">\n\t\t\t\t<div class=\"elementor-element elementor-element-69d097b8 animated-fast elementor-invisible elementor-widget elementor-widget-heading\" data-id=\"69d097b8\" data-element_type=\"widget\" data-e-type=\"widget\" data-settings=\"{&quot;_animation&quot;:&quot;fadeInLeft&quot;}\" data-widget_type=\"heading.default\">\n\t\t\t\t\t<h2 class=\"elementor-heading-title elementor-size-default\"><a href=\"https:\/\/scn.mildmedia-dev.eu\/es\/acerca-de-scn\/\">Acerca de SCN<\/a><\/h2>\t\t\t\t<\/div>\n\t\t\t\t<div class=\"elementor-element elementor-element-3a7832aa elementor-widget__width-initial elementor-invisible elementor-widget elementor-widget-text-editor\" data-id=\"3a7832aa\" data-element_type=\"widget\" data-e-type=\"widget\" data-settings=\"{&quot;_animation&quot;:&quot;fadeInUp&quot;}\" data-widget_type=\"text-editor.default\">\n\t\t\t\t\t\t\t\t\tSCN es un proveedor europeo independiente l\u00edder de componentes industriales y soluciones t\u00e9cnicas. A trav\u00e9s de estrechas colaboraciones con fabricantes de primer nivel mundial y una s\u00f3lida experiencia t\u00e9cnica, suministramos a empresas tecnol\u00f3gicas y clientes industriales componentes fiables para aplicaciones exigentes. \n<br><br>Nos centramos en s\u00f3lidas asociaciones con proveedores, un profundo conocimiento de las aplicaciones y relaciones a largo plazo tanto con clientes como con fabricantes.\n<br><br>SCN forma parte de Addtech, un grupo sueco cotizado de soluciones tecnol\u00f3gicas que comprende alrededor de 150 empresas independientes.\t\t\t\t\t\t\t\t<\/div>\n\t\t<div class=\"elementor-element elementor-element-68f64555 e-con-full animated-fast e-flex elementor-invisible e-con e-child\" data-id=\"68f64555\" data-element_type=\"container\" data-e-type=\"container\" data-settings=\"{&quot;animation&quot;:&quot;fadeInUp&quot;}\">\n\t\t\t\t<div class=\"elementor-element elementor-element-c76da81 elementor-widget elementor-widget-button\" data-id=\"c76da81\" data-element_type=\"widget\" data-e-type=\"widget\" data-widget_type=\"button.default\">\n\t\t\t\t\t\t\t\t\t\t<a class=\"elementor-button elementor-button-link elementor-size-sm\" href=\"https:\/\/scn.mildmedia-dev.eu\/es\/acerca-de-scn\/\">\n\t\t\t\t\t\t<span class=\"elementor-button-content-wrapper\">\n\t\t\t\t\t\t\t\t\t<span class=\"elementor-button-text\">M\u00e1s informaci\u00f3n sobre nosotros<\/span>\n\t\t\t\t\t<\/span>\n\t\t\t\t\t<\/a>\n\t\t\t\t\t\t\t\t<\/div>\n\t\t\t\t<div class=\"elementor-element elementor-element-65eb4b56 transparent_button elementor-widget elementor-widget-button\" data-id=\"65eb4b56\" data-element_type=\"widget\" data-e-type=\"widget\" data-widget_type=\"button.default\">\n\t\t\t\t\t\t\t\t\t\t<a class=\"elementor-button elementor-button-link elementor-size-sm\" href=\"https:\/\/scn.mildmedia-dev.eu\/es\/contacto\/\">\n\t\t\t\t\t\t<span class=\"elementor-button-content-wrapper\">\n\t\t\t\t\t\t\t\t\t<span class=\"elementor-button-text\">Contacte con nosotros<\/span>\n\t\t\t\t\t<\/span>\n\t\t\t\t\t<\/a>\n\t\t\t\t\t\t\t\t<\/div>\n\t\t\t\t<\/div>\n\t\t\t\t<\/div>\n\t\t\t\t<\/div>\n\t\t\t\t<\/div>\n\t\t\t\t<\/div>\n\t\t","protected":false},"excerpt":{"rendered":"<p>Nuestras vacantes actuales Elegir su pr\u00f3ximo paso profesional es una decisi\u00f3n importante, y esta p\u00e1gina re\u00fane las oportunidades disponibles actualmente en SCN. Aqu\u00ed puede explorar los puestos en los que su experiencia puede aportar una contribuci\u00f3n significativa a nuestros clientes, a nuestra oferta tecnol\u00f3gica y a los sectores en los que trabajamos. Nuestro objetivo es&#8230;<\/p>\n","protected":false},"author":5,"featured_media":0,"parent":8071492,"menu_order":0,"comment_status":"closed","ping_status":"closed","template":"","meta":{"_kad_post_transparent":"","_kad_post_title":"","_kad_post_layout":"","_kad_post_sidebar_id":"","_kad_post_content_style":"","_kad_post_vertical_padding":"","_kad_post_feature":"","_kad_post_feature_position":"","_kad_post_header":false,"_kad_post_footer":false,"_kad_post_classname":"","footnotes":""},"class_list":["post-8073246","page","type-page","status-publish","hentry"],"_links":{"self":[{"href":"https:\/\/scn.eu\/es\/wp-json\/wp\/v2\/pages\/8073246","targetHints":{"allow":["GET"]}}],"collection":[{"href":"https:\/\/scn.eu\/es\/wp-json\/wp\/v2\/pages"}],"about":[{"href":"https:\/\/scn.eu\/es\/wp-json\/wp\/v2\/types\/page"}],"author":[{"embeddable":true,"href":"https:\/\/scn.eu\/es\/wp-json\/wp\/v2\/users\/5"}],"replies":[{"embeddable":true,"href":"https:\/\/scn.eu\/es\/wp-json\/wp\/v2\/comments?post=8073246"}],"version-history":[{"count":1,"href":"https:\/\/scn.eu\/es\/wp-json\/wp\/v2\/pages\/8073246\/revisions"}],"predecessor-version":[{"id":8073247,"href":"https:\/\/scn.eu\/es\/wp-json\/wp\/v2\/pages\/8073246\/revisions\/8073247"}],"up":[{"embeddable":true,"href":"https:\/\/scn.eu\/es\/wp-json\/wp\/v2\/pages\/8071492"}],"wp:attachment":[{"href":"https:\/\/scn.eu\/es\/wp-json\/wp\/v2\/media?parent=8073246"}],"curies":[{"name":"wp","href":"https:\/\/api.w.org\/{rel}","templated":true}]}}