{"id":8071543,"date":"2026-02-13T10:16:40","date_gmt":"2026-02-13T10:16:40","guid":{"rendered":"https:\/\/firm-pigeon.10web.cloud\/valor-anadido\/"},"modified":"2026-03-23T08:58:16","modified_gmt":"2026-03-23T08:58:16","slug":"valor-anadido","status":"publish","type":"page","link":"https:\/\/scn.eu\/es\/valor-anadido\/","title":{"rendered":"Valor a\u00f1adido"},"content":{"rendered":"\t\t<div data-elementor-type=\"wp-page\" data-elementor-id=\"8071543\" class=\"elementor elementor-8071543 elementor-652278\" data-elementor-post-type=\"page\">\n\t\t\t\t<div class=\"elementor-element elementor-element-2cd2578a e-con-full e-flex e-con e-parent\" data-id=\"2cd2578a\" data-element_type=\"container\" data-e-type=\"container\" data-settings=\"{&quot;background_background&quot;:&quot;classic&quot;}\">\n\t\t<div class=\"elementor-element elementor-element-5238903d e-con-full e-flex e-con e-child\" data-id=\"5238903d\" data-element_type=\"container\" data-e-type=\"container\" data-settings=\"{&quot;background_background&quot;:&quot;classic&quot;}\">\n\t\t\t\t<div class=\"elementor-element elementor-element-1cc9e390 elementor-widget__width-initial animated-fast elementor-invisible elementor-widget elementor-widget-heading\" data-id=\"1cc9e390\" data-element_type=\"widget\" data-e-type=\"widget\" data-settings=\"{&quot;_animation&quot;:&quot;fadeInLeft&quot;}\" data-widget_type=\"heading.default\">\n\t\t\t\t\t<h1 class=\"elementor-heading-title elementor-size-default\">Valor a\u00f1adido<\/h1>\t\t\t\t<\/div>\n\t\t\t\t<div class=\"elementor-element elementor-element-45aa337e elementor-widget__width-initial elementor-invisible elementor-widget elementor-widget-text-editor\" data-id=\"45aa337e\" data-element_type=\"widget\" data-e-type=\"widget\" data-settings=\"{&quot;_animation&quot;:&quot;fadeInUp&quot;}\" data-widget_type=\"text-editor.default\">\n\t\t\t\t\t\t\t\t\tNuestros servicios de valor a\u00f1adido est\u00e1n dise\u00f1ados para que la entrega de su tecnolog\u00eda sea m\u00e1s fluida, r\u00e1pida y predecible. Esta p\u00e1gina le ofrece una visi\u00f3n general del trabajo de preparaci\u00f3n especializado que realizamos antes de que los productos lleguen a sus operaciones. Al encargarnos de la configuraci\u00f3n, las pruebas y la instalaci\u00f3n de antemano, ayudamos a garantizar que cada entrega se integre sin problemas en su entorno. El objetivo es simple: reducir la complejidad, acortar los plazos de entrega y proporcionarle hardware listo para usar desde el primer d\u00eda.   <br><br>Detr\u00e1s de cada servicio hay un equipo centrado en la precisi\u00f3n, la calidad y la coherencia. Ya sea que la tarea implique ensamblaje, preparaci\u00f3n de software o ajustes personalizados, trabajamos para crear una cadena de suministro m\u00e1s fiable y eficiente para nuestros clientes. Explore los servicios que se presentan a continuaci\u00f3n para ver c\u00f3mo podemos apoyar su flujo de trabajo.  \t\t\t\t\t\t\t\t<\/div>\n\t\t\t\t<\/div>\n\t\t<div class=\"elementor-element elementor-element-35ad3f0a e-con-full elementor-hidden-mobile e-flex e-con e-child\" data-id=\"35ad3f0a\" data-element_type=\"container\" data-e-type=\"container\">\n\t\t\t\t<\/div>\n\t\t\t\t<\/div>\n\t\t<div class=\"elementor-element elementor-element-45479ea4 e-con-full e-flex e-con e-parent\" data-id=\"45479ea4\" data-element_type=\"container\" data-e-type=\"container\" id=\"product_refinement\" data-settings=\"{&quot;background_background&quot;:&quot;gradient&quot;}\">\n\t\t<div class=\"elementor-element elementor-element-416b705d e-con-full e-flex e-con e-child\" data-id=\"416b705d\" data-element_type=\"container\" data-e-type=\"container\">\n\t\t\t\t<div class=\"elementor-element elementor-element-3a932b14 elementor-position-inline-start elementor-mobile-position-inline-start elementor-view-default elementor-widget elementor-widget-icon-box\" data-id=\"3a932b14\" data-element_type=\"widget\" data-e-type=\"widget\" data-widget_type=\"icon-box.default\">\n\t\t\t\t\t\t\t<div class=\"elementor-icon-box-wrapper\">\n\n\t\t\t\t\t\t<div class=\"elementor-icon-box-icon\">\n\t\t\t\t<span  class=\"elementor-icon\">\n\t\t\t\t<svg aria-hidden=\"true\" class=\"e-font-icon-svg e-fas-laptop\" viewBox=\"0 0 640 512\" xmlns=\"http:\/\/www.w3.org\/2000\/svg\"><path d=\"M624 416H381.54c-.74 19.81-14.71 32-32.74 32H288c-18.69 0-33.02-17.47-32.77-32H16c-8.8 0-16 7.2-16 16v16c0 35.2 28.8 64 64 64h512c35.2 0 64-28.8 64-64v-16c0-8.8-7.2-16-16-16zM576 48c0-26.4-21.6-48-48-48H112C85.6 0 64 21.6 64 48v336h512V48zm-64 272H128V64h384v256z\"><\/path><\/svg>\t\t\t\t<\/span>\n\t\t\t<\/div>\n\t\t\t\n\t\t\t\t\t\t<div class=\"elementor-icon-box-content\">\n\n\t\t\t\t\t\t\t\t\t<h2 class=\"elementor-icon-box-title\">\n\t\t\t\t\t\t<span  >\n\t\t\t\t\t\t\tIntegraci\u00f3n de ordenadores industriales\t\t\t\t\t\t<\/span>\n\t\t\t\t\t<\/h2>\n\t\t\t\t\n\t\t\t\t\t\t\t\t\t<p class=\"elementor-icon-box-description\">\n\t\t\t\t\t\tAlcance del trabajo:\n<ul>\n<li>Instalaci\u00f3n de m\u00f3dulos RAM, almacenamiento SSD, m\u00f3dulos WiFi\/4G\/LTE y tarjetas de expansi\u00f3n (PCI\/miniPCIe)<\/li>\n\n<li>Creaci\u00f3n de im\u00e1genes del sistema e implementaci\u00f3n del SO (Acronis, scripts de restauraci\u00f3n, medios de arranque USB)<\/li>\n\n<li>Configuraci\u00f3n de BIOS\/UEFI (ajustes Always-On, configuraci\u00f3n RAID, conversi\u00f3n RS232 a RS485, modo UEFI\/Legacy, etc.)<\/li>\n\n<li>Pruebas de rodaje seg\u00fan el ciclo de prueba definido<\/li>\n\n<li>Pruebas funcionales de acuerdo con las especificaciones del cliente<\/li>\n\n<li>Inspecci\u00f3n final, embalaje, etiquetado y documentaci\u00f3n<\/li>\n<\/ul>\t\t\t\t\t<\/p>\n\t\t\t\t\n\t\t\t<\/div>\n\t\t\t\n\t\t<\/div>\n\t\t\t\t\t\t<\/div>\n\t\t\t\t<\/div>\n\t\t<div class=\"elementor-element elementor-element-65973c45 e-con-full e-flex e-con e-child\" data-id=\"65973c45\" data-element_type=\"container\" data-e-type=\"container\">\n\t\t\t\t<div class=\"elementor-element elementor-element-39179472 elementor-position-inline-start elementor-mobile-position-inline-start elementor-view-default elementor-widget elementor-widget-icon-box\" data-id=\"39179472\" data-element_type=\"widget\" data-e-type=\"widget\" data-widget_type=\"icon-box.default\">\n\t\t\t\t\t\t\t<div class=\"elementor-icon-box-wrapper\">\n\n\t\t\t\t\t\t<div class=\"elementor-icon-box-icon\">\n\t\t\t\t<span  class=\"elementor-icon\">\n\t\t\t\t<svg aria-hidden=\"true\" class=\"e-font-icon-svg e-fas-network-wired\" viewBox=\"0 0 640 512\" xmlns=\"http:\/\/www.w3.org\/2000\/svg\"><path d=\"M640 264v-16c0-8.84-7.16-16-16-16H344v-40h72c17.67 0 32-14.33 32-32V32c0-17.67-14.33-32-32-32H224c-17.67 0-32 14.33-32 32v128c0 17.67 14.33 32 32 32h72v40H16c-8.84 0-16 7.16-16 16v16c0 8.84 7.16 16 16 16h104v40H64c-17.67 0-32 14.33-32 32v128c0 17.67 14.33 32 32 32h160c17.67 0 32-14.33 32-32V352c0-17.67-14.33-32-32-32h-56v-40h304v40h-56c-17.67 0-32 14.33-32 32v128c0 17.67 14.33 32 32 32h160c17.67 0 32-14.33 32-32V352c0-17.67-14.33-32-32-32h-56v-40h104c8.84 0 16-7.16 16-16zM256 128V64h128v64H256zm-64 320H96v-64h96v64zm352 0h-96v-64h96v64z\"><\/path><\/svg>\t\t\t\t<\/span>\n\t\t\t<\/div>\n\t\t\t\n\t\t\t\t\t\t<div class=\"elementor-icon-box-content\">\n\n\t\t\t\t\t\t\t\t\t<h2 class=\"elementor-icon-box-title\">\n\t\t\t\t\t\t<span  >\n\t\t\t\t\t\t\tDispositivos de red y comunicaci\u00f3n\t\t\t\t\t\t<\/span>\n\t\t\t\t\t<\/h2>\n\t\t\t\t\n\t\t\t\t\t\t\t\t\t<p class=\"elementor-icon-box-description\">\n\t\t\t\t\t\tAlcance del trabajo:\n<ul>\n<li>Instalaci\u00f3n de antenas y cableado asociado<\/li>\n\n<li>Actualizaci\u00f3n de firmware e importaci\u00f3n de archivos de configuraci\u00f3n espec\u00edficos del cliente<\/li>\n\n<li>Configuraci\u00f3n de direcciones IP<\/li>\n\n<li>Verificaci\u00f3n funcional mediante el software de configuraci\u00f3n Moxa<\/li>\n\n<li>Etiquetado de n\u00fameros de serie e identificaci\u00f3n espec\u00edfica del cliente<\/li><\/ul>\t\t\t\t\t<\/p>\n\t\t\t\t\n\t\t\t<\/div>\n\t\t\t\n\t\t<\/div>\n\t\t\t\t\t\t<\/div>\n\t\t\t\t<\/div>\n\t\t<div class=\"elementor-element elementor-element-29fa6c6d e-con-full e-flex e-con e-child\" data-id=\"29fa6c6d\" data-element_type=\"container\" data-e-type=\"container\">\n\t\t\t\t<div class=\"elementor-element elementor-element-12b9f2c9 elementor-position-inline-start elementor-mobile-position-inline-start elementor-view-default elementor-widget elementor-widget-icon-box\" data-id=\"12b9f2c9\" data-element_type=\"widget\" data-e-type=\"widget\" data-widget_type=\"icon-box.default\">\n\t\t\t\t\t\t\t<div class=\"elementor-icon-box-wrapper\">\n\n\t\t\t\t\t\t<div class=\"elementor-icon-box-icon\">\n\t\t\t\t<span  class=\"elementor-icon\">\n\t\t\t\t<svg aria-hidden=\"true\" class=\"e-font-icon-svg e-fas-microchip\" viewBox=\"0 0 512 512\" xmlns=\"http:\/\/www.w3.org\/2000\/svg\"><path d=\"M416 48v416c0 26.51-21.49 48-48 48H144c-26.51 0-48-21.49-48-48V48c0-26.51 21.49-48 48-48h224c26.51 0 48 21.49 48 48zm96 58v12a6 6 0 0 1-6 6h-18v6a6 6 0 0 1-6 6h-42V88h42a6 6 0 0 1 6 6v6h18a6 6 0 0 1 6 6zm0 96v12a6 6 0 0 1-6 6h-18v6a6 6 0 0 1-6 6h-42v-48h42a6 6 0 0 1 6 6v6h18a6 6 0 0 1 6 6zm0 96v12a6 6 0 0 1-6 6h-18v6a6 6 0 0 1-6 6h-42v-48h42a6 6 0 0 1 6 6v6h18a6 6 0 0 1 6 6zm0 96v12a6 6 0 0 1-6 6h-18v6a6 6 0 0 1-6 6h-42v-48h42a6 6 0 0 1 6 6v6h18a6 6 0 0 1 6 6zM30 376h42v48H30a6 6 0 0 1-6-6v-6H6a6 6 0 0 1-6-6v-12a6 6 0 0 1 6-6h18v-6a6 6 0 0 1 6-6zm0-96h42v48H30a6 6 0 0 1-6-6v-6H6a6 6 0 0 1-6-6v-12a6 6 0 0 1 6-6h18v-6a6 6 0 0 1 6-6zm0-96h42v48H30a6 6 0 0 1-6-6v-6H6a6 6 0 0 1-6-6v-12a6 6 0 0 1 6-6h18v-6a6 6 0 0 1 6-6zm0-96h42v48H30a6 6 0 0 1-6-6v-6H6a6 6 0 0 1-6-6v-12a6 6 0 0 1 6-6h18v-6a6 6 0 0 1 6-6z\"><\/path><\/svg>\t\t\t\t<\/span>\n\t\t\t<\/div>\n\t\t\t\n\t\t\t\t\t\t<div class=\"elementor-icon-box-content\">\n\n\t\t\t\t\t\t\t\t\t<h2 class=\"elementor-icon-box-title\">\n\t\t\t\t\t\t<span  >\n\t\t\t\t\t\t\tEnsamblaje y configuraci\u00f3n de sensores\t\t\t\t\t\t<\/span>\n\t\t\t\t\t<\/h2>\n\t\t\t\t\n\t\t\t\t\t\t\t\t\t<p class=\"elementor-icon-box-description\">\n\t\t\t\t\t\tAlcance del trabajo:\n<ul>\n<li>Programaci\u00f3n mediante herramientas de configuraci\u00f3n basadas en DOS<\/li>\n\n<li>Modificaci\u00f3n de direcciones IP<\/li>\n\n<li>Verificaci\u00f3n funcional<\/li>\n\n<li>Embalaje de kits de sensores<\/li>\n<\/ul>\t\t\t\t\t<\/p>\n\t\t\t\t\n\t\t\t<\/div>\n\t\t\t\n\t\t<\/div>\n\t\t\t\t\t\t<\/div>\n\t\t\t\t<\/div>\n\t\t\t\t<\/div>\n\t\t<div class=\"elementor-element elementor-element-6e2fb25c e-con-full e-flex e-con e-parent\" data-id=\"6e2fb25c\" data-element_type=\"container\" data-e-type=\"container\" data-settings=\"{&quot;background_background&quot;:&quot;gradient&quot;}\">\n\t\t<div class=\"elementor-element elementor-element-119319c7 e-con-full e-flex e-con e-child\" data-id=\"119319c7\" data-element_type=\"container\" data-e-type=\"container\">\n\t\t\t\t<div class=\"elementor-element elementor-element-27f49840 elementor-position-inline-start elementor-mobile-position-inline-start elementor-view-default elementor-widget elementor-widget-icon-box\" data-id=\"27f49840\" data-element_type=\"widget\" data-e-type=\"widget\" data-widget_type=\"icon-box.default\">\n\t\t\t\t\t\t\t<div class=\"elementor-icon-box-wrapper\">\n\n\t\t\t\t\t\t<div class=\"elementor-icon-box-icon\">\n\t\t\t\t<span  class=\"elementor-icon\">\n\t\t\t\t<svg aria-hidden=\"true\" class=\"e-font-icon-svg e-fas-boxes\" viewBox=\"0 0 576 512\" xmlns=\"http:\/\/www.w3.org\/2000\/svg\"><path d=\"M560 288h-80v96l-32-21.3-32 21.3v-96h-80c-8.8 0-16 7.2-16 16v192c0 8.8 7.2 16 16 16h224c8.8 0 16-7.2 16-16V304c0-8.8-7.2-16-16-16zm-384-64h224c8.8 0 16-7.2 16-16V16c0-8.8-7.2-16-16-16h-80v96l-32-21.3L256 96V0h-80c-8.8 0-16 7.2-16 16v192c0 8.8 7.2 16 16 16zm64 64h-80v96l-32-21.3L96 384v-96H16c-8.8 0-16 7.2-16 16v192c0 8.8 7.2 16 16 16h224c8.8 0 16-7.2 16-16V304c0-8.8-7.2-16-16-16z\"><\/path><\/svg>\t\t\t\t<\/span>\n\t\t\t<\/div>\n\t\t\t\n\t\t\t\t\t\t<div class=\"elementor-icon-box-content\">\n\n\t\t\t\t\t\t\t\t\t<h2 class=\"elementor-icon-box-title\">\n\t\t\t\t\t\t<span  >\n\t\t\t\t\t\t\tEnsamblaje de kits y embalaje de componentes\t\t\t\t\t\t<\/span>\n\t\t\t\t\t<\/h2>\n\t\t\t\t\n\t\t\t\t\t\t\t\t\t<p class=\"elementor-icon-box-description\">\n\t\t\t\t\t\tAlcance del trabajo:\n<ul><li>\nEnsamblaje de placas adaptadoras, kits de tornillos y cableado<\/li>\n<li>\nEmbalaje en bolsas con cierre zip incluyendo documentaci\u00f3n<\/li>\n<li>\nEtiquetado de productos y verificaci\u00f3n de n\u00fameros de pieza<\/li><\/ul>\t\t\t\t\t<\/p>\n\t\t\t\t\n\t\t\t<\/div>\n\t\t\t\n\t\t<\/div>\n\t\t\t\t\t\t<\/div>\n\t\t\t\t<\/div>\n\t\t<div class=\"elementor-element elementor-element-33960fea e-con-full e-flex e-con e-child\" data-id=\"33960fea\" data-element_type=\"container\" data-e-type=\"container\">\n\t\t\t\t<div class=\"elementor-element elementor-element-3f8a1773 elementor-position-inline-start elementor-mobile-position-inline-start elementor-view-default elementor-widget elementor-widget-icon-box\" data-id=\"3f8a1773\" data-element_type=\"widget\" data-e-type=\"widget\" data-widget_type=\"icon-box.default\">\n\t\t\t\t\t\t\t<div class=\"elementor-icon-box-wrapper\">\n\n\t\t\t\t\t\t<div class=\"elementor-icon-box-icon\">\n\t\t\t\t<span  class=\"elementor-icon\">\n\t\t\t\t<svg aria-hidden=\"true\" class=\"e-font-icon-svg e-fas-tag\" viewBox=\"0 0 512 512\" xmlns=\"http:\/\/www.w3.org\/2000\/svg\"><path d=\"M0 252.118V48C0 21.49 21.49 0 48 0h204.118a48 48 0 0 1 33.941 14.059l211.882 211.882c18.745 18.745 18.745 49.137 0 67.882L293.823 497.941c-18.745 18.745-49.137 18.745-67.882 0L14.059 286.059A48 48 0 0 1 0 252.118zM112 64c-26.51 0-48 21.49-48 48s21.49 48 48 48 48-21.49 48-48-21.49-48-48-48z\"><\/path><\/svg>\t\t\t\t<\/span>\n\t\t\t<\/div>\n\t\t\t\n\t\t\t\t\t\t<div class=\"elementor-icon-box-content\">\n\n\t\t\t\t\t\t\t\t\t<h2 class=\"elementor-icon-box-title\">\n\t\t\t\t\t\t<span  >\n\t\t\t\t\t\t\tEtiquetado y marca del cliente\t\t\t\t\t\t<\/span>\n\t\t\t\t\t<\/h2>\n\t\t\t\t\n\t\t\t\t\t\t\t\t\t<p class=\"elementor-icon-box-description\">\n\t\t\t\t\t\tAlcance del trabajo:\n<ul><li>\nColocaci\u00f3n de etiquetas de acuerdo con requisitos de posicionamiento a nivel milim\u00e9trico<\/li>\n\n<li>Gesti\u00f3n de n\u00fameros de serie y trazabilidad<\/li>\n\n<li>Verificaci\u00f3n de dise\u00f1o y maquetaci\u00f3n de acuerdo con los est\u00e1ndares del cliente<\/li>\n<\/ul>\t\t\t\t\t<\/p>\n\t\t\t\t\n\t\t\t<\/div>\n\t\t\t\n\t\t<\/div>\n\t\t\t\t\t\t<\/div>\n\t\t\t\t<\/div>\n\t\t<div class=\"elementor-element elementor-element-61b40ddf e-con-full e-flex e-con e-child\" data-id=\"61b40ddf\" data-element_type=\"container\" data-e-type=\"container\">\n\t\t\t\t<\/div>\n\t\t\t\t<\/div>\n\t\t<div class=\"elementor-element elementor-element-64a91b77 e-con-full e-flex e-con e-parent\" data-id=\"64a91b77\" data-element_type=\"container\" data-e-type=\"container\" data-settings=\"{&quot;background_background&quot;:&quot;classic&quot;}\">\n\t\t<div class=\"elementor-element elementor-element-2ce1ff8b e-con-full e-flex e-con e-child\" data-id=\"2ce1ff8b\" data-element_type=\"container\" data-e-type=\"container\">\n\t\t\t\t<\/div>\n\t\t<div class=\"elementor-element elementor-element-3c8bd2d9 e-con-full e-flex e-con e-child\" data-id=\"3c8bd2d9\" data-element_type=\"container\" data-e-type=\"container\">\n\t\t<div class=\"elementor-element elementor-element-3de5b0e8 e-con-full e-flex e-con e-child\" data-id=\"3de5b0e8\" data-element_type=\"container\" data-e-type=\"container\" data-settings=\"{&quot;background_background&quot;:&quot;classic&quot;}\">\n\t\t\t\t<div class=\"elementor-element elementor-element-14491e03 animated-fast elementor-invisible elementor-widget elementor-widget-heading\" data-id=\"14491e03\" data-element_type=\"widget\" data-e-type=\"widget\" data-settings=\"{&quot;_animation&quot;:&quot;fadeInLeft&quot;}\" data-widget_type=\"heading.default\">\n\t\t\t\t\t<h2 class=\"elementor-heading-title elementor-size-default\"><a href=\"#\">Maximice su eficiencia con la personalizaci\u00f3n de productos <\/a><\/h2>\t\t\t\t<\/div>\n\t\t\t\t<div class=\"elementor-element elementor-element-72c7b0d5 elementor-widget__width-initial elementor-invisible elementor-widget elementor-widget-text-editor\" data-id=\"72c7b0d5\" data-element_type=\"widget\" data-e-type=\"widget\" data-settings=\"{&quot;_animation&quot;:&quot;fadeInUp&quot;}\" data-widget_type=\"text-editor.default\">\n\t\t\t\t\t\t\t\t\tNos aseguramos de encontrar la soluci\u00f3n m\u00e1s \u00f3ptima para cada desaf\u00edo \u00fanico del cliente. Esto significa que estaremos encantados de ayudarle a personalizar o modificar nuestros productos seg\u00fan sus necesidades espec\u00edficas. O bien realizamos personalizaciones de productos antes de la entrega o, junto con nuestros socios, hacemos ajustes espec\u00edficos directamente en producci\u00f3n.  <br><br>Con nuestras soluciones personalizadas, puede mejorar de forma r\u00e1pida y sencilla tanto el rendimiento como la facilidad de uso de sus m\u00e1quinas y sistemas. Ya sea que se trate de personalizar la configuraci\u00f3n de BIOS para optimizar su PC o de entregar sensores listos para la instalaci\u00f3n directamente desde la caja. \n\t\t\t\t\t\t\t\t<\/div>\n\t\t<div class=\"elementor-element elementor-element-9641246 e-con-full animated-fast e-flex elementor-invisible e-con e-child\" data-id=\"9641246\" data-element_type=\"container\" data-e-type=\"container\" data-settings=\"{&quot;animation&quot;:&quot;fadeInUp&quot;}\">\n\t\t\t\t<div class=\"elementor-element elementor-element-5aeaa7c2 elementor-widget elementor-widget-button\" data-id=\"5aeaa7c2\" data-element_type=\"widget\" data-e-type=\"widget\" data-widget_type=\"button.default\">\n\t\t\t\t\t\t\t\t\t\t<a class=\"elementor-button elementor-button-link elementor-size-sm\" href=\"https:\/\/scn.mildmedia-dev.eu\/es\/contacto\/\">\n\t\t\t\t\t\t<span class=\"elementor-button-content-wrapper\">\n\t\t\t\t\t\t\t\t\t<span class=\"elementor-button-text\">Contacte con nosotros<\/span>\n\t\t\t\t\t<\/span>\n\t\t\t\t\t<\/a>\n\t\t\t\t\t\t\t\t<\/div>\n\t\t\t\t<div class=\"elementor-element elementor-element-60a45210 transparent_button elementor-widget elementor-widget-button\" data-id=\"60a45210\" data-element_type=\"widget\" data-e-type=\"widget\" data-widget_type=\"button.default\">\n\t\t\t\t\t\t\t\t\t\t<a class=\"elementor-button elementor-button-link elementor-size-sm\" href=\"\/contact\/technical-support\">\n\t\t\t\t\t\t<span class=\"elementor-button-content-wrapper\">\n\t\t\t\t\t\t\t\t\t<span class=\"elementor-button-text\">Soporte t\u00e9cnico<\/span>\n\t\t\t\t\t<\/span>\n\t\t\t\t\t<\/a>\n\t\t\t\t\t\t\t\t<\/div>\n\t\t\t\t<\/div>\n\t\t\t\t<\/div>\n\t\t\t\t<\/div>\n\t\t\t\t<\/div>\n\t\t\t\t<\/div>\n\t\t","protected":false},"excerpt":{"rendered":"<p>Valor a\u00f1adido Nuestros servicios de valor a\u00f1adido est\u00e1n dise\u00f1ados para que la entrega de su tecnolog\u00eda sea m\u00e1s fluida, r\u00e1pida y predecible. Esta p\u00e1gina le ofrece una visi\u00f3n general del trabajo de preparaci\u00f3n especializado que realizamos antes de que los productos lleguen a sus operaciones. Al encargarnos de la configuraci\u00f3n, las pruebas y la instalaci\u00f3n&#8230;<\/p>\n","protected":false},"author":5,"featured_media":8063786,"parent":0,"menu_order":0,"comment_status":"closed","ping_status":"closed","template":"","meta":{"_kad_post_transparent":"","_kad_post_title":"","_kad_post_layout":"","_kad_post_sidebar_id":"","_kad_post_content_style":"","_kad_post_vertical_padding":"","_kad_post_feature":"","_kad_post_feature_position":"","_kad_post_header":false,"_kad_post_footer":false,"_kad_post_classname":"","footnotes":""},"class_list":["post-8071543","page","type-page","status-publish","has-post-thumbnail","hentry"],"_links":{"self":[{"href":"https:\/\/scn.eu\/es\/wp-json\/wp\/v2\/pages\/8071543","targetHints":{"allow":["GET"]}}],"collection":[{"href":"https:\/\/scn.eu\/es\/wp-json\/wp\/v2\/pages"}],"about":[{"href":"https:\/\/scn.eu\/es\/wp-json\/wp\/v2\/types\/page"}],"author":[{"embeddable":true,"href":"https:\/\/scn.eu\/es\/wp-json\/wp\/v2\/users\/5"}],"replies":[{"embeddable":true,"href":"https:\/\/scn.eu\/es\/wp-json\/wp\/v2\/comments?post=8071543"}],"version-history":[{"count":1,"href":"https:\/\/scn.eu\/es\/wp-json\/wp\/v2\/pages\/8071543\/revisions"}],"predecessor-version":[{"id":8071546,"href":"https:\/\/scn.eu\/es\/wp-json\/wp\/v2\/pages\/8071543\/revisions\/8071546"}],"wp:featuredmedia":[{"embeddable":true,"href":"https:\/\/scn.eu\/es\/wp-json\/wp\/v2\/media\/8063786"}],"wp:attachment":[{"href":"https:\/\/scn.eu\/es\/wp-json\/wp\/v2\/media?parent=8071543"}],"curies":[{"name":"wp","href":"https:\/\/api.w.org\/{rel}","templated":true}]}}